{"id":46604,"date":"2024-11-02T12:57:49","date_gmt":"2024-11-02T12:57:49","guid":{"rendered":"https:\/\/everx.com\/product\/ge-optima-580-w-16-tranches-nex88\/"},"modified":"2024-11-02T12:57:49","modified_gmt":"2024-11-02T12:57:49","slug":"ge-optima-580-w-16-tranches-nex88","status":"publish","type":"product","link":"https:\/\/everx.com\/fr\/product\/ge-optima-580-w-16-tranches-nex88\/","title":{"rendered":"GE Optima 580 W 16 tranches &#8211; NEX88"},"content":{"rendered":"<p><span style=\"color: #cb2026;\"><strong>Ce syst\u00e8me est d\u00e9sormais vendu. Faites-nous savoir si vous recherchez un produit similaire. <\/strong><\/span><\/p>\n<p>CT GE Optima 580 W 16 coupes Fabriqu\u00e9 : 2011 Emplacement actuel : \u00c9tats-Unis (NEX88) Type de tube : Hercules Tube install\u00e9 : f\u00e9vrier 2020 mAs du tube : 23 millions de mAs Options : AutomA, Smart Prep, Helical Tile, 3000 Image Series, Data Export, CopyComposer, Direct-3D, WideView, Direct-MPR, Patient-16-Slice, Hi-Power, Slice0_625, Connect Pro, Smart Speed, VolumeViewer, AutoBone, NeuroFilter, EnhancedRecon<\/p>\n","protected":false},"excerpt":{"rendered":"<p>Ce syst\u00e8me est d\u00e9sormais vendu. Faites-nous savoir si vous recherchez un produit similaire. CT GE Optima 580 W 16 coupes Fabriqu\u00e9 : 2011 Emplacement actuel : \u00c9tats-Unis (NEX88) Type de tube : Hercules Tube install\u00e9 : f\u00e9vrier 2020 mAs du tube : 23 millions de mAs Options : AutomA, Smart Prep, Helical Tile, 3000 Image [&hellip;]<\/p>\n","protected":false},"featured_media":46605,"comment_status":"open","ping_status":"closed","template":"","meta":{"_acf_changed":false},"product_brand":[],"product_cat":[597],"product_tag":[603,592,593],"class_list":{"0":"post-46604","1":"product","2":"type-product","3":"status-publish","4":"has-post-thumbnail","6":"product_cat-ct-fr","7":"product_tag-usa-fr","8":"product_tag-sold-fr","9":"product_tag-ge-fr","10":"product_tag-sold","12":"first","13":"outofstock","14":"shipping-taxable","15":"purchasable","16":"product-type-simple"},"acf":[],"jetpack_sharing_enabled":true,"_links":{"self":[{"href":"https:\/\/everx.com\/fr\/wp-json\/wp\/v2\/product\/46604","targetHints":{"allow":["GET"]}}],"collection":[{"href":"https:\/\/everx.com\/fr\/wp-json\/wp\/v2\/product"}],"about":[{"href":"https:\/\/everx.com\/fr\/wp-json\/wp\/v2\/types\/product"}],"replies":[{"embeddable":true,"href":"https:\/\/everx.com\/fr\/wp-json\/wp\/v2\/comments?post=46604"}],"wp:featuredmedia":[{"embeddable":true,"href":"https:\/\/everx.com\/fr\/wp-json\/wp\/v2\/media\/46605"}],"wp:attachment":[{"href":"https:\/\/everx.com\/fr\/wp-json\/wp\/v2\/media?parent=46604"}],"wp:term":[{"taxonomy":"product_brand","embeddable":true,"href":"https:\/\/everx.com\/fr\/wp-json\/wp\/v2\/product_brand?post=46604"},{"taxonomy":"product_cat","embeddable":true,"href":"https:\/\/everx.com\/fr\/wp-json\/wp\/v2\/product_cat?post=46604"},{"taxonomy":"product_tag","embeddable":true,"href":"https:\/\/everx.com\/fr\/wp-json\/wp\/v2\/product_tag?post=46604"}],"curies":[{"name":"wp","href":"https:\/\/api.w.org\/{rel}","templated":true}]}}