{"id":46460,"date":"2024-11-02T12:57:41","date_gmt":"2024-11-02T12:57:41","guid":{"rendered":"https:\/\/everx.com\/product\/hitachi-airis-ii-nex96\/"},"modified":"2024-11-02T12:57:41","modified_gmt":"2024-11-02T12:57:41","slug":"hitachi-airis-ii-nex96","status":"publish","type":"product","link":"https:\/\/everx.com\/fr\/product\/hitachi-airis-ii-nex96\/","title":{"rendered":"Hitachi Airis II &#8211; NEX96"},"content":{"rendered":"<p><span style=\"color: #cb2026;\"><strong>Ce syst\u00e8me est maintenant vendu. Faites-nous savoir si vous recherchez un produit similaire. <\/strong><\/span><\/p>\n<p>Scanner IRM Hitachi Airis II d&rsquo;occasion Emplacement actuel : Japon (NEX96) Ce syst\u00e8me n&rsquo;a pas \u00e9t\u00e9 utilis\u00e9 au cours des deux derni\u00e8res ann\u00e9es, car l&rsquo;h\u00f4pital \u00e9tait ferm\u00e9. L&rsquo;\u00e9tat actuel de la machine est inconnu, mais c&rsquo;est un excellent syst\u00e8me pour les pi\u00e8ces de rechange. Ce syst\u00e8me est disponible imm\u00e9diatement. Contactez-nous pour plus de d\u00e9tails.<\/p>\n","protected":false},"excerpt":{"rendered":"<p>Ce syst\u00e8me est maintenant vendu. Faites-nous savoir si vous recherchez un produit similaire. Scanner IRM Hitachi Airis II d&rsquo;occasion Emplacement actuel : Japon (NEX96) Ce syst\u00e8me n&rsquo;a pas \u00e9t\u00e9 utilis\u00e9 au cours des deux derni\u00e8res ann\u00e9es, car l&rsquo;h\u00f4pital \u00e9tait ferm\u00e9. L&rsquo;\u00e9tat actuel de la machine est inconnu, mais c&rsquo;est un excellent syst\u00e8me pour les pi\u00e8ces [&hellip;]<\/p>\n","protected":false},"featured_media":46461,"comment_status":"open","ping_status":"closed","template":"","meta":{"_acf_changed":false},"product_brand":[],"product_cat":[585],"product_tag":[624,600,592],"class_list":{"0":"post-46460","1":"product","2":"type-product","3":"status-publish","4":"has-post-thumbnail","6":"product_cat-mri-fr","7":"product_tag-japan-fr","8":"product_tag-hitachi-fr","9":"product_tag-sold-fr","10":"product_tag-sold","12":"first","13":"outofstock","14":"shipping-taxable","15":"purchasable","16":"product-type-simple"},"acf":[],"jetpack_sharing_enabled":true,"_links":{"self":[{"href":"https:\/\/everx.com\/fr\/wp-json\/wp\/v2\/product\/46460","targetHints":{"allow":["GET"]}}],"collection":[{"href":"https:\/\/everx.com\/fr\/wp-json\/wp\/v2\/product"}],"about":[{"href":"https:\/\/everx.com\/fr\/wp-json\/wp\/v2\/types\/product"}],"replies":[{"embeddable":true,"href":"https:\/\/everx.com\/fr\/wp-json\/wp\/v2\/comments?post=46460"}],"wp:featuredmedia":[{"embeddable":true,"href":"https:\/\/everx.com\/fr\/wp-json\/wp\/v2\/media\/46461"}],"wp:attachment":[{"href":"https:\/\/everx.com\/fr\/wp-json\/wp\/v2\/media?parent=46460"}],"wp:term":[{"taxonomy":"product_brand","embeddable":true,"href":"https:\/\/everx.com\/fr\/wp-json\/wp\/v2\/product_brand?post=46460"},{"taxonomy":"product_cat","embeddable":true,"href":"https:\/\/everx.com\/fr\/wp-json\/wp\/v2\/product_cat?post=46460"},{"taxonomy":"product_tag","embeddable":true,"href":"https:\/\/everx.com\/fr\/wp-json\/wp\/v2\/product_tag?post=46460"}],"curies":[{"name":"wp","href":"https:\/\/api.w.org\/{rel}","templated":true}]}}