{"id":46307,"date":"2024-11-02T12:57:38","date_gmt":"2024-11-02T12:57:38","guid":{"rendered":"https:\/\/everx.com\/product\/toshiba-aquilion-16-tranches-ct-ex2667\/"},"modified":"2024-11-02T12:57:38","modified_gmt":"2024-11-02T12:57:38","slug":"toshiba-aquilion-16-tranches-ct-ex2667","status":"publish","type":"product","link":"https:\/\/everx.com\/fr\/product\/toshiba-aquilion-16-tranches-ct-ex2667\/","title":{"rendered":"Toshiba Aquilion 16 tranches CT &#8211; EX2667"},"content":{"rendered":"<p><span style=\"color: #cb2026;\"><strong>Ce produit est maintenant vendu. Faites-nous savoir si vous recherchez un produit similaire. <\/strong><\/span><\/p>\n<p>Toshiba Aquilion 16 coupes CT Scanner &#8211; Avec tube 2015 Fabriqu\u00e9 : Janvier 2010 Lieu : Australie (EX2667) Nombre d&rsquo;expositions actuel : 586 271 Dur\u00e9e de coupe : 326 448,7 s Dernier changement de tube : 02 octobre 2015 Type de tube : MCS-7078D Options install\u00e9es : ALATO_3DVIEWER, ALATO_DENTAL, ALATO_MULTISLICECT, ALATO_STANDARD, DCM_CDR, D_PRT_BW, D_PRT_COLOR, MPR_VESSEL, MULTIVIEW, PRINT_SCU, QDSCAN, STRG_SCU, TIFF, TSB_DVD, WINPRT<\/p>\n","protected":false},"excerpt":{"rendered":"<p>Ce produit est maintenant vendu. Faites-nous savoir si vous recherchez un produit similaire. Toshiba Aquilion 16 coupes CT Scanner &#8211; Avec tube 2015 Fabriqu\u00e9 : Janvier 2010 Lieu : Australie (EX2667) Nombre d&rsquo;expositions actuel : 586 271 Dur\u00e9e de coupe : 326 448,7 s Dernier changement de tube : 02 octobre 2015 Type de tube [&hellip;]<\/p>\n","protected":false},"featured_media":46308,"comment_status":"open","ping_status":"closed","template":"","meta":{"_acf_changed":false},"product_brand":[],"product_cat":[597],"product_tag":[605,592,589],"class_list":{"0":"post-46307","1":"product","2":"type-product","3":"status-publish","4":"has-post-thumbnail","6":"product_cat-ct-fr","7":"product_tag-toshiba-fr","8":"product_tag-sold-fr","9":"product_tag-australia-fr","10":"product_tag-sold","12":"first","13":"outofstock","14":"shipping-taxable","15":"purchasable","16":"product-type-simple"},"acf":[],"jetpack_sharing_enabled":true,"_links":{"self":[{"href":"https:\/\/everx.com\/fr\/wp-json\/wp\/v2\/product\/46307","targetHints":{"allow":["GET"]}}],"collection":[{"href":"https:\/\/everx.com\/fr\/wp-json\/wp\/v2\/product"}],"about":[{"href":"https:\/\/everx.com\/fr\/wp-json\/wp\/v2\/types\/product"}],"replies":[{"embeddable":true,"href":"https:\/\/everx.com\/fr\/wp-json\/wp\/v2\/comments?post=46307"}],"wp:featuredmedia":[{"embeddable":true,"href":"https:\/\/everx.com\/fr\/wp-json\/wp\/v2\/media\/46308"}],"wp:attachment":[{"href":"https:\/\/everx.com\/fr\/wp-json\/wp\/v2\/media?parent=46307"}],"wp:term":[{"taxonomy":"product_brand","embeddable":true,"href":"https:\/\/everx.com\/fr\/wp-json\/wp\/v2\/product_brand?post=46307"},{"taxonomy":"product_cat","embeddable":true,"href":"https:\/\/everx.com\/fr\/wp-json\/wp\/v2\/product_cat?post=46307"},{"taxonomy":"product_tag","embeddable":true,"href":"https:\/\/everx.com\/fr\/wp-json\/wp\/v2\/product_tag?post=46307"}],"curies":[{"name":"wp","href":"https:\/\/api.w.org\/{rel}","templated":true}]}}