{"id":46124,"date":"2024-11-02T12:57:35","date_gmt":"2024-11-02T12:57:35","guid":{"rendered":"https:\/\/everx.com\/product\/ge-optima-nm-ct-640-ex2711\/"},"modified":"2025-08-11T11:41:16","modified_gmt":"2025-08-11T11:41:16","slug":"ge-optima-nm-ct-640-ex2711","status":"publish","type":"product","link":"https:\/\/everx.com\/fr\/product\/ge-optima-nm-ct-640-ex2711\/","title":{"rendered":"GE Optima NM\/CT 640 &#8211; EX2711"},"content":{"rendered":"<p><span style=\"color: #cb2026;\">Ce syst\u00e8me est maintenant vendu. Veuillez nous contacter si vous recherchez quelque chose de similaire.  <\/span><\/p>\n<p>GE Optima NM\/CT 640<\/p>\n<p>Fabriqu\u00e9 : juillet 2015<\/p>\n<p>Localisation actuelle : Australie (EX2711)<\/p>\n<p>Type de tube \u00e0 rayons X : MX135<\/p>\n<p>Tube actuel Fabriqu\u00e9 : octobre 2021<\/p>\n<p>Tube remplac\u00e9 : novembre 2021<\/p>\n<p>Syst\u00e8me enti\u00e8rement fonctionnel<\/p>\n<p>Comprend la station de travail Xeleris 3<\/p>\n<p>Excellent \u00e9tat cosm\u00e9tique<\/p>\n","protected":false},"excerpt":{"rendered":"<p>Ce syst\u00e8me est maintenant vendu. Veuillez nous contacter si vous recherchez quelque chose de similaire. GE Optima NM\/CT 640 Fabriqu\u00e9 : juillet 2015 Localisation actuelle : Australie (EX2711) Type de tube \u00e0 rayons X : MX135 Tube actuel Fabriqu\u00e9 : octobre 2021 Tube remplac\u00e9 : novembre 2021 Syst\u00e8me enti\u00e8rement fonctionnel Comprend la station de travail [&hellip;]<\/p>\n","protected":false},"featured_media":46125,"comment_status":"open","ping_status":"closed","template":"","meta":{"_acf_changed":false},"product_brand":[],"product_cat":[588],"product_tag":[592,593,589],"class_list":{"0":"post-46124","1":"product","2":"type-product","3":"status-publish","4":"has-post-thumbnail","6":"product_cat-molecular-imaging-fr","7":"product_tag-sold-fr","8":"product_tag-ge-fr","9":"product_tag-australia-fr","10":"product_tag-sold","12":"first","13":"outofstock","14":"shipping-taxable","15":"purchasable","16":"product-type-simple"},"acf":[],"jetpack_sharing_enabled":true,"_links":{"self":[{"href":"https:\/\/everx.com\/fr\/wp-json\/wp\/v2\/product\/46124","targetHints":{"allow":["GET"]}}],"collection":[{"href":"https:\/\/everx.com\/fr\/wp-json\/wp\/v2\/product"}],"about":[{"href":"https:\/\/everx.com\/fr\/wp-json\/wp\/v2\/types\/product"}],"replies":[{"embeddable":true,"href":"https:\/\/everx.com\/fr\/wp-json\/wp\/v2\/comments?post=46124"}],"wp:featuredmedia":[{"embeddable":true,"href":"https:\/\/everx.com\/fr\/wp-json\/wp\/v2\/media\/46125"}],"wp:attachment":[{"href":"https:\/\/everx.com\/fr\/wp-json\/wp\/v2\/media?parent=46124"}],"wp:term":[{"taxonomy":"product_brand","embeddable":true,"href":"https:\/\/everx.com\/fr\/wp-json\/wp\/v2\/product_brand?post=46124"},{"taxonomy":"product_cat","embeddable":true,"href":"https:\/\/everx.com\/fr\/wp-json\/wp\/v2\/product_cat?post=46124"},{"taxonomy":"product_tag","embeddable":true,"href":"https:\/\/everx.com\/fr\/wp-json\/wp\/v2\/product_tag?post=46124"}],"curies":[{"name":"wp","href":"https:\/\/api.w.org\/{rel}","templated":true}]}}