{"id":46077,"date":"2024-11-02T12:57:34","date_gmt":"2024-11-02T12:57:34","guid":{"rendered":"https:\/\/everx.com\/product\/siemens-artis-dba-ex2786\/"},"modified":"2025-08-08T10:50:44","modified_gmt":"2025-08-08T10:50:44","slug":"siemens-artis-dba-ex2786","status":"publish","type":"product","link":"https:\/\/everx.com\/fr\/product\/siemens-artis-dba-ex2786\/","title":{"rendered":"Siemens Artis dBA &#8211; EX2786"},"content":{"rendered":"<p><span style=\"color: #cb2026;\">Ce syst\u00e8me est maintenant vendu. Veuillez nous contacter si vous recherchez quelque chose de similaire.  <\/span><\/p>\n<p>Siemens Artis dBA d&rsquo;occasion<\/p>\n<p>Fabriqu\u00e9 : 2007<\/p>\n<p>Localisation actuelle : Australie (EX2786)<\/p>\n<p>Tube 1 remplac\u00e9 : 2018<\/p>\n<p>Tube 2 remplac\u00e9 : 2017<\/p>\n<p>D\u00e9tecteur d&rsquo;origine<\/p>\n<p>Un d\u00e9tecteur de 20 cm, un autre de 30 cm<\/p>\n<p>Options :<br \/>\nARCHIVE CDR, ZOOM NUM\u00c9RIQUE, FLUORO LOOF, DR, OBTENIR LISTE DE TRAVAIL, STOCKAGE EXTERNE 1, STOCKAGE EXTERNE 2, SOUS-ACQUISITION CARTE, CARTE P\u00c9DIATRIQUE, ACQUISITION HAUTE VITESSE, PAS \u00c0 PAS DR, IMPRESSION DICOM, SOINS DPF, STOCKAGE EXTERNE 3, PFM, BIPLANE LVA, ENREGISTREMENT ECG, FLUORO GATED ECG, PLEINE R\u00c9SOLUTION, QUANT QCA, LVA, DYNAMAP, PROC. PAR PAT, AUTOMAP, PROFIL SOINS, POSITION SOINS, GRAPHIQUE SOINS, CATHCOR IF, NEWCOR IF, ULTRASOUND_IF, STOCKAGE DICOM, REQU\u00caTE DICOM_TETR, DYNAVISION, DYNAREF, PERIVISION, ACQUISITION CARTE, ACQUISITION DSA, QUANT_QVA, IMPRIMANTE PAPIER FILM, FILM_VFS S\u00c9CURIT\u00c9_CONFIDENTIALIT\u00c9, DR_DYNA, SYNGO_LICENCE_G\u00c9N\u00c9RALE<\/p>\n<p>Poste de travail \u2013 Syngo X WorkSpace<\/p>\n<p>Injecteur et syst\u00e8me h\u00e9mo NON inclus<\/p>\n","protected":false},"excerpt":{"rendered":"<p>Ce syst\u00e8me est maintenant vendu. Veuillez nous contacter si vous recherchez quelque chose de similaire. Siemens Artis dBA d&rsquo;occasion Fabriqu\u00e9 : 2007 Localisation actuelle : Australie (EX2786) Tube 1 remplac\u00e9 : 2018 Tube 2 remplac\u00e9 : 2017 D\u00e9tecteur d&rsquo;origine Un d\u00e9tecteur de 20 cm, un autre de 30 cm Options : ARCHIVE CDR, ZOOM NUM\u00c9RIQUE, [&hellip;]<\/p>\n","protected":false},"featured_media":46078,"comment_status":"open","ping_status":"closed","template":"","meta":{"_acf_changed":false},"product_brand":[],"product_cat":[602],"product_tag":[592,589,586],"class_list":{"0":"post-46077","1":"product","2":"type-product","3":"status-publish","4":"has-post-thumbnail","6":"product_cat-cath-angio-lab-fr","7":"product_tag-sold-fr","8":"product_tag-australia-fr","9":"product_tag-siemens-fr","10":"pa_sku-ex2786-fr","11":"product_tag-sold","13":"first","14":"outofstock","15":"shipping-taxable","16":"purchasable","17":"product-type-simple"},"acf":[],"jetpack_sharing_enabled":true,"_links":{"self":[{"href":"https:\/\/everx.com\/fr\/wp-json\/wp\/v2\/product\/46077","targetHints":{"allow":["GET"]}}],"collection":[{"href":"https:\/\/everx.com\/fr\/wp-json\/wp\/v2\/product"}],"about":[{"href":"https:\/\/everx.com\/fr\/wp-json\/wp\/v2\/types\/product"}],"replies":[{"embeddable":true,"href":"https:\/\/everx.com\/fr\/wp-json\/wp\/v2\/comments?post=46077"}],"wp:featuredmedia":[{"embeddable":true,"href":"https:\/\/everx.com\/fr\/wp-json\/wp\/v2\/media\/46078"}],"wp:attachment":[{"href":"https:\/\/everx.com\/fr\/wp-json\/wp\/v2\/media?parent=46077"}],"wp:term":[{"taxonomy":"product_brand","embeddable":true,"href":"https:\/\/everx.com\/fr\/wp-json\/wp\/v2\/product_brand?post=46077"},{"taxonomy":"product_cat","embeddable":true,"href":"https:\/\/everx.com\/fr\/wp-json\/wp\/v2\/product_cat?post=46077"},{"taxonomy":"product_tag","embeddable":true,"href":"https:\/\/everx.com\/fr\/wp-json\/wp\/v2\/product_tag?post=46077"}],"curies":[{"name":"wp","href":"https:\/\/api.w.org\/{rel}","templated":true}]}}