{"id":46062,"date":"2024-11-02T12:57:35","date_gmt":"2024-11-02T12:57:35","guid":{"rendered":"https:\/\/everx.com\/product\/hitachi-vento-0-3t-exj01\/"},"modified":"2025-08-11T11:30:30","modified_gmt":"2025-08-11T11:30:30","slug":"hitachi-vento-0-3t-exj01","status":"publish","type":"product","link":"https:\/\/everx.com\/fr\/product\/hitachi-vento-0-3t-exj01\/","title":{"rendered":"Hitachi Vento 0.3T &#8211; EXJ01"},"content":{"rendered":"<p><strong><span style=\"color: #cb2026;\">Ce syst\u00e8me est maintenant vendu. Faites-nous savoir si vous \u00eates \u00e0 la recherche d&rsquo;un produit similaire. <\/span><\/strong><\/p>\n<p>Scanner IRM Hitachi Vento 0,3T d&rsquo;occasion<\/p>\n<p>Toujours install\u00e9 et fonctionnel<\/p>\n<p>Ann\u00e9e de fabrication 2012 \/ 2013<\/p>\n<p>Localisation actuelle : Japon (EXJ01)<\/p>\n<p>Bobines &#8211; 6 bobines<br \/>\nBobine t\u00eate<br \/>\nBobine genou<br \/>\nBobine articulation cou (moyenne)<br \/>\nBobine articulation petite<br \/>\nCorps flexible moyen<br \/>\nCorps flexible grand<\/p>\n","protected":false},"excerpt":{"rendered":"<p>Ce syst\u00e8me est maintenant vendu. Faites-nous savoir si vous \u00eates \u00e0 la recherche d&rsquo;un produit similaire. Scanner IRM Hitachi Vento 0,3T d&rsquo;occasion Toujours install\u00e9 et fonctionnel Ann\u00e9e de fabrication 2012 \/ 2013 Localisation actuelle : Japon (EXJ01) Bobines &#8211; 6 bobines Bobine t\u00eate Bobine genou Bobine articulation cou (moyenne) Bobine articulation petite Corps flexible moyen [&hellip;]<\/p>\n","protected":false},"featured_media":46063,"comment_status":"open","ping_status":"closed","template":"","meta":{"_acf_changed":false},"product_brand":[],"product_cat":[588],"product_tag":[624,600,592],"class_list":{"0":"post-46062","1":"product","2":"type-product","3":"status-publish","4":"has-post-thumbnail","6":"product_cat-molecular-imaging-fr","7":"product_tag-japan-fr","8":"product_tag-hitachi-fr","9":"product_tag-sold-fr","10":"product_tag-sold","12":"first","13":"outofstock","14":"shipping-taxable","15":"purchasable","16":"product-type-simple"},"acf":[],"jetpack_sharing_enabled":true,"_links":{"self":[{"href":"https:\/\/everx.com\/fr\/wp-json\/wp\/v2\/product\/46062","targetHints":{"allow":["GET"]}}],"collection":[{"href":"https:\/\/everx.com\/fr\/wp-json\/wp\/v2\/product"}],"about":[{"href":"https:\/\/everx.com\/fr\/wp-json\/wp\/v2\/types\/product"}],"replies":[{"embeddable":true,"href":"https:\/\/everx.com\/fr\/wp-json\/wp\/v2\/comments?post=46062"}],"wp:featuredmedia":[{"embeddable":true,"href":"https:\/\/everx.com\/fr\/wp-json\/wp\/v2\/media\/46063"}],"wp:attachment":[{"href":"https:\/\/everx.com\/fr\/wp-json\/wp\/v2\/media?parent=46062"}],"wp:term":[{"taxonomy":"product_brand","embeddable":true,"href":"https:\/\/everx.com\/fr\/wp-json\/wp\/v2\/product_brand?post=46062"},{"taxonomy":"product_cat","embeddable":true,"href":"https:\/\/everx.com\/fr\/wp-json\/wp\/v2\/product_cat?post=46062"},{"taxonomy":"product_tag","embeddable":true,"href":"https:\/\/everx.com\/fr\/wp-json\/wp\/v2\/product_tag?post=46062"}],"curies":[{"name":"wp","href":"https:\/\/api.w.org\/{rel}","templated":true}]}}