{"id":46046,"date":"2024-11-02T12:58:08","date_gmt":"2024-11-02T12:58:08","guid":{"rendered":"https:\/\/everx.com\/product\/systeme-cardiaque-a-plan-unique-artis-zee-ex2055\/"},"modified":"2025-08-08T11:45:00","modified_gmt":"2025-08-08T11:45:00","slug":"systeme-cardiaque-a-plan-unique-artis-zee-ex2055","status":"publish","type":"product","link":"https:\/\/everx.com\/fr\/product\/systeme-cardiaque-a-plan-unique-artis-zee-ex2055\/","title":{"rendered":"Syst\u00e8me cardiaque \u00e0 plan unique Artis ZEE &#8211; EX2055"},"content":{"rendered":"<p><strong><span style=\"color: #cb2026;\">Ce syst\u00e8me est maintenant vendu. Faites-nous savoir si vous recherchez un produit similaire. <\/span><\/strong><\/p>\n<p>Syst\u00e8me cardiaque monoplace Siemens Artis ZEE<\/p>\n<p>Fabriqu\u00e9 : 2013<\/p>\n<p>Localisation actuelle : Australie (EX2055)<\/p>\n<p>Tube fabriqu\u00e9 : 2018<\/p>\n<p>Le syst\u00e8me est d\u00e9sinstall\u00e9 et peut \u00eatre rendu disponible imm\u00e9diatement<\/p>\n","protected":false},"excerpt":{"rendered":"<p>Ce syst\u00e8me est maintenant vendu. Faites-nous savoir si vous recherchez un produit similaire. Syst\u00e8me cardiaque monoplace Siemens Artis ZEE Fabriqu\u00e9 : 2013 Localisation actuelle : Australie (EX2055) Tube fabriqu\u00e9 : 2018 Le syst\u00e8me est d\u00e9sinstall\u00e9 et peut \u00eatre rendu disponible imm\u00e9diatement<\/p>\n","protected":false},"featured_media":46054,"comment_status":"open","ping_status":"closed","template":"","meta":{"_acf_changed":false},"product_brand":[],"product_cat":[602],"product_tag":[592,589,586],"class_list":{"0":"post-46046","1":"product","2":"type-product","3":"status-publish","4":"has-post-thumbnail","6":"product_cat-cath-angio-lab-fr","7":"product_tag-sold-fr","8":"product_tag-australia-fr","9":"product_tag-siemens-fr","10":"pa_sku-ex2055-fr","11":"product_tag-sold","13":"first","14":"outofstock","15":"shipping-taxable","16":"purchasable","17":"product-type-simple"},"acf":[],"jetpack_sharing_enabled":true,"_links":{"self":[{"href":"https:\/\/everx.com\/fr\/wp-json\/wp\/v2\/product\/46046","targetHints":{"allow":["GET"]}}],"collection":[{"href":"https:\/\/everx.com\/fr\/wp-json\/wp\/v2\/product"}],"about":[{"href":"https:\/\/everx.com\/fr\/wp-json\/wp\/v2\/types\/product"}],"replies":[{"embeddable":true,"href":"https:\/\/everx.com\/fr\/wp-json\/wp\/v2\/comments?post=46046"}],"wp:featuredmedia":[{"embeddable":true,"href":"https:\/\/everx.com\/fr\/wp-json\/wp\/v2\/media\/46054"}],"wp:attachment":[{"href":"https:\/\/everx.com\/fr\/wp-json\/wp\/v2\/media?parent=46046"}],"wp:term":[{"taxonomy":"product_brand","embeddable":true,"href":"https:\/\/everx.com\/fr\/wp-json\/wp\/v2\/product_brand?post=46046"},{"taxonomy":"product_cat","embeddable":true,"href":"https:\/\/everx.com\/fr\/wp-json\/wp\/v2\/product_cat?post=46046"},{"taxonomy":"product_tag","embeddable":true,"href":"https:\/\/everx.com\/fr\/wp-json\/wp\/v2\/product_tag?post=46046"}],"curies":[{"name":"wp","href":"https:\/\/api.w.org\/{rel}","templated":true}]}}