{"id":46002,"date":"2024-11-02T12:58:14","date_gmt":"2024-11-02T12:58:14","guid":{"rendered":"https:\/\/everx.com\/product\/philips-sectra-l30-microdose-digital-ex1875\/"},"modified":"2024-11-02T12:58:14","modified_gmt":"2024-11-02T12:58:14","slug":"philips-sectra-l30-microdose-digital-ex1875","status":"publish","type":"product","link":"https:\/\/everx.com\/fr\/product\/philips-sectra-l30-microdose-digital-ex1875\/","title":{"rendered":"Philips Sectra L30 MicroDose Digital &#8211; EX1875"},"content":{"rendered":"<p><strong><span style=\"color: #cb2026;\">Ce syst\u00e8me est maintenant vendu. Faites-nous savoir si vous \u00eates \u00e0 la recherche d&rsquo;un produit similaire. <\/span><\/strong><\/p>\n<p>Mammographie num\u00e9rique Philips Sectra L30 MicroDose d&rsquo;occasion Fabriqu\u00e9 : D\u00e9cembre 2011 Localisation actuelle : Australie (EX1875 ) Tube Fabriqu\u00e9 : D\u00e9cembre 2018 Excellent \u00e9tat<\/p>\n","protected":false},"excerpt":{"rendered":"<p>Ce syst\u00e8me est maintenant vendu. Faites-nous savoir si vous \u00eates \u00e0 la recherche d&rsquo;un produit similaire. Mammographie num\u00e9rique Philips Sectra L30 MicroDose d&rsquo;occasion Fabriqu\u00e9 : D\u00e9cembre 2011 Localisation actuelle : Australie (EX1875 ) Tube Fabriqu\u00e9 : D\u00e9cembre 2018 Excellent \u00e9tat<\/p>\n","protected":false},"featured_media":46003,"comment_status":"open","ping_status":"closed","template":"","meta":{"_acf_changed":false},"product_brand":[],"product_cat":[606],"product_tag":[598,592,589],"class_list":{"0":"post-46002","1":"product","2":"type-product","3":"status-publish","4":"has-post-thumbnail","6":"product_cat-mammography-fr","7":"product_tag-philips-fr","8":"product_tag-sold-fr","9":"product_tag-australia-fr","10":"product_tag-sold","12":"first","13":"outofstock","14":"shipping-taxable","15":"purchasable","16":"product-type-simple"},"acf":[],"jetpack_sharing_enabled":true,"_links":{"self":[{"href":"https:\/\/everx.com\/fr\/wp-json\/wp\/v2\/product\/46002","targetHints":{"allow":["GET"]}}],"collection":[{"href":"https:\/\/everx.com\/fr\/wp-json\/wp\/v2\/product"}],"about":[{"href":"https:\/\/everx.com\/fr\/wp-json\/wp\/v2\/types\/product"}],"replies":[{"embeddable":true,"href":"https:\/\/everx.com\/fr\/wp-json\/wp\/v2\/comments?post=46002"}],"wp:featuredmedia":[{"embeddable":true,"href":"https:\/\/everx.com\/fr\/wp-json\/wp\/v2\/media\/46003"}],"wp:attachment":[{"href":"https:\/\/everx.com\/fr\/wp-json\/wp\/v2\/media?parent=46002"}],"wp:term":[{"taxonomy":"product_brand","embeddable":true,"href":"https:\/\/everx.com\/fr\/wp-json\/wp\/v2\/product_brand?post=46002"},{"taxonomy":"product_cat","embeddable":true,"href":"https:\/\/everx.com\/fr\/wp-json\/wp\/v2\/product_cat?post=46002"},{"taxonomy":"product_tag","embeddable":true,"href":"https:\/\/everx.com\/fr\/wp-json\/wp\/v2\/product_tag?post=46002"}],"curies":[{"name":"wp","href":"https:\/\/api.w.org\/{rel}","templated":true}]}}