{"id":45948,"date":"2024-11-02T12:58:09","date_gmt":"2024-11-02T12:58:09","guid":{"rendered":"https:\/\/everx.com\/product\/ge-optima-660-128-tranches-nex6\/"},"modified":"2024-11-02T12:58:09","modified_gmt":"2024-11-02T12:58:09","slug":"ge-optima-660-128-tranches-nex6","status":"publish","type":"product","link":"https:\/\/everx.com\/fr\/product\/ge-optima-660-128-tranches-nex6\/","title":{"rendered":"GE Optima 660 128 tranches &#8211; NEX6"},"content":{"rendered":"<p><strong><span style=\"color: #cb2026;\">Ce syst\u00e8me est maintenant vendu. Faites-nous savoir si vous \u00eates \u00e0 la recherche d&rsquo;un produit similaire. <\/span><\/strong><\/p>\n<p>GE Optima 660 128 Slice CT Scanner Manufactured : 2013 Current location : Japon (NEX6) Type de tube : Performix_II Tube install\u00e9 : Dec 2019 Tube mAs : 8 Million mAs Tr\u00e8s peu utilis\u00e9 Options de tube : Patient-64 coupes, Direct-MPR, Data Export, Smart Prep, AutomA, 3000 Image Series, CopyComposer, Smart Speed, NeuroFilter, Dynamic Z-axis Tracking, 100kVA, Helical-120-Sec, Dynamic Transition, Organ Dose Modulation, VolumeViewer, XtDisplay-oneStepScanning, Image Check, Ultra Kernel, AutoBone_Xpress, Overlapped Recon &#8211; Axial, HelicalShuttle, Enhanced Xtream Injector, Connect Pro.<\/p>\n","protected":false},"excerpt":{"rendered":"<p>Ce syst\u00e8me est maintenant vendu. Faites-nous savoir si vous \u00eates \u00e0 la recherche d&rsquo;un produit similaire. GE Optima 660 128 Slice CT Scanner Manufactured : 2013 Current location : Japon (NEX6) Type de tube : Performix_II Tube install\u00e9 : Dec 2019 Tube mAs : 8 Million mAs Tr\u00e8s peu utilis\u00e9 Options de tube : Patient-64 [&hellip;]<\/p>\n","protected":false},"featured_media":45949,"comment_status":"open","ping_status":"closed","template":"","meta":{"_acf_changed":false},"product_brand":[],"product_cat":[597],"product_tag":[624,592,593],"class_list":{"0":"post-45948","1":"product","2":"type-product","3":"status-publish","4":"has-post-thumbnail","6":"product_cat-ct-fr","7":"product_tag-japan-fr","8":"product_tag-sold-fr","9":"product_tag-ge-fr","10":"product_tag-sold","12":"first","13":"outofstock","14":"shipping-taxable","15":"purchasable","16":"product-type-simple"},"acf":[],"jetpack_sharing_enabled":true,"_links":{"self":[{"href":"https:\/\/everx.com\/fr\/wp-json\/wp\/v2\/product\/45948","targetHints":{"allow":["GET"]}}],"collection":[{"href":"https:\/\/everx.com\/fr\/wp-json\/wp\/v2\/product"}],"about":[{"href":"https:\/\/everx.com\/fr\/wp-json\/wp\/v2\/types\/product"}],"replies":[{"embeddable":true,"href":"https:\/\/everx.com\/fr\/wp-json\/wp\/v2\/comments?post=45948"}],"wp:featuredmedia":[{"embeddable":true,"href":"https:\/\/everx.com\/fr\/wp-json\/wp\/v2\/media\/45949"}],"wp:attachment":[{"href":"https:\/\/everx.com\/fr\/wp-json\/wp\/v2\/media?parent=45948"}],"wp:term":[{"taxonomy":"product_brand","embeddable":true,"href":"https:\/\/everx.com\/fr\/wp-json\/wp\/v2\/product_brand?post=45948"},{"taxonomy":"product_cat","embeddable":true,"href":"https:\/\/everx.com\/fr\/wp-json\/wp\/v2\/product_cat?post=45948"},{"taxonomy":"product_tag","embeddable":true,"href":"https:\/\/everx.com\/fr\/wp-json\/wp\/v2\/product_tag?post=45948"}],"curies":[{"name":"wp","href":"https:\/\/api.w.org\/{rel}","templated":true}]}}