{"id":45878,"date":"2024-11-02T12:58:09","date_gmt":"2024-11-02T12:58:09","guid":{"rendered":"https:\/\/everx.com\/product\/ge-seno-essential-digital-ex2099\/"},"modified":"2025-01-21T05:12:03","modified_gmt":"2025-01-21T05:12:03","slug":"ge-seno-essential-digital-ex2099","status":"publish","type":"product","link":"https:\/\/everx.com\/fr\/product\/ge-seno-essential-digital-ex2099\/","title":{"rendered":"GE Seno Essential Digital &#8211; EX2099"},"content":{"rendered":"<p><strong><span style=\"color: #cb2026;\">Ce syst\u00e8me est maintenant vendu. Faites-nous savoir si vous \u00eates \u00e0 la recherche d&rsquo;un produit similaire. <\/span><\/strong><\/p>\n<p>Syst\u00e8me de mammographie num\u00e9rique GE Seno Essential d&rsquo;occasion &#8211; Excellent \u00e9tat Fabriqu\u00e9 : Juillet 2013 Lieu : Australie (EX2099)<\/p>\n","protected":false},"excerpt":{"rendered":"<p>Ce syst\u00e8me est maintenant vendu. Faites-nous savoir si vous \u00eates \u00e0 la recherche d&rsquo;un produit similaire. Syst\u00e8me de mammographie num\u00e9rique GE Seno Essential d&rsquo;occasion &#8211; Excellent \u00e9tat Fabriqu\u00e9 : Juillet 2013 Lieu : Australie (EX2099)<\/p>\n","protected":false},"featured_media":45891,"comment_status":"open","ping_status":"closed","template":"","meta":{"_acf_changed":false},"product_brand":[],"product_cat":[606],"product_tag":[592,593,589],"class_list":{"0":"post-45878","1":"product","2":"type-product","3":"status-publish","4":"has-post-thumbnail","6":"product_cat-mammography-fr","7":"product_tag-sold-fr","8":"product_tag-ge-fr","9":"product_tag-australia-fr","10":"product_tag-sold","12":"first","13":"outofstock","14":"shipping-taxable","15":"purchasable","16":"product-type-simple"},"acf":[],"jetpack_sharing_enabled":true,"_links":{"self":[{"href":"https:\/\/everx.com\/fr\/wp-json\/wp\/v2\/product\/45878","targetHints":{"allow":["GET"]}}],"collection":[{"href":"https:\/\/everx.com\/fr\/wp-json\/wp\/v2\/product"}],"about":[{"href":"https:\/\/everx.com\/fr\/wp-json\/wp\/v2\/types\/product"}],"replies":[{"embeddable":true,"href":"https:\/\/everx.com\/fr\/wp-json\/wp\/v2\/comments?post=45878"}],"wp:featuredmedia":[{"embeddable":true,"href":"https:\/\/everx.com\/fr\/wp-json\/wp\/v2\/media\/45891"}],"wp:attachment":[{"href":"https:\/\/everx.com\/fr\/wp-json\/wp\/v2\/media?parent=45878"}],"wp:term":[{"taxonomy":"product_brand","embeddable":true,"href":"https:\/\/everx.com\/fr\/wp-json\/wp\/v2\/product_brand?post=45878"},{"taxonomy":"product_cat","embeddable":true,"href":"https:\/\/everx.com\/fr\/wp-json\/wp\/v2\/product_cat?post=45878"},{"taxonomy":"product_tag","embeddable":true,"href":"https:\/\/everx.com\/fr\/wp-json\/wp\/v2\/product_tag?post=45878"}],"curies":[{"name":"wp","href":"https:\/\/api.w.org\/{rel}","templated":true}]}}