{"id":45874,"date":"2024-11-02T12:58:11","date_gmt":"2024-11-02T12:58:11","guid":{"rendered":"https:\/\/everx.com\/product\/ge-vct-64-tranches-exu12404571\/"},"modified":"2025-01-21T05:12:09","modified_gmt":"2025-01-21T05:12:09","slug":"ge-vct-64-tranches-exu12404571","status":"publish","type":"product","link":"https:\/\/everx.com\/fr\/product\/ge-vct-64-tranches-exu12404571\/","title":{"rendered":"GE VCT 64 tranches &#8211; EXU12404571"},"content":{"rendered":"<p><strong><span style=\"color: #cb2026;\">Ce syst\u00e8me est maintenant vendu. Faites-nous savoir si vous \u00eates \u00e0 la recherche d&rsquo;un produit similaire. <\/span><\/strong><\/p>\n<p>GE VCT 64 Slice CT Scanner Manufactured : 2006 Curren location : USA (EXU12404571) Tube Type : Tube Hercules Date d&rsquo;installation : Jan 2018 Tube mAs : 43 Million mAs, Options : VCT-85KW-Power, CopyComposer, DataExport, Direct-MPR, Connect Pro, Exam Split, 3000 Image series, AutomA, Smart Prep, Patient-64-slice, NeuroFilter, Dynamic Z-axis, Tracking, AutoFilter-and-Transfer, HelicalShuttle, ASIR, CardIQSnapShot-Cine, VolumeViewer, VCT-Hi-Power, SmartPrep, SmartScore-Pro, CardIQ SnapShot, EKG Viewer<\/p>\n","protected":false},"excerpt":{"rendered":"<p>Ce syst\u00e8me est maintenant vendu. Faites-nous savoir si vous \u00eates \u00e0 la recherche d&rsquo;un produit similaire. GE VCT 64 Slice CT Scanner Manufactured : 2006 Curren location : USA (EXU12404571) Tube Type : Tube Hercules Date d&rsquo;installation : Jan 2018 Tube mAs : 43 Million mAs, Options : VCT-85KW-Power, CopyComposer, DataExport, Direct-MPR, Connect Pro, Exam [&hellip;]<\/p>\n","protected":false},"featured_media":45877,"comment_status":"open","ping_status":"closed","template":"","meta":{"_acf_changed":false},"product_brand":[],"product_cat":[597],"product_tag":[603,592,593],"class_list":{"0":"post-45874","1":"product","2":"type-product","3":"status-publish","4":"has-post-thumbnail","6":"product_cat-ct-fr","7":"product_tag-usa-fr","8":"product_tag-sold-fr","9":"product_tag-ge-fr","10":"product_tag-sold","12":"first","13":"outofstock","14":"shipping-taxable","15":"purchasable","16":"product-type-simple"},"acf":[],"jetpack_sharing_enabled":true,"_links":{"self":[{"href":"https:\/\/everx.com\/fr\/wp-json\/wp\/v2\/product\/45874","targetHints":{"allow":["GET"]}}],"collection":[{"href":"https:\/\/everx.com\/fr\/wp-json\/wp\/v2\/product"}],"about":[{"href":"https:\/\/everx.com\/fr\/wp-json\/wp\/v2\/types\/product"}],"replies":[{"embeddable":true,"href":"https:\/\/everx.com\/fr\/wp-json\/wp\/v2\/comments?post=45874"}],"wp:featuredmedia":[{"embeddable":true,"href":"https:\/\/everx.com\/fr\/wp-json\/wp\/v2\/media\/45877"}],"wp:attachment":[{"href":"https:\/\/everx.com\/fr\/wp-json\/wp\/v2\/media?parent=45874"}],"wp:term":[{"taxonomy":"product_brand","embeddable":true,"href":"https:\/\/everx.com\/fr\/wp-json\/wp\/v2\/product_brand?post=45874"},{"taxonomy":"product_cat","embeddable":true,"href":"https:\/\/everx.com\/fr\/wp-json\/wp\/v2\/product_cat?post=45874"},{"taxonomy":"product_tag","embeddable":true,"href":"https:\/\/everx.com\/fr\/wp-json\/wp\/v2\/product_tag?post=45874"}],"curies":[{"name":"wp","href":"https:\/\/api.w.org\/{rel}","templated":true}]}}