{"id":45795,"date":"2024-11-02T12:58:14","date_gmt":"2024-11-02T12:58:14","guid":{"rendered":"https:\/\/everx.com\/product\/voluson-e8_bt13-ex1990\/"},"modified":"2024-11-02T12:58:14","modified_gmt":"2024-11-02T12:58:14","slug":"voluson-e8_bt13-ex1990","status":"publish","type":"product","link":"https:\/\/everx.com\/fr\/product\/voluson-e8_bt13-ex1990\/","title":{"rendered":"Voluson E8_BT13 &#8211; EX1990"},"content":{"rendered":"<p><span style=\"color: #cb2026;\">Ce syst\u00e8me est maintenant vendu. Faites-nous savoir si vous \u00eates \u00e0 la recherche d&rsquo;un produit similaire. <\/span><\/p>\n<p>GE Voluson E8_BT13 d&rsquo;occasion Fabriqu\u00e9 : September 2012 Location : Australie (EX1990) Software Ver : 13.0.4.241 Options install\u00e9es : Advanced 4D, DICOM, SonoIT, Advanced VCI, Elastography Analysis, SonoBiometry, BT Activation Choix de sondes : C1-5D, RAB6-D, 9L-D, ML6-15D Imprimante Sony B&amp;W<\/p>\n","protected":false},"excerpt":{"rendered":"<p>Ce syst\u00e8me est maintenant vendu. Faites-nous savoir si vous \u00eates \u00e0 la recherche d&rsquo;un produit similaire. GE Voluson E8_BT13 d&rsquo;occasion Fabriqu\u00e9 : September 2012 Location : Australie (EX1990) Software Ver : 13.0.4.241 Options install\u00e9es : Advanced 4D, DICOM, SonoIT, Advanced VCI, Elastography Analysis, SonoBiometry, BT Activation Choix de sondes : C1-5D, RAB6-D, 9L-D, ML6-15D Imprimante [&hellip;]<\/p>\n","protected":false},"featured_media":45814,"comment_status":"open","ping_status":"closed","template":"","meta":{"_acf_changed":false},"product_brand":[],"product_cat":[591],"product_tag":[592,593,589],"class_list":{"0":"post-45795","1":"product","2":"type-product","3":"status-publish","4":"has-post-thumbnail","6":"product_cat-ultrasound-fr","7":"product_tag-sold-fr","8":"product_tag-ge-fr","9":"product_tag-australia-fr","10":"product_tag-sold","12":"first","13":"outofstock","14":"shipping-taxable","15":"purchasable","16":"product-type-simple"},"acf":[],"jetpack_sharing_enabled":true,"_links":{"self":[{"href":"https:\/\/everx.com\/fr\/wp-json\/wp\/v2\/product\/45795","targetHints":{"allow":["GET"]}}],"collection":[{"href":"https:\/\/everx.com\/fr\/wp-json\/wp\/v2\/product"}],"about":[{"href":"https:\/\/everx.com\/fr\/wp-json\/wp\/v2\/types\/product"}],"replies":[{"embeddable":true,"href":"https:\/\/everx.com\/fr\/wp-json\/wp\/v2\/comments?post=45795"}],"wp:featuredmedia":[{"embeddable":true,"href":"https:\/\/everx.com\/fr\/wp-json\/wp\/v2\/media\/45814"}],"wp:attachment":[{"href":"https:\/\/everx.com\/fr\/wp-json\/wp\/v2\/media?parent=45795"}],"wp:term":[{"taxonomy":"product_brand","embeddable":true,"href":"https:\/\/everx.com\/fr\/wp-json\/wp\/v2\/product_brand?post=45795"},{"taxonomy":"product_cat","embeddable":true,"href":"https:\/\/everx.com\/fr\/wp-json\/wp\/v2\/product_cat?post=45795"},{"taxonomy":"product_tag","embeddable":true,"href":"https:\/\/everx.com\/fr\/wp-json\/wp\/v2\/product_tag?post=45795"}],"curies":[{"name":"wp","href":"https:\/\/api.w.org\/{rel}","templated":true}]}}