{"id":45659,"date":"2024-11-02T12:56:58","date_gmt":"2024-11-02T12:56:58","guid":{"rendered":"https:\/\/everx.com\/product\/toshiba-ivr-ct-angiosystem-nex203\/"},"modified":"2025-08-11T09:35:50","modified_gmt":"2025-08-11T09:35:50","slug":"toshiba-ivr-ct-angiosystem-nex203","status":"publish","type":"product","link":"https:\/\/everx.com\/fr\/product\/toshiba-ivr-ct-angiosystem-nex203\/","title":{"rendered":"Toshiba IVR-CT \/ Angiosyst\u00e8me NEX203"},"content":{"rendered":"<p><span style=\"color: #cb2026;\">Ce syst\u00e8me a \u00e9t\u00e9 r\u00e9serv\u00e9. Veuillez nous contacter si vous recherchez quelque chose de similaire.   <\/span><\/p>\n<p>Syst\u00e8me IVR-CT\/Angiosyst\u00e8me Toshiba exceptionnel<\/p>\n<p>Fabriqu\u00e9 : 2010<\/p>\n<p>Localisation : Japon (NEX203)<\/p>\n<p><u><strong>Angio<\/strong><\/u><\/p>\n<p>Infinix Celeve-i INFX-8000C<\/p>\n<p>Version : Vch.50 P008<\/p>\n<p>Type de tube : DSRX-T734GFS\/UB<\/p>\n<p>Tube remplac\u00e9 : ao\u00fbt 2023<\/p>\n<p><strong>Tube avant 1  <\/strong><\/p>\n<p>Rotation : 60,5 heures<\/p>\n<p>Filament Focus1 : 0,46 heure<\/p>\n<p>Filament Focus2 : 0,61 heure<\/p>\n<p>Filament Focus3: 0.05 hours<\/p>\n<p>Dur\u00e9e totale de la fluoroscopie : 7,629 heures<\/p>\n<p>Nombre de pr\u00eats : 1 728<\/p>\n<p>Dur\u00e9e de fonctionnement de l&rsquo;unit\u00e9 de refroidissement par eau : 15 456 heures<\/p>\n<p><u><strong>tomodensitom\u00e9trie<\/strong><\/u><\/p>\n<p>TSX-101A\/NA (Aquilion CX)<\/p>\n<p>Version : V4.62JR019<\/p>\n<p>Type de tube : CXB-750D\/4A<\/p>\n<p>Tube remplac\u00e9 : d\u00e9cembre 2020<\/p>\n<p>Nombre d&rsquo;exp\u00e9riences : environ 38,563<\/p>\n","protected":false},"excerpt":{"rendered":"<p>Ce syst\u00e8me a \u00e9t\u00e9 r\u00e9serv\u00e9. Veuillez nous contacter si vous recherchez quelque chose de similaire. Syst\u00e8me IVR-CT\/Angiosyst\u00e8me Toshiba exceptionnel Fabriqu\u00e9 : 2010 Localisation : Japon (NEX203) Angio Infinix Celeve-i INFX-8000C Version : Vch.50 P008 Type de tube : DSRX-T734GFS\/UB Tube remplac\u00e9 : ao\u00fbt 2023 Tube avant 1 Rotation : 60,5 heures Filament Focus1 : 0,46 [&hellip;]<\/p>\n","protected":false},"featured_media":45660,"comment_status":"open","ping_status":"closed","template":"","meta":{"_acf_changed":false},"product_brand":[],"product_cat":[602],"product_tag":[624,605,592],"class_list":{"0":"post-45659","1":"product","2":"type-product","3":"status-publish","4":"has-post-thumbnail","6":"product_cat-cath-angio-lab-fr","7":"product_tag-japan-fr","8":"product_tag-toshiba-fr","9":"product_tag-sold-fr","10":"pa_sku-nex203-fr","11":"product_tag-sold","13":"first","14":"outofstock","15":"shipping-taxable","16":"purchasable","17":"product-type-simple"},"acf":[],"jetpack_sharing_enabled":true,"_links":{"self":[{"href":"https:\/\/everx.com\/fr\/wp-json\/wp\/v2\/product\/45659","targetHints":{"allow":["GET"]}}],"collection":[{"href":"https:\/\/everx.com\/fr\/wp-json\/wp\/v2\/product"}],"about":[{"href":"https:\/\/everx.com\/fr\/wp-json\/wp\/v2\/types\/product"}],"replies":[{"embeddable":true,"href":"https:\/\/everx.com\/fr\/wp-json\/wp\/v2\/comments?post=45659"}],"wp:featuredmedia":[{"embeddable":true,"href":"https:\/\/everx.com\/fr\/wp-json\/wp\/v2\/media\/45660"}],"wp:attachment":[{"href":"https:\/\/everx.com\/fr\/wp-json\/wp\/v2\/media?parent=45659"}],"wp:term":[{"taxonomy":"product_brand","embeddable":true,"href":"https:\/\/everx.com\/fr\/wp-json\/wp\/v2\/product_brand?post=45659"},{"taxonomy":"product_cat","embeddable":true,"href":"https:\/\/everx.com\/fr\/wp-json\/wp\/v2\/product_cat?post=45659"},{"taxonomy":"product_tag","embeddable":true,"href":"https:\/\/everx.com\/fr\/wp-json\/wp\/v2\/product_tag?post=45659"}],"curies":[{"name":"wp","href":"https:\/\/api.w.org\/{rel}","templated":true}]}}