{"id":45506,"date":"2024-11-02T12:56:55","date_gmt":"2024-11-02T12:56:55","guid":{"rendered":"https:\/\/everx.com\/product\/philips-allura-xper-fd10-10-nex210\/"},"modified":"2025-08-11T08:28:08","modified_gmt":"2025-08-11T08:28:08","slug":"philips-allura-xper-fd10-10-nex210","status":"publish","type":"product","link":"https:\/\/everx.com\/fr\/product\/philips-allura-xper-fd10-10-nex210\/","title":{"rendered":"Philips Allura Xper FD10\/10 NEX210"},"content":{"rendered":"<p>Philips Allura Xper FD10\/10 Biplane Cathlab<\/p>\n<p>Fabriqu\u00e9 : 2009<\/p>\n<p>Localisation : Japon (NEX210)<\/p>\n<p>Version du logiciel : 8.1.17.2<\/p>\n<p>Tube 1 Remplac\u00e9 : D\u00e9cembre 2021<\/p>\n<p>Tube 2 Remplac\u00e9 : Mai 2018<\/p>\n","protected":false},"excerpt":{"rendered":"<p>Philips Allura Xper FD10\/10 Biplane Cathlab Fabriqu\u00e9 : 2009 Localisation : Japon (NEX210) Version du logiciel : 8.1.17.2 Tube 1 Remplac\u00e9 : D\u00e9cembre 2021 Tube 2 Remplac\u00e9 : Mai 2018<\/p>\n","protected":false},"featured_media":45507,"comment_status":"open","ping_status":"closed","template":"","meta":{"_acf_changed":false},"product_brand":[],"product_cat":[602],"product_tag":[624,598,592],"class_list":{"0":"post-45506","1":"product","2":"type-product","3":"status-publish","4":"has-post-thumbnail","6":"product_cat-cath-angio-lab-fr","7":"product_tag-japan-fr","8":"product_tag-philips-fr","9":"product_tag-sold-fr","10":"pa_sku-nex210-fr","11":"product_tag-sold","13":"first","14":"outofstock","15":"shipping-taxable","16":"purchasable","17":"product-type-simple"},"acf":[],"jetpack_sharing_enabled":true,"_links":{"self":[{"href":"https:\/\/everx.com\/fr\/wp-json\/wp\/v2\/product\/45506","targetHints":{"allow":["GET"]}}],"collection":[{"href":"https:\/\/everx.com\/fr\/wp-json\/wp\/v2\/product"}],"about":[{"href":"https:\/\/everx.com\/fr\/wp-json\/wp\/v2\/types\/product"}],"replies":[{"embeddable":true,"href":"https:\/\/everx.com\/fr\/wp-json\/wp\/v2\/comments?post=45506"}],"wp:featuredmedia":[{"embeddable":true,"href":"https:\/\/everx.com\/fr\/wp-json\/wp\/v2\/media\/45507"}],"wp:attachment":[{"href":"https:\/\/everx.com\/fr\/wp-json\/wp\/v2\/media?parent=45506"}],"wp:term":[{"taxonomy":"product_brand","embeddable":true,"href":"https:\/\/everx.com\/fr\/wp-json\/wp\/v2\/product_brand?post=45506"},{"taxonomy":"product_cat","embeddable":true,"href":"https:\/\/everx.com\/fr\/wp-json\/wp\/v2\/product_cat?post=45506"},{"taxonomy":"product_tag","embeddable":true,"href":"https:\/\/everx.com\/fr\/wp-json\/wp\/v2\/product_tag?post=45506"}],"curies":[{"name":"wp","href":"https:\/\/api.w.org\/{rel}","templated":true}]}}