{"id":45470,"date":"2024-11-02T12:56:56","date_gmt":"2024-11-02T12:56:56","guid":{"rendered":"https:\/\/everx.com\/product\/toshiba-aquilion-prime-80-slice-ex3690\/"},"modified":"2025-08-11T06:15:07","modified_gmt":"2025-08-11T06:15:07","slug":"toshiba-aquilion-prime-80-slice-ex3690","status":"publish","type":"product","link":"https:\/\/everx.com\/fr\/product\/toshiba-aquilion-prime-80-slice-ex3690\/","title":{"rendered":"Toshiba Aquilion Prime 80 Slice EX3690"},"content":{"rendered":"<p><span style=\"color: #cb2026;\">Ce syst\u00e8me a \u00e9t\u00e9 vendu. Veuillez nous contacter si vous recherchez quelque chose de similaire.  <\/span><\/p>\n<p>Toshiba Aquilion Prime 80 Slice CT Scanner d&rsquo;occasion avec excellent tube<\/p>\n<p>Fabriqu\u00e9 : F\u00e9vrier 2014<\/p>\n<p>Localisation : Australie (EX3690)<\/p>\n<p>S. No. : 1KA1422032<\/p>\n<p>Nombre d&rsquo;expositions actuelles : 199,447<\/p>\n<p>Dernier changement de tube : 2023\/05\/27<\/p>\n<p>Type de tube : CXB-750G\/ MCS-7178A (f\u00e9vrier 2023)<\/p>\n<p>Version du logiciel : V8.2\/BaseV12.4<\/p>\n<p>Options install\u00e9es : ALATO_3DVIEWER, ALATO_MULTISLICECT, ALATO_STANDARD, CARDIAC, CARDIACPACTCH, CARDIACRECON, CB_HISPEC, DAILY CHECK, DISPLAY_CONSOLE, D_PRT_BW, D_PRT_COLOR, EHCT_SCP, EHCT_SCU, FLUROSCOPE, INJECTOR SYNC, MULTIVIEW, MWM_SCU, ORBITSYNC, OVER64HEL,PRINT_SCU, REALEC, REAL_PREP, REAL_VIEW, REGISTTOOL, SCAN80ROW, SP_H72, STRG_SCU, TIFF, TOS_SERVICE, VHP, WINPRT<\/p>\n\n<p><\/p>\n","protected":false},"excerpt":{"rendered":"<p>Ce syst\u00e8me a \u00e9t\u00e9 vendu. Veuillez nous contacter si vous recherchez quelque chose de similaire. Toshiba Aquilion Prime 80 Slice CT Scanner d&rsquo;occasion avec excellent tube Fabriqu\u00e9 : F\u00e9vrier 2014 Localisation : Australie (EX3690) S. No. : 1KA1422032 Nombre d&rsquo;expositions actuelles : 199,447 Dernier changement de tube : 2023\/05\/27 Type de tube : CXB-750G\/ MCS-7178A [&hellip;]<\/p>\n","protected":false},"featured_media":45472,"comment_status":"open","ping_status":"closed","template":"","meta":{"_acf_changed":false},"product_brand":[],"product_cat":[597],"product_tag":[605,592,589],"class_list":{"0":"post-45470","1":"product","2":"type-product","3":"status-publish","4":"has-post-thumbnail","6":"product_cat-ct-fr","7":"product_tag-toshiba-fr","8":"product_tag-sold-fr","9":"product_tag-australia-fr","10":"pa_sku-ex3690-fr","11":"product_tag-sold","13":"first","14":"outofstock","15":"shipping-taxable","16":"purchasable","17":"product-type-simple"},"acf":[],"jetpack_sharing_enabled":true,"_links":{"self":[{"href":"https:\/\/everx.com\/fr\/wp-json\/wp\/v2\/product\/45470","targetHints":{"allow":["GET"]}}],"collection":[{"href":"https:\/\/everx.com\/fr\/wp-json\/wp\/v2\/product"}],"about":[{"href":"https:\/\/everx.com\/fr\/wp-json\/wp\/v2\/types\/product"}],"replies":[{"embeddable":true,"href":"https:\/\/everx.com\/fr\/wp-json\/wp\/v2\/comments?post=45470"}],"wp:featuredmedia":[{"embeddable":true,"href":"https:\/\/everx.com\/fr\/wp-json\/wp\/v2\/media\/45472"}],"wp:attachment":[{"href":"https:\/\/everx.com\/fr\/wp-json\/wp\/v2\/media?parent=45470"}],"wp:term":[{"taxonomy":"product_brand","embeddable":true,"href":"https:\/\/everx.com\/fr\/wp-json\/wp\/v2\/product_brand?post=45470"},{"taxonomy":"product_cat","embeddable":true,"href":"https:\/\/everx.com\/fr\/wp-json\/wp\/v2\/product_cat?post=45470"},{"taxonomy":"product_tag","embeddable":true,"href":"https:\/\/everx.com\/fr\/wp-json\/wp\/v2\/product_tag?post=45470"}],"curies":[{"name":"wp","href":"https:\/\/api.w.org\/{rel}","templated":true}]}}