{"id":45440,"date":"2024-11-02T12:57:00","date_gmt":"2024-11-02T02:57:00","guid":{"rendered":"https:\/\/everx.com\/product\/ge-logiq-s8-avec-xd-clear-ex3577\/"},"modified":"2024-11-02T12:57:00","modified_gmt":"2024-11-02T12:57:00","slug":"ge-logiq-s8-avec-xd-clear-ex3577","status":"publish","type":"product","link":"https:\/\/everx.com\/fr\/product\/ge-logiq-s8-avec-xd-clear-ex3577\/","title":{"rendered":"GE Logiq S8 avec XD Clear EX3577"},"content":{"rendered":"<p><span style=\"color: #cb2026;\">Ce syst\u00e8me a \u00e9t\u00e9 vendu. N&rsquo;h\u00e9sitez pas \u00e0 nous contacter si vous cherchez quelque chose de similaire.   <\/span><\/p>\n<p>GE Logiq S8 d&rsquo;occasion avec XD Clear<\/p>\n<p>Date de fabrication : 2016<\/p>\n<p>Lieu : Australie (EX3577) Australie (EX3577) Version du logiciel : R3 1.9 Options : Dicom, Scan Assistant, LOGIQView, 4D, CW_Doppler, Measure Assistant OB, Advanced Probes, DVR Contactez-nous pour les sondes.<\/p>\n","protected":false},"excerpt":{"rendered":"<p>Ce syst\u00e8me a \u00e9t\u00e9 vendu. N&rsquo;h\u00e9sitez pas \u00e0 nous contacter si vous cherchez quelque chose de similaire. GE Logiq S8 d&rsquo;occasion avec XD Clear Date de fabrication : 2016 Lieu : Australie (EX3577) Australie (EX3577) Version du logiciel : R3 1.9 Options : Dicom, Scan Assistant, LOGIQView, 4D, CW_Doppler, Measure Assistant OB, Advanced Probes, DVR [&hellip;]<\/p>\n","protected":false},"featured_media":57194,"comment_status":"open","ping_status":"closed","template":"","meta":{"_acf_changed":false},"product_brand":[],"product_cat":[591],"product_tag":[595,593,589],"class_list":{"0":"post-45440","1":"product","2":"type-product","3":"status-publish","4":"has-post-thumbnail","6":"product_cat-ultrasound-fr","7":"product_tag-available-fr","8":"product_tag-ge-fr","9":"product_tag-australia-fr","11":"first","12":"instock","13":"shipping-taxable","14":"purchasable","15":"product-type-simple"},"acf":[],"jetpack_sharing_enabled":true,"_links":{"self":[{"href":"https:\/\/everx.com\/fr\/wp-json\/wp\/v2\/product\/45440","targetHints":{"allow":["GET"]}}],"collection":[{"href":"https:\/\/everx.com\/fr\/wp-json\/wp\/v2\/product"}],"about":[{"href":"https:\/\/everx.com\/fr\/wp-json\/wp\/v2\/types\/product"}],"replies":[{"embeddable":true,"href":"https:\/\/everx.com\/fr\/wp-json\/wp\/v2\/comments?post=45440"}],"wp:featuredmedia":[{"embeddable":true,"href":"https:\/\/everx.com\/fr\/wp-json\/wp\/v2\/media\/57194"}],"wp:attachment":[{"href":"https:\/\/everx.com\/fr\/wp-json\/wp\/v2\/media?parent=45440"}],"wp:term":[{"taxonomy":"product_brand","embeddable":true,"href":"https:\/\/everx.com\/fr\/wp-json\/wp\/v2\/product_brand?post=45440"},{"taxonomy":"product_cat","embeddable":true,"href":"https:\/\/everx.com\/fr\/wp-json\/wp\/v2\/product_cat?post=45440"},{"taxonomy":"product_tag","embeddable":true,"href":"https:\/\/everx.com\/fr\/wp-json\/wp\/v2\/product_tag?post=45440"}],"curies":[{"name":"wp","href":"https:\/\/api.w.org\/{rel}","templated":true}]}}