{"id":45321,"date":"2024-11-02T12:57:01","date_gmt":"2024-11-02T12:57:01","guid":{"rendered":"https:\/\/everx.com\/product\/samsung-rs80a-ex3593\/"},"modified":"2025-08-11T07:39:55","modified_gmt":"2025-08-11T07:39:55","slug":"samsung-rs80a-ex3593","status":"publish","type":"product","link":"https:\/\/everx.com\/fr\/product\/samsung-rs80a-ex3593\/","title":{"rendered":"Samsung RS80A EX3593"},"content":{"rendered":"<p>Samsung RS80A Ultrasound d&rsquo;occasion<\/p>\n<p>Fabriqu\u00e9 : Mai 2015<\/p>\n<p>Localisation : Australie (EX3593)<\/p>\n<p>Version du logiciel : 3.03.01.3167<\/p>\n<p>Options install\u00e9es : SMART4D, XI_STIC, Panoramique, Vue r\u00e9aliste, CEUS+, Prestige<\/p>\n<p>Choix de sondes : CA1-7A, L3-12A, LA3-16AI, LA4-18B, CV1-8A<\/p>\n","protected":false},"excerpt":{"rendered":"<p>Samsung RS80A Ultrasound d&rsquo;occasion Fabriqu\u00e9 : Mai 2015 Localisation : Australie (EX3593) Version du logiciel : 3.03.01.3167 Options install\u00e9es : SMART4D, XI_STIC, Panoramique, Vue r\u00e9aliste, CEUS+, Prestige Choix de sondes : CA1-7A, L3-12A, LA3-16AI, LA4-18B, CV1-8A<\/p>\n","protected":false},"featured_media":45323,"comment_status":"open","ping_status":"closed","template":"","meta":{"_acf_changed":false},"product_brand":[],"product_cat":[591],"product_tag":[595,589],"class_list":{"0":"post-45321","1":"product","2":"type-product","3":"status-publish","4":"has-post-thumbnail","6":"product_cat-ultrasound-fr","7":"product_tag-available-fr","8":"product_tag-australia-fr","9":"pa_sku-ex3593-fr","11":"first","12":"instock","13":"shipping-taxable","14":"purchasable","15":"product-type-simple"},"acf":[],"jetpack_sharing_enabled":true,"_links":{"self":[{"href":"https:\/\/everx.com\/fr\/wp-json\/wp\/v2\/product\/45321","targetHints":{"allow":["GET"]}}],"collection":[{"href":"https:\/\/everx.com\/fr\/wp-json\/wp\/v2\/product"}],"about":[{"href":"https:\/\/everx.com\/fr\/wp-json\/wp\/v2\/types\/product"}],"replies":[{"embeddable":true,"href":"https:\/\/everx.com\/fr\/wp-json\/wp\/v2\/comments?post=45321"}],"wp:featuredmedia":[{"embeddable":true,"href":"https:\/\/everx.com\/fr\/wp-json\/wp\/v2\/media\/45323"}],"wp:attachment":[{"href":"https:\/\/everx.com\/fr\/wp-json\/wp\/v2\/media?parent=45321"}],"wp:term":[{"taxonomy":"product_brand","embeddable":true,"href":"https:\/\/everx.com\/fr\/wp-json\/wp\/v2\/product_brand?post=45321"},{"taxonomy":"product_cat","embeddable":true,"href":"https:\/\/everx.com\/fr\/wp-json\/wp\/v2\/product_cat?post=45321"},{"taxonomy":"product_tag","embeddable":true,"href":"https:\/\/everx.com\/fr\/wp-json\/wp\/v2\/product_tag?post=45321"}],"curies":[{"name":"wp","href":"https:\/\/api.w.org\/{rel}","templated":true}]}}