{"id":45060,"date":"2024-11-02T12:57:02","date_gmt":"2024-11-02T12:57:02","guid":{"rendered":"https:\/\/everx.com\/product\/toshiba-infinix-8000c-ex3608\/"},"modified":"2025-08-11T09:45:00","modified_gmt":"2025-08-11T09:45:00","slug":"toshiba-infinix-8000c-ex3608","status":"publish","type":"product","link":"https:\/\/everx.com\/fr\/product\/toshiba-infinix-8000c-ex3608\/","title":{"rendered":"Toshiba Infinix 8000C EX3608"},"content":{"rendered":"<p>Laboratoire de cath\u00e9t\u00e9risme Toshiba Infinix 8000V<\/p>\n<p>Date de fabrication : 2012<\/p>\n<p>Localisation : Australie (EX3608)<\/p>\n<p>Mod\u00e8le : XTP-8100G<\/p>\n<p>Version du logiciel : Vch.50 P008<\/p>\n<p>Mod\u00e8le de tube : DSRX \u2013 T7345GFS<\/p>\n<p>Tube fabriqu\u00e9 : novembre 2022<\/p>\n<p>Dernier changement de tube : 2023<\/p>\n<p>L&rsquo;injecteur angio n&rsquo;est pas disponible et est conserv\u00e9 par le site pour son unit\u00e9 de remplacement.<\/p>\n","protected":false},"excerpt":{"rendered":"<p>Laboratoire de cath\u00e9t\u00e9risme Toshiba Infinix 8000V Date de fabrication : 2012 Localisation : Australie (EX3608) Mod\u00e8le : XTP-8100G Version du logiciel : Vch.50 P008 Mod\u00e8le de tube : DSRX \u2013 T7345GFS Tube fabriqu\u00e9 : novembre 2022 Dernier changement de tube : 2023 L&rsquo;injecteur angio n&rsquo;est pas disponible et est conserv\u00e9 par le site pour son [&hellip;]<\/p>\n","protected":false},"featured_media":45061,"comment_status":"open","ping_status":"closed","template":"","meta":{"_acf_changed":false},"product_brand":[],"product_cat":[602],"product_tag":[605,592,589],"class_list":{"0":"post-45060","1":"product","2":"type-product","3":"status-publish","4":"has-post-thumbnail","6":"product_cat-cath-angio-lab-fr","7":"product_tag-toshiba-fr","8":"product_tag-sold-fr","9":"product_tag-australia-fr","10":"pa_sku-ex3608-fr","11":"product_tag-sold","13":"first","14":"outofstock","15":"shipping-taxable","16":"purchasable","17":"product-type-simple"},"acf":[],"jetpack_sharing_enabled":true,"_links":{"self":[{"href":"https:\/\/everx.com\/fr\/wp-json\/wp\/v2\/product\/45060","targetHints":{"allow":["GET"]}}],"collection":[{"href":"https:\/\/everx.com\/fr\/wp-json\/wp\/v2\/product"}],"about":[{"href":"https:\/\/everx.com\/fr\/wp-json\/wp\/v2\/types\/product"}],"replies":[{"embeddable":true,"href":"https:\/\/everx.com\/fr\/wp-json\/wp\/v2\/comments?post=45060"}],"wp:featuredmedia":[{"embeddable":true,"href":"https:\/\/everx.com\/fr\/wp-json\/wp\/v2\/media\/45061"}],"wp:attachment":[{"href":"https:\/\/everx.com\/fr\/wp-json\/wp\/v2\/media?parent=45060"}],"wp:term":[{"taxonomy":"product_brand","embeddable":true,"href":"https:\/\/everx.com\/fr\/wp-json\/wp\/v2\/product_brand?post=45060"},{"taxonomy":"product_cat","embeddable":true,"href":"https:\/\/everx.com\/fr\/wp-json\/wp\/v2\/product_cat?post=45060"},{"taxonomy":"product_tag","embeddable":true,"href":"https:\/\/everx.com\/fr\/wp-json\/wp\/v2\/product_tag?post=45060"}],"curies":[{"name":"wp","href":"https:\/\/api.w.org\/{rel}","templated":true}]}}