{"id":45022,"date":"2024-11-02T12:57:02","date_gmt":"2024-11-02T12:57:02","guid":{"rendered":"https:\/\/everx.com\/product\/ge-discovery-690-ex3601\/"},"modified":"2025-08-11T10:42:28","modified_gmt":"2025-08-11T10:42:28","slug":"ge-discovery-690-ex3601","status":"publish","type":"product","link":"https:\/\/everx.com\/fr\/product\/ge-discovery-690-ex3601\/","title":{"rendered":"GE Discovery 690 EX3601"},"content":{"rendered":"<p>GE Discovery 690 TEP\/TDM<\/p>\n<p>Install\u00e9 : 2012<\/p>\n<p>Localisation : Australie (EX3601)<\/p>\n<p>Mod\u00e8le remplac\u00e9 : Mars 2021<\/p>\n<p>Options : CopyComposer, Direct-MPR, TEP diagnostique, TEP 3D it\u00e9rative, PET Base, Mode liste TEP, VolumeViewer, VolumeViewerPet, WideView, S\u00e9rie 3000 images, AutomA, Exportation de donn\u00e9es, Suivi dynamique de l&rsquo;axe Z, Pr\u00e9paration intelligente, Filtrage et transfert automatiques, NeuroFilter, VCT (puissance de 85 kW), Connect Pro, S\u00e9paration d&rsquo;examen, Patient (64 coupes), V\u00e9rification d&rsquo;image, ACQC, Synchronisation TEP, TEP cardiaque, D\u00e9calage cardiaque TEP, Revue dynamique TEP, TEP dynamique, Rad_Rx, TOF, Reconnaissance TEP FBP, TEP Q.Prep, ASIR, SharpIR, TEP Q.Core Power, Reconnaissance TEP r\u00e9gularis\u00e9e, CardIQSnapShot-Cine Scan en moins de 0,4 seconde, MotionFreeApps, SmartScore Pro, VCT-Hi-Power<\/p>\n","protected":false},"excerpt":{"rendered":"<p>GE Discovery 690 TEP\/TDM Install\u00e9 : 2012 Localisation : Australie (EX3601) Mod\u00e8le remplac\u00e9 : Mars 2021 Options : CopyComposer, Direct-MPR, TEP diagnostique, TEP 3D it\u00e9rative, PET Base, Mode liste TEP, VolumeViewer, VolumeViewerPet, WideView, S\u00e9rie 3000 images, AutomA, Exportation de donn\u00e9es, Suivi dynamique de l&rsquo;axe Z, Pr\u00e9paration intelligente, Filtrage et transfert automatiques, NeuroFilter, VCT (puissance de [&hellip;]<\/p>\n","protected":false},"featured_media":45023,"comment_status":"open","ping_status":"closed","template":"","meta":{"_acf_changed":false},"product_brand":[],"product_cat":[588],"product_tag":[592,593,589],"class_list":{"0":"post-45022","1":"product","2":"type-product","3":"status-publish","4":"has-post-thumbnail","6":"product_cat-molecular-imaging-fr","7":"product_tag-sold-fr","8":"product_tag-ge-fr","9":"product_tag-australia-fr","10":"product_tag-sold","12":"first","13":"outofstock","14":"shipping-taxable","15":"purchasable","16":"product-type-simple"},"acf":[],"jetpack_sharing_enabled":true,"_links":{"self":[{"href":"https:\/\/everx.com\/fr\/wp-json\/wp\/v2\/product\/45022","targetHints":{"allow":["GET"]}}],"collection":[{"href":"https:\/\/everx.com\/fr\/wp-json\/wp\/v2\/product"}],"about":[{"href":"https:\/\/everx.com\/fr\/wp-json\/wp\/v2\/types\/product"}],"replies":[{"embeddable":true,"href":"https:\/\/everx.com\/fr\/wp-json\/wp\/v2\/comments?post=45022"}],"wp:featuredmedia":[{"embeddable":true,"href":"https:\/\/everx.com\/fr\/wp-json\/wp\/v2\/media\/45023"}],"wp:attachment":[{"href":"https:\/\/everx.com\/fr\/wp-json\/wp\/v2\/media?parent=45022"}],"wp:term":[{"taxonomy":"product_brand","embeddable":true,"href":"https:\/\/everx.com\/fr\/wp-json\/wp\/v2\/product_brand?post=45022"},{"taxonomy":"product_cat","embeddable":true,"href":"https:\/\/everx.com\/fr\/wp-json\/wp\/v2\/product_cat?post=45022"},{"taxonomy":"product_tag","embeddable":true,"href":"https:\/\/everx.com\/fr\/wp-json\/wp\/v2\/product_tag?post=45022"}],"curies":[{"name":"wp","href":"https:\/\/api.w.org\/{rel}","templated":true}]}}