{"id":44678,"date":"2024-11-02T12:57:08","date_gmt":"2024-11-02T12:57:08","guid":{"rendered":"https:\/\/everx.com\/product\/siemens-avanto-1-5t-ex3387\/"},"modified":"2024-11-02T12:57:08","modified_gmt":"2024-11-02T12:57:08","slug":"siemens-avanto-1-5t-ex3387","status":"publish","type":"product","link":"https:\/\/everx.com\/fr\/product\/siemens-avanto-1-5t-ex3387\/","title":{"rendered":"Siemens Avanto 1.5T EX3387"},"content":{"rendered":"<p><span style=\"color: #cb2026;\">Ce syst\u00e8me a \u00e9t\u00e9 vendu. N&rsquo;h\u00e9sitez pas \u00e0 nous contacter si vous cherchez quelque chose de similaire.   <\/span><\/p>\n<p>Siemens Avanto 1.5T MRI Fabriqu\u00e9 : 2006 Location : Australie (EX3387) Version du logiciel : syngo MR B19 Gradient : Q Engine No. of Rx Channels : 18 bobines : CP Extremity MR Coil, Small Shoulder Array, Large Shoulder Array, Small LP Loop, Small CP Flex, Large CP Flex, Peripheral Angio Matrix, Head Matrix, Neck Matrix, Body Matrix, Spine Matrix Options install\u00e9es : N11Spectroscopie, CAP3D_FILTER_MIP, CAP3D_FILTER_SSD, CAP3D_VOIMODE, CAP3D_MAIN, GET_WORKLIST, N11AdvCardiac, MRI_ARGUS_MAIN, N_RoW, N11FlowQuant, MR_SpecPostProc, N_AdvFunctNeuro, MPPS_SUPPORT, Q_Gradients, MR_Composing_Spine, N_Diffusion, Tim_8, Tim_18, N_TimApplication, N_MatrixMode, N11Adv3D, SYNGO_GENERAL_LICENSE, MR_DIS3D, N_InlineDIS3D, N_SWI, N_BLADE, MRI_CV_MAIN, N_Dynamic3D, N_IClass, N_PhoenixZIP, N_ParametricMap, MR_STEREOTACTIC_TSE, MR_Support_i, N_Warp<\/p>\n","protected":false},"excerpt":{"rendered":"<p>Ce syst\u00e8me a \u00e9t\u00e9 vendu. N&rsquo;h\u00e9sitez pas \u00e0 nous contacter si vous cherchez quelque chose de similaire. Siemens Avanto 1.5T MRI Fabriqu\u00e9 : 2006 Location : Australie (EX3387) Version du logiciel : syngo MR B19 Gradient : Q Engine No. of Rx Channels : 18 bobines : CP Extremity MR Coil, Small Shoulder Array, Large [&hellip;]<\/p>\n","protected":false},"featured_media":44682,"comment_status":"open","ping_status":"closed","template":"","meta":{"_acf_changed":false},"product_brand":[],"product_cat":[585],"product_tag":[592,589,586],"class_list":{"0":"post-44678","1":"product","2":"type-product","3":"status-publish","4":"has-post-thumbnail","6":"product_cat-mri-fr","7":"product_tag-sold-fr","8":"product_tag-australia-fr","9":"product_tag-siemens-fr","10":"product_tag-sold","12":"first","13":"outofstock","14":"shipping-taxable","15":"purchasable","16":"product-type-simple"},"acf":[],"jetpack_sharing_enabled":true,"_links":{"self":[{"href":"https:\/\/everx.com\/fr\/wp-json\/wp\/v2\/product\/44678","targetHints":{"allow":["GET"]}}],"collection":[{"href":"https:\/\/everx.com\/fr\/wp-json\/wp\/v2\/product"}],"about":[{"href":"https:\/\/everx.com\/fr\/wp-json\/wp\/v2\/types\/product"}],"replies":[{"embeddable":true,"href":"https:\/\/everx.com\/fr\/wp-json\/wp\/v2\/comments?post=44678"}],"wp:featuredmedia":[{"embeddable":true,"href":"https:\/\/everx.com\/fr\/wp-json\/wp\/v2\/media\/44682"}],"wp:attachment":[{"href":"https:\/\/everx.com\/fr\/wp-json\/wp\/v2\/media?parent=44678"}],"wp:term":[{"taxonomy":"product_brand","embeddable":true,"href":"https:\/\/everx.com\/fr\/wp-json\/wp\/v2\/product_brand?post=44678"},{"taxonomy":"product_cat","embeddable":true,"href":"https:\/\/everx.com\/fr\/wp-json\/wp\/v2\/product_cat?post=44678"},{"taxonomy":"product_tag","embeddable":true,"href":"https:\/\/everx.com\/fr\/wp-json\/wp\/v2\/product_tag?post=44678"}],"curies":[{"name":"wp","href":"https:\/\/api.w.org\/{rel}","templated":true}]}}