{"id":44566,"date":"2024-11-02T12:57:07","date_gmt":"2024-11-02T12:57:07","guid":{"rendered":"https:\/\/everx.com\/product\/siemens-verio-3-0t-ex3459\/"},"modified":"2024-11-02T12:57:07","modified_gmt":"2024-11-02T12:57:07","slug":"siemens-verio-3-0t-ex3459","status":"publish","type":"product","link":"https:\/\/everx.com\/fr\/product\/siemens-verio-3-0t-ex3459\/","title":{"rendered":"Siemens Verio 3.0T EX3459"},"content":{"rendered":"<p><span style=\"color: #cb2026;\">Ce syst\u00e8me a \u00e9t\u00e9 vendu. N&rsquo;h\u00e9sitez pas \u00e0 nous contacter si vous cherchez quelque chose de similaire.   <\/span><\/p>\n<p>IRM Siemens Verio 3.0T<\/p>\n<p>Manufactured: 2008<\/p>\n<p>Localisation : Australie (EX3459) Nombre de canaux Rx : 32 Gradients : Gradients VQ Logiciel : NUMARIS 4 Version : Syngo MR B19 Bobines : 16Ch_Body_A, 32Ch_Head, 4Ch_houlderLarge, 7Ch_Breast_H, 8Ch_FootAnkle, 8Ch_Knee, Loop_4, NeckMatrix, SpineMatrix, TxRx_15Ch_Knee Options : Tim_Application_Suite, Neuro_Suite, Body_Suite, Angio_Suite, Cardiac_Suite, Ortho_Suite, Onco_Suite, Pediatric_Suite, Breast_Suite, Syngo_General_License, Matrix_Mode, 3D_Usage_License, 3D_MPR, 3D_MIP, 3D_SSD, Argus_Viewer, Worklist, MDDW, PhoenixZIP, syngo_Remote_Assist, Inline_3D_Distortion_Correction, Image_Filter_Software, MPPS, Inline_BOLD_Imaging, Spectroscopy_SVS, Flow_Quantification, Spectroscopy_2D_CSI, MR_Neuro_Perfusion_Evaluation_Protocols, 3D_PACE, MR_Neuro_Perfusion_Evaluation, Argus_Flow, MR_Spectroscopy_Evaluation, MR_BOLD_Evaluation, MR_3D_Inline_fMRI, Image_Fusion_Automatic, Composing, Inline_Diffusion, Inline_Perfusion, MR_3D_Offline_fMRI, CISS &amp;DESS, Image_Fusion_Basic, Image_Fusion_LM, Inline_Composing , Diffusion_Tensor_Calculation, Diffusion_Tensor_Imaging , DTI_Evaluation, Tim_Planning_Suite, SWI, BLADE, TWIST, I-class, DTI_Tractography, MapIt, Optimized_Protocols_for_EC, Spectroscopy_3D_CSI<\/p>\n","protected":false},"excerpt":{"rendered":"<p>Ce syst\u00e8me a \u00e9t\u00e9 vendu. N&rsquo;h\u00e9sitez pas \u00e0 nous contacter si vous cherchez quelque chose de similaire. IRM Siemens Verio 3.0T Manufactured: 2008 Localisation : Australie (EX3459) Nombre de canaux Rx : 32 Gradients : Gradients VQ Logiciel : NUMARIS 4 Version : Syngo MR B19 Bobines : 16Ch_Body_A, 32Ch_Head, 4Ch_houlderLarge, 7Ch_Breast_H, 8Ch_FootAnkle, 8Ch_Knee, Loop_4, [&hellip;]<\/p>\n","protected":false},"featured_media":44567,"comment_status":"open","ping_status":"closed","template":"","meta":{"_acf_changed":false},"product_brand":[],"product_cat":[585],"product_tag":[592,589,586],"class_list":{"0":"post-44566","1":"product","2":"type-product","3":"status-publish","4":"has-post-thumbnail","6":"product_cat-mri-fr","7":"product_tag-sold-fr","8":"product_tag-australia-fr","9":"product_tag-siemens-fr","10":"product_tag-sold","12":"first","13":"outofstock","14":"shipping-taxable","15":"purchasable","16":"product-type-simple"},"acf":[],"jetpack_sharing_enabled":true,"_links":{"self":[{"href":"https:\/\/everx.com\/fr\/wp-json\/wp\/v2\/product\/44566","targetHints":{"allow":["GET"]}}],"collection":[{"href":"https:\/\/everx.com\/fr\/wp-json\/wp\/v2\/product"}],"about":[{"href":"https:\/\/everx.com\/fr\/wp-json\/wp\/v2\/types\/product"}],"replies":[{"embeddable":true,"href":"https:\/\/everx.com\/fr\/wp-json\/wp\/v2\/comments?post=44566"}],"wp:featuredmedia":[{"embeddable":true,"href":"https:\/\/everx.com\/fr\/wp-json\/wp\/v2\/media\/44567"}],"wp:attachment":[{"href":"https:\/\/everx.com\/fr\/wp-json\/wp\/v2\/media?parent=44566"}],"wp:term":[{"taxonomy":"product_brand","embeddable":true,"href":"https:\/\/everx.com\/fr\/wp-json\/wp\/v2\/product_brand?post=44566"},{"taxonomy":"product_cat","embeddable":true,"href":"https:\/\/everx.com\/fr\/wp-json\/wp\/v2\/product_cat?post=44566"},{"taxonomy":"product_tag","embeddable":true,"href":"https:\/\/everx.com\/fr\/wp-json\/wp\/v2\/product_tag?post=44566"}],"curies":[{"name":"wp","href":"https:\/\/api.w.org\/{rel}","templated":true}]}}