{"id":44559,"date":"2024-11-02T12:57:07","date_gmt":"2024-11-02T12:57:07","guid":{"rendered":"https:\/\/everx.com\/product\/toshiba-vantage-titan-1-5t-ex3440\/"},"modified":"2024-11-02T12:57:07","modified_gmt":"2024-11-02T12:57:07","slug":"toshiba-vantage-titan-1-5t-ex3440","status":"publish","type":"product","link":"https:\/\/everx.com\/fr\/product\/toshiba-vantage-titan-1-5t-ex3440\/","title":{"rendered":"Toshiba Vantage Titan 1.5T EX3440"},"content":{"rendered":"<p><span style=\"color: #cb2026;\">Ce syst\u00e8me a \u00e9t\u00e9 vendu. N&rsquo;h\u00e9sitez pas \u00e0 nous contacter si vous cherchez quelque chose de similaire.   <\/span><\/p>\n<p>Toshiba Vantage Titan 1.5T MRI (MRT-1504\/F4) Fabriqu\u00e9 : 2013 Localisation : Australie (EX3440) Taille de l&rsquo;al\u00e9sage : 71cm ouverture 69cm al\u00e9sage Nombre de canaux : 16 Gradient Strength : 30\/130 SW Version Console : V2.31*R011 SW Options : MRA, SPECT, Diffusion, Neuro, FSE Bobines : 8 Extr\u00e9mit\u00e9s, 16 Torse, 16 Colonne vert\u00e9brale, 6 \u00c9paule, 16 T\u00eate, 7 Genou<\/p>\n","protected":false},"excerpt":{"rendered":"<p>Ce syst\u00e8me a \u00e9t\u00e9 vendu. N&rsquo;h\u00e9sitez pas \u00e0 nous contacter si vous cherchez quelque chose de similaire. Toshiba Vantage Titan 1.5T MRI (MRT-1504\/F4) Fabriqu\u00e9 : 2013 Localisation : Australie (EX3440) Taille de l&rsquo;al\u00e9sage : 71cm ouverture 69cm al\u00e9sage Nombre de canaux : 16 Gradient Strength : 30\/130 SW Version Console : V2.31*R011 SW Options : [&hellip;]<\/p>\n","protected":false},"featured_media":44560,"comment_status":"open","ping_status":"closed","template":"","meta":{"_acf_changed":false},"product_brand":[],"product_cat":[585],"product_tag":[605,592,589],"class_list":{"0":"post-44559","1":"product","2":"type-product","3":"status-publish","4":"has-post-thumbnail","6":"product_cat-mri-fr","7":"product_tag-toshiba-fr","8":"product_tag-sold-fr","9":"product_tag-australia-fr","10":"product_tag-sold","12":"first","13":"outofstock","14":"shipping-taxable","15":"purchasable","16":"product-type-simple"},"acf":[],"jetpack_sharing_enabled":true,"_links":{"self":[{"href":"https:\/\/everx.com\/fr\/wp-json\/wp\/v2\/product\/44559","targetHints":{"allow":["GET"]}}],"collection":[{"href":"https:\/\/everx.com\/fr\/wp-json\/wp\/v2\/product"}],"about":[{"href":"https:\/\/everx.com\/fr\/wp-json\/wp\/v2\/types\/product"}],"replies":[{"embeddable":true,"href":"https:\/\/everx.com\/fr\/wp-json\/wp\/v2\/comments?post=44559"}],"wp:featuredmedia":[{"embeddable":true,"href":"https:\/\/everx.com\/fr\/wp-json\/wp\/v2\/media\/44560"}],"wp:attachment":[{"href":"https:\/\/everx.com\/fr\/wp-json\/wp\/v2\/media?parent=44559"}],"wp:term":[{"taxonomy":"product_brand","embeddable":true,"href":"https:\/\/everx.com\/fr\/wp-json\/wp\/v2\/product_brand?post=44559"},{"taxonomy":"product_cat","embeddable":true,"href":"https:\/\/everx.com\/fr\/wp-json\/wp\/v2\/product_cat?post=44559"},{"taxonomy":"product_tag","embeddable":true,"href":"https:\/\/everx.com\/fr\/wp-json\/wp\/v2\/product_tag?post=44559"}],"curies":[{"name":"wp","href":"https:\/\/api.w.org\/{rel}","templated":true}]}}