{"id":44518,"date":"2024-11-02T12:57:05","date_gmt":"2024-11-02T12:57:05","guid":{"rendered":"https:\/\/everx.com\/product\/toshiba-aquilion-64-slice-mis-a-niveau-vers-cxl-ex3472\/"},"modified":"2024-11-02T12:57:05","modified_gmt":"2024-11-02T12:57:05","slug":"toshiba-aquilion-64-slice-mis-a-niveau-vers-cxl-ex3472","status":"publish","type":"product","link":"https:\/\/everx.com\/fr\/product\/toshiba-aquilion-64-slice-mis-a-niveau-vers-cxl-ex3472\/","title":{"rendered":"Toshiba Aquilion 64 Slice &#8211; mis \u00e0 niveau vers CXL EX3472"},"content":{"rendered":"<p><span style=\"color: #cb2026;\">Ce syst\u00e8me a \u00e9t\u00e9 vendu. N&rsquo;h\u00e9sitez pas \u00e0 nous contacter si vous cherchez quelque chose de similaire.   <\/span><\/p>\n<p>Toshiba Aquilion 64 Slice CT Scanner &#8211; upgraded to CXL S. No. HCA0863250 Fabriqu\u00e9 : Juin 2008 Lieu : Australie (EX3472) Nombre d&rsquo;expositions actuelles : 616 577 Dernier changement de tube : 10 juin 2015 Type de tube : MCS-7078D (f\u00e9vrier 2015) Logiciel : Version : V6.0\/BaseV11.2 Options install\u00e9es : ALATO_3DVIEWER, ALATO_MULTISLICECT, ALATO_STANDARD, DIM_EXP, DOUBLESLICE, D_PRT_BW, D_PRT_COLOR, EHCT_SCP, EHCT_SCU, FLUROSCOPE, IMG500K, MULTIVIEW, MWM_SCU, OVER64HEL, PPS_SCU, PRINT_SCU, REALEC, REAL_PREP, REAL_VIEW, SCAN64ROW, STRG_SCU, TIFF, TSB_DVD, WINPRT<\/p>\n","protected":false},"excerpt":{"rendered":"<p>Ce syst\u00e8me a \u00e9t\u00e9 vendu. N&rsquo;h\u00e9sitez pas \u00e0 nous contacter si vous cherchez quelque chose de similaire. Toshiba Aquilion 64 Slice CT Scanner &#8211; upgraded to CXL S. No. HCA0863250 Fabriqu\u00e9 : Juin 2008 Lieu : Australie (EX3472) Nombre d&rsquo;expositions actuelles : 616 577 Dernier changement de tube : 10 juin 2015 Type de tube [&hellip;]<\/p>\n","protected":false},"featured_media":44523,"comment_status":"open","ping_status":"closed","template":"","meta":{"_acf_changed":false},"product_brand":[],"product_cat":[597],"product_tag":[605,592,589],"class_list":{"0":"post-44518","1":"product","2":"type-product","3":"status-publish","4":"has-post-thumbnail","6":"product_cat-ct-fr","7":"product_tag-toshiba-fr","8":"product_tag-sold-fr","9":"product_tag-australia-fr","10":"product_tag-sold","12":"first","13":"outofstock","14":"shipping-taxable","15":"purchasable","16":"product-type-simple"},"acf":[],"jetpack_sharing_enabled":true,"_links":{"self":[{"href":"https:\/\/everx.com\/fr\/wp-json\/wp\/v2\/product\/44518","targetHints":{"allow":["GET"]}}],"collection":[{"href":"https:\/\/everx.com\/fr\/wp-json\/wp\/v2\/product"}],"about":[{"href":"https:\/\/everx.com\/fr\/wp-json\/wp\/v2\/types\/product"}],"replies":[{"embeddable":true,"href":"https:\/\/everx.com\/fr\/wp-json\/wp\/v2\/comments?post=44518"}],"wp:featuredmedia":[{"embeddable":true,"href":"https:\/\/everx.com\/fr\/wp-json\/wp\/v2\/media\/44523"}],"wp:attachment":[{"href":"https:\/\/everx.com\/fr\/wp-json\/wp\/v2\/media?parent=44518"}],"wp:term":[{"taxonomy":"product_brand","embeddable":true,"href":"https:\/\/everx.com\/fr\/wp-json\/wp\/v2\/product_brand?post=44518"},{"taxonomy":"product_cat","embeddable":true,"href":"https:\/\/everx.com\/fr\/wp-json\/wp\/v2\/product_cat?post=44518"},{"taxonomy":"product_tag","embeddable":true,"href":"https:\/\/everx.com\/fr\/wp-json\/wp\/v2\/product_tag?post=44518"}],"curies":[{"name":"wp","href":"https:\/\/api.w.org\/{rel}","templated":true}]}}