{"id":44420,"date":"2024-11-02T12:57:09","date_gmt":"2024-11-02T12:57:09","guid":{"rendered":"https:\/\/everx.com\/product\/siemens-verio-3-0t-ex3353\/"},"modified":"2024-11-02T12:57:09","modified_gmt":"2024-11-02T12:57:09","slug":"siemens-verio-3-0t-ex3353","status":"publish","type":"product","link":"https:\/\/everx.com\/fr\/product\/siemens-verio-3-0t-ex3353\/","title":{"rendered":"Siemens Verio 3.0T EX3353"},"content":{"rendered":"<p><span style=\"color: #cb2026;\">Ce syst\u00e8me a \u00e9t\u00e9 vendu. N&rsquo;h\u00e9sitez pas \u00e0 nous contacter si vous cherchez quelque chose de similaire.   <\/span><\/p>\n<p>IRM Siemens Verio 3.0T<\/p>\n<p>Manufactured: 2009<\/p>\n<p>Install\u00e9 : 2010 Localisation : Australie (EX3353) D\u00e9grad\u00e9s : VQ Gradients Version du logiciel : Syngo B19 Bobines : Shoulder Array Large, Shoulder Array Small, 8Ch Knee, 8Ch Foot Ankle, 8Ch Wrist, Spine Matrix, Nexk Matrix, Body Matrix, Head Matrix Options : N11_Spectroscopie, CAP3D_FILTER_MIP, CAP3D_FILTER_SSD, CAP3D_VOIMODE, CAP3D_MAIN, GET_WORKLIST, MRI_ARGUS_MAIN, N_RoW, N_SpecCSI, MR_SpecPostPro, N_AdvFunctNeuro, MPPS_SUPPORT, MR_Composing_Spine, N_Diffusion, N_TimApplication, N_MatrixMode, N11Adv3D, SYNGO_GENERAL_LICENSE, MR_DIS3D, N_InlineComposing, Tim_8_3T, N_InlineDIS3D, N_SWI, N_BLADE, MRI_CV_MAIN, N_Dynamic3D, N_IClass, N_PhoenixZIP, VQ_Gradients, MR_STEREOTACTIC_TSE, MR_Tissue4D, MR_Support_i, N_Spec3DCSI<\/p>\n","protected":false},"excerpt":{"rendered":"<p>Ce syst\u00e8me a \u00e9t\u00e9 vendu. N&rsquo;h\u00e9sitez pas \u00e0 nous contacter si vous cherchez quelque chose de similaire. IRM Siemens Verio 3.0T Manufactured: 2009 Install\u00e9 : 2010 Localisation : Australie (EX3353) D\u00e9grad\u00e9s : VQ Gradients Version du logiciel : Syngo B19 Bobines : Shoulder Array Large, Shoulder Array Small, 8Ch Knee, 8Ch Foot Ankle, 8Ch Wrist, [&hellip;]<\/p>\n","protected":false},"featured_media":44421,"comment_status":"open","ping_status":"closed","template":"","meta":{"_acf_changed":false},"product_brand":[],"product_cat":[585],"product_tag":[592,589,586],"class_list":{"0":"post-44420","1":"product","2":"type-product","3":"status-publish","4":"has-post-thumbnail","6":"product_cat-mri-fr","7":"product_tag-sold-fr","8":"product_tag-australia-fr","9":"product_tag-siemens-fr","10":"product_tag-sold","12":"first","13":"outofstock","14":"shipping-taxable","15":"purchasable","16":"product-type-simple"},"acf":[],"jetpack_sharing_enabled":true,"_links":{"self":[{"href":"https:\/\/everx.com\/fr\/wp-json\/wp\/v2\/product\/44420","targetHints":{"allow":["GET"]}}],"collection":[{"href":"https:\/\/everx.com\/fr\/wp-json\/wp\/v2\/product"}],"about":[{"href":"https:\/\/everx.com\/fr\/wp-json\/wp\/v2\/types\/product"}],"replies":[{"embeddable":true,"href":"https:\/\/everx.com\/fr\/wp-json\/wp\/v2\/comments?post=44420"}],"wp:featuredmedia":[{"embeddable":true,"href":"https:\/\/everx.com\/fr\/wp-json\/wp\/v2\/media\/44421"}],"wp:attachment":[{"href":"https:\/\/everx.com\/fr\/wp-json\/wp\/v2\/media?parent=44420"}],"wp:term":[{"taxonomy":"product_brand","embeddable":true,"href":"https:\/\/everx.com\/fr\/wp-json\/wp\/v2\/product_brand?post=44420"},{"taxonomy":"product_cat","embeddable":true,"href":"https:\/\/everx.com\/fr\/wp-json\/wp\/v2\/product_cat?post=44420"},{"taxonomy":"product_tag","embeddable":true,"href":"https:\/\/everx.com\/fr\/wp-json\/wp\/v2\/product_tag?post=44420"}],"curies":[{"name":"wp","href":"https:\/\/api.w.org\/{rel}","templated":true}]}}