{"id":44312,"date":"2024-11-02T12:57:10","date_gmt":"2024-11-02T12:57:10","guid":{"rendered":"https:\/\/everx.com\/product\/hitachi-aperto-eterna-nex181\/"},"modified":"2024-11-02T12:57:10","modified_gmt":"2024-11-02T12:57:10","slug":"hitachi-aperto-eterna-nex181","status":"publish","type":"product","link":"https:\/\/everx.com\/fr\/product\/hitachi-aperto-eterna-nex181\/","title":{"rendered":"Hitachi Aperto Eterna NEX181"},"content":{"rendered":"<p><span style=\"color: #cb2026;\">Ce syst\u00e8me a \u00e9t\u00e9 vendu. N&rsquo;h\u00e9sitez pas \u00e0 nous contacter si vous cherchez quelque chose de similaire.   <\/span><\/p>\n<p>Hitachi Aperto Eterna MRI Install\u00e9 : 2010 Localisation : Japon (NEX181) Num\u00e9ro de s\u00e9rie : KR16348001 Num\u00e9ro de s\u00e9rie de la console : N086 Logiciel : V2.1A (mis \u00e0 jour en octobre 2019) Num\u00e9ro de s\u00e9rie du logiciel : 23086 Bobines :<\/p>\n<ul>\n<li>Joint Coil (L) MR-JCR-83 (Num\u00e9ro de s\u00e9rie de la bobine : KR16245002)<\/li>\n<li>Bobine d&rsquo;articulation (M) MR-JCR-82 (Num\u00e9ro de s\u00e9rie de la bobine : G2P0114815)<\/li>\n<li>Bobine de genou QD MR-QKC-83 (num\u00e9ro de s\u00e9rie de la bobine : KR16230004)<\/li>\n<li>QD Flexible Boil Coil (M) MR-QKC-82AN (Num\u00e9ro de s\u00e9rie de la bobine : KR16228001)<\/li>\n<li>Bobine de t\u00eate QD MR-QHC-81 (Num\u00e9ro de s\u00e9rie de la bobine : G2X0004815)<\/li>\n<\/ul>\n<p>Situation actuelle : Mis en caisse et stock\u00e9 dans un entrep\u00f4t d&#8217;emballage externe pr\u00e8s d&rsquo;Osaka.<\/p>\n","protected":false},"excerpt":{"rendered":"<p>Ce syst\u00e8me a \u00e9t\u00e9 vendu. N&rsquo;h\u00e9sitez pas \u00e0 nous contacter si vous cherchez quelque chose de similaire. Hitachi Aperto Eterna MRI Install\u00e9 : 2010 Localisation : Japon (NEX181) Num\u00e9ro de s\u00e9rie : KR16348001 Num\u00e9ro de s\u00e9rie de la console : N086 Logiciel : V2.1A (mis \u00e0 jour en octobre 2019) Num\u00e9ro de s\u00e9rie du logiciel [&hellip;]<\/p>\n","protected":false},"featured_media":44313,"comment_status":"open","ping_status":"closed","template":"","meta":{"_acf_changed":false},"product_brand":[],"product_cat":[585],"product_tag":[624,600,592],"class_list":{"0":"post-44312","1":"product","2":"type-product","3":"status-publish","4":"has-post-thumbnail","6":"product_cat-mri-fr","7":"product_tag-japan-fr","8":"product_tag-hitachi-fr","9":"product_tag-sold-fr","10":"product_tag-sold","12":"first","13":"outofstock","14":"shipping-taxable","15":"purchasable","16":"product-type-simple"},"acf":[],"jetpack_sharing_enabled":true,"_links":{"self":[{"href":"https:\/\/everx.com\/fr\/wp-json\/wp\/v2\/product\/44312","targetHints":{"allow":["GET"]}}],"collection":[{"href":"https:\/\/everx.com\/fr\/wp-json\/wp\/v2\/product"}],"about":[{"href":"https:\/\/everx.com\/fr\/wp-json\/wp\/v2\/types\/product"}],"replies":[{"embeddable":true,"href":"https:\/\/everx.com\/fr\/wp-json\/wp\/v2\/comments?post=44312"}],"wp:featuredmedia":[{"embeddable":true,"href":"https:\/\/everx.com\/fr\/wp-json\/wp\/v2\/media\/44313"}],"wp:attachment":[{"href":"https:\/\/everx.com\/fr\/wp-json\/wp\/v2\/media?parent=44312"}],"wp:term":[{"taxonomy":"product_brand","embeddable":true,"href":"https:\/\/everx.com\/fr\/wp-json\/wp\/v2\/product_brand?post=44312"},{"taxonomy":"product_cat","embeddable":true,"href":"https:\/\/everx.com\/fr\/wp-json\/wp\/v2\/product_cat?post=44312"},{"taxonomy":"product_tag","embeddable":true,"href":"https:\/\/everx.com\/fr\/wp-json\/wp\/v2\/product_tag?post=44312"}],"curies":[{"name":"wp","href":"https:\/\/api.w.org\/{rel}","templated":true}]}}