{"id":44249,"date":"2024-11-02T12:57:14","date_gmt":"2024-11-02T02:57:14","guid":{"rendered":"https:\/\/everx.com\/product\/shimadzu-radspeed-fit-ex3280\/"},"modified":"2025-08-11T05:40:57","modified_gmt":"2025-08-11T05:40:57","slug":"shimadzu-radspeed-fit-ex3280","status":"publish","type":"product","link":"https:\/\/everx.com\/fr\/product\/shimadzu-radspeed-fit-ex3280\/","title":{"rendered":"Shimadzu RADspeed Fit EX3280"},"content":{"rendered":"<p>Syst\u00e8me de radiographie Shimadzu RADspeed fit d&rsquo;occasion &#8211; Excellent \u00e9tat<\/p>\n<p>Fabriqu\u00e9 : 2016<\/p>\n<p>Localisation : Australie (EX3280)<\/p>\n<p>Support de tube au sol avec table flottante<\/p>\n<p>Mod\u00e8le : D150L-FT32<\/p>\n<p>Valeur nominale : 150KV,200mA<\/p>\n<p>60KV, 500mA<\/p>\n","protected":false},"excerpt":{"rendered":"<p>Syst\u00e8me de radiographie Shimadzu RADspeed fit d&rsquo;occasion &#8211; Excellent \u00e9tat Fabriqu\u00e9 : 2016 Localisation : Australie (EX3280) Support de tube au sol avec table flottante Mod\u00e8le : D150L-FT32 Valeur nominale : 150KV,200mA 60KV, 500mA<\/p>\n","protected":false},"featured_media":44250,"comment_status":"open","ping_status":"closed","template":"","meta":{"_acf_changed":false},"product_brand":[],"product_cat":[617],"product_tag":[618,595,589],"class_list":{"0":"post-44249","1":"product","2":"type-product","3":"status-publish","4":"has-post-thumbnail","6":"product_cat-x-ray-and-fluroscopy","7":"product_tag-shimadzu-fr","8":"product_tag-available-fr","9":"product_tag-australia-fr","11":"first","12":"instock","13":"shipping-taxable","14":"purchasable","15":"product-type-simple"},"acf":[],"jetpack_sharing_enabled":true,"_links":{"self":[{"href":"https:\/\/everx.com\/fr\/wp-json\/wp\/v2\/product\/44249","targetHints":{"allow":["GET"]}}],"collection":[{"href":"https:\/\/everx.com\/fr\/wp-json\/wp\/v2\/product"}],"about":[{"href":"https:\/\/everx.com\/fr\/wp-json\/wp\/v2\/types\/product"}],"replies":[{"embeddable":true,"href":"https:\/\/everx.com\/fr\/wp-json\/wp\/v2\/comments?post=44249"}],"wp:featuredmedia":[{"embeddable":true,"href":"https:\/\/everx.com\/fr\/wp-json\/wp\/v2\/media\/44250"}],"wp:attachment":[{"href":"https:\/\/everx.com\/fr\/wp-json\/wp\/v2\/media?parent=44249"}],"wp:term":[{"taxonomy":"product_brand","embeddable":true,"href":"https:\/\/everx.com\/fr\/wp-json\/wp\/v2\/product_brand?post=44249"},{"taxonomy":"product_cat","embeddable":true,"href":"https:\/\/everx.com\/fr\/wp-json\/wp\/v2\/product_cat?post=44249"},{"taxonomy":"product_tag","embeddable":true,"href":"https:\/\/everx.com\/fr\/wp-json\/wp\/v2\/product_tag?post=44249"}],"curies":[{"name":"wp","href":"https:\/\/api.w.org\/{rel}","templated":true}]}}