{"id":44115,"date":"2024-11-02T12:57:18","date_gmt":"2024-11-02T12:57:18","guid":{"rendered":"https:\/\/everx.com\/product\/ge-venue-40-ex3073\/"},"modified":"2024-11-02T12:57:18","modified_gmt":"2024-11-02T12:57:18","slug":"ge-venue-40-ex3073","status":"publish","type":"product","link":"https:\/\/everx.com\/fr\/product\/ge-venue-40-ex3073\/","title":{"rendered":"GE Venue 40 EX3073"},"content":{"rendered":"<p>GE Venue 40<\/p>\n<p>Fabriqu\u00e9 : Avril 2013<\/p>\n<p>Emplacement : Australie (EX3073)<\/p>\n<p>Num\u00e9ro de s\u00e9rie : 287741WX3<\/p>\n<p>Version du logiciel : R3.0.7<\/p>\n<p>Sonde compatible : 12L-SC<\/p>\n","protected":false},"excerpt":{"rendered":"<p>GE Venue 40 Fabriqu\u00e9 : Avril 2013 Emplacement : Australie (EX3073) Num\u00e9ro de s\u00e9rie : 287741WX3 Version du logiciel : R3.0.7 Sonde compatible : 12L-SC<\/p>\n","protected":false},"featured_media":44116,"comment_status":"open","ping_status":"closed","template":"","meta":{"_acf_changed":false},"product_brand":[],"product_cat":[591],"product_tag":[595,593,589],"class_list":{"0":"post-44115","1":"product","2":"type-product","3":"status-publish","4":"has-post-thumbnail","6":"product_cat-ultrasound-fr","7":"product_tag-available-fr","8":"product_tag-ge-fr","9":"product_tag-australia-fr","11":"first","12":"instock","13":"shipping-taxable","14":"purchasable","15":"product-type-simple"},"acf":[],"jetpack_sharing_enabled":true,"_links":{"self":[{"href":"https:\/\/everx.com\/fr\/wp-json\/wp\/v2\/product\/44115","targetHints":{"allow":["GET"]}}],"collection":[{"href":"https:\/\/everx.com\/fr\/wp-json\/wp\/v2\/product"}],"about":[{"href":"https:\/\/everx.com\/fr\/wp-json\/wp\/v2\/types\/product"}],"replies":[{"embeddable":true,"href":"https:\/\/everx.com\/fr\/wp-json\/wp\/v2\/comments?post=44115"}],"wp:featuredmedia":[{"embeddable":true,"href":"https:\/\/everx.com\/fr\/wp-json\/wp\/v2\/media\/44116"}],"wp:attachment":[{"href":"https:\/\/everx.com\/fr\/wp-json\/wp\/v2\/media?parent=44115"}],"wp:term":[{"taxonomy":"product_brand","embeddable":true,"href":"https:\/\/everx.com\/fr\/wp-json\/wp\/v2\/product_brand?post=44115"},{"taxonomy":"product_cat","embeddable":true,"href":"https:\/\/everx.com\/fr\/wp-json\/wp\/v2\/product_cat?post=44115"},{"taxonomy":"product_tag","embeddable":true,"href":"https:\/\/everx.com\/fr\/wp-json\/wp\/v2\/product_tag?post=44115"}],"curies":[{"name":"wp","href":"https:\/\/api.w.org\/{rel}","templated":true}]}}