{"id":43927,"date":"2024-11-02T12:57:16","date_gmt":"2024-11-02T12:57:16","guid":{"rendered":"https:\/\/everx.com\/product\/philips-digitaldiagnost-c90-flex-value-digital-ex3112\/"},"modified":"2024-11-02T12:57:16","modified_gmt":"2024-11-02T12:57:16","slug":"philips-digitaldiagnost-c90-flex-value-digital-ex3112","status":"publish","type":"product","link":"https:\/\/everx.com\/fr\/product\/philips-digitaldiagnost-c90-flex-value-digital-ex3112\/","title":{"rendered":"Philips DigitalDiagnost C90 Flex\/Value Digital EX3112"},"content":{"rendered":"<p><span style=\"color: #cb2026;\"><u><strong>VEUILLEZ NOTER QUE LA PHOTO DU PRODUIT N&rsquo;EST FOURNIE QU&rsquo;\u00c0 TITRE INDICATIF :<\/strong><\/u> LA PHOTO DU PRODUIT N&rsquo;EST FOURNIE QU&rsquo;\u00c0 TITRE INDICATIF. VEUILLEZ VOUS R\u00c9F\u00c9RER \u00c0 LA DESCRIPTION POUR LA LISTE DES ARTICLES INCLUS. <\/span><\/p>\n<p>Neuf Philips DigitalDiagnost C90 Flex\/Value Digital X-Ray jamais install\u00e9 encore dans les bo\u00eetes d&rsquo;origine Il a un d\u00e9tecteur : SkyPlate Large (35 x 43 cm, 14 x 17 inch) Fabriqu\u00e9 en 2021 DigitalDiagnost C90 ER Resus Notre ref : EX3112 Qt\u00e9. Description 1 DiDi C90 Emergency Room 1 Digital Emergency Room Wireless 1 G\u00e9n\u00e9rateur de rayons X triphas\u00e9 80 kW 1 Comfort Track 1 SkyPlate Large (35 x 43 cm, 14 x 17 pouces) 1 Licence de partage SkyPlate 1 Kit d&rsquo;infrastructure SkyPlate 1 SkyFlow pour une excellente qualit\u00e9 d&rsquo;image sans utiliser de grille 1 Paquet de cam\u00e9ras en direct 1 R\u00e9solution optimale automatique de l&rsquo;image 1 Extension pour les rails longitudinaux de CS 1 S\u00e9paration des rails pour BuckyDiagnost CS 1 Porte-c\u00e2ble CS 1 Second laser pour SID fixe 1 Logiciel de contr\u00f4le de la qualit\u00e9 clinique<br \/>\n1 mShield &#8211; pare-feu de s\u00e9curit\u00e9 r\u00e9seau<br \/>\n1 Paquet de stockage de d\u00e9tecteurs<br \/>\n1 Grille paysage SkyPlate Large<br \/>\n1 Support mobile de d\u00e9tection sans fil 1 Add. Mobile sans fil<br \/>\n1 Add. Battery for SkyPlate<br \/>\n1 Handle Large Cassette Size Detector<br \/>\n1 Set of rails for BuckyDiagnost Ceiling Suspension<br \/>\n1 Extension set for BuckyDiagnost CS ceiling rails<\/p>\n","protected":false},"excerpt":{"rendered":"<p>VEUILLEZ NOTER QUE LA PHOTO DU PRODUIT N&rsquo;EST FOURNIE QU&rsquo;\u00c0 TITRE INDICATIF : LA PHOTO DU PRODUIT N&rsquo;EST FOURNIE QU&rsquo;\u00c0 TITRE INDICATIF. VEUILLEZ VOUS R\u00c9F\u00c9RER \u00c0 LA DESCRIPTION POUR LA LISTE DES ARTICLES INCLUS. Neuf Philips DigitalDiagnost C90 Flex\/Value Digital X-Ray jamais install\u00e9 encore dans les bo\u00eetes d&rsquo;origine Il a un d\u00e9tecteur : SkyPlate Large [&hellip;]<\/p>\n","protected":false},"featured_media":43935,"comment_status":"open","ping_status":"closed","template":"","meta":{"_acf_changed":false},"product_brand":[],"product_cat":[617],"product_tag":[598,592,589],"class_list":{"0":"post-43927","1":"product","2":"type-product","3":"status-publish","4":"has-post-thumbnail","6":"product_cat-x-ray-and-fluroscopy","7":"product_tag-philips-fr","8":"product_tag-sold-fr","9":"product_tag-australia-fr","10":"product_tag-sold","12":"first","13":"outofstock","14":"shipping-taxable","15":"purchasable","16":"product-type-simple"},"acf":[],"jetpack_sharing_enabled":true,"_links":{"self":[{"href":"https:\/\/everx.com\/fr\/wp-json\/wp\/v2\/product\/43927","targetHints":{"allow":["GET"]}}],"collection":[{"href":"https:\/\/everx.com\/fr\/wp-json\/wp\/v2\/product"}],"about":[{"href":"https:\/\/everx.com\/fr\/wp-json\/wp\/v2\/types\/product"}],"replies":[{"embeddable":true,"href":"https:\/\/everx.com\/fr\/wp-json\/wp\/v2\/comments?post=43927"}],"wp:featuredmedia":[{"embeddable":true,"href":"https:\/\/everx.com\/fr\/wp-json\/wp\/v2\/media\/43935"}],"wp:attachment":[{"href":"https:\/\/everx.com\/fr\/wp-json\/wp\/v2\/media?parent=43927"}],"wp:term":[{"taxonomy":"product_brand","embeddable":true,"href":"https:\/\/everx.com\/fr\/wp-json\/wp\/v2\/product_brand?post=43927"},{"taxonomy":"product_cat","embeddable":true,"href":"https:\/\/everx.com\/fr\/wp-json\/wp\/v2\/product_cat?post=43927"},{"taxonomy":"product_tag","embeddable":true,"href":"https:\/\/everx.com\/fr\/wp-json\/wp\/v2\/product_tag?post=43927"}],"curies":[{"name":"wp","href":"https:\/\/api.w.org\/{rel}","templated":true}]}}