{"id":43902,"date":"2024-11-02T12:57:16","date_gmt":"2024-11-02T12:57:16","guid":{"rendered":"https:\/\/everx.com\/product\/ge-vivid-t8-ex3076\/"},"modified":"2024-11-02T12:57:16","modified_gmt":"2024-11-02T12:57:16","slug":"ge-vivid-t8-ex3076","status":"publish","type":"product","link":"https:\/\/everx.com\/fr\/product\/ge-vivid-t8-ex3076\/","title":{"rendered":"GE Vivid T8 EX3076"},"content":{"rendered":"<p>GE Vivid T8<\/p>\n<p>Fabriqu\u00e9 : Novembre 2014<\/p>\n<p>Emplacement : Australie (EX3076)<\/p>\n<p>Num\u00e9ro de s\u00e9rie : 388644WX7<\/p>\n<p>Version du logiciel : R1.0.7<\/p>\n<p>Options install\u00e9es : BFI\/B-Flow, Dicom Connectivity, 2D Auto EF, MPEGVue et eVue, Vivid T8<\/p>\n<p>Choix de sondes : 8C-RS, L6-12-RS<\/p>\n","protected":false},"excerpt":{"rendered":"<p>GE Vivid T8 Fabriqu\u00e9 : Novembre 2014 Emplacement : Australie (EX3076) Num\u00e9ro de s\u00e9rie : 388644WX7 Version du logiciel : R1.0.7 Options install\u00e9es : BFI\/B-Flow, Dicom Connectivity, 2D Auto EF, MPEGVue et eVue, Vivid T8 Choix de sondes : 8C-RS, L6-12-RS<\/p>\n","protected":false},"featured_media":43903,"comment_status":"open","ping_status":"closed","template":"","meta":{"_acf_changed":false},"product_brand":[],"product_cat":[591],"product_tag":[595,593,589],"class_list":{"0":"post-43902","1":"product","2":"type-product","3":"status-publish","4":"has-post-thumbnail","6":"product_cat-ultrasound-fr","7":"product_tag-available-fr","8":"product_tag-ge-fr","9":"product_tag-australia-fr","11":"first","12":"instock","13":"shipping-taxable","14":"purchasable","15":"product-type-simple"},"acf":[],"jetpack_sharing_enabled":true,"_links":{"self":[{"href":"https:\/\/everx.com\/fr\/wp-json\/wp\/v2\/product\/43902","targetHints":{"allow":["GET"]}}],"collection":[{"href":"https:\/\/everx.com\/fr\/wp-json\/wp\/v2\/product"}],"about":[{"href":"https:\/\/everx.com\/fr\/wp-json\/wp\/v2\/types\/product"}],"replies":[{"embeddable":true,"href":"https:\/\/everx.com\/fr\/wp-json\/wp\/v2\/comments?post=43902"}],"wp:featuredmedia":[{"embeddable":true,"href":"https:\/\/everx.com\/fr\/wp-json\/wp\/v2\/media\/43903"}],"wp:attachment":[{"href":"https:\/\/everx.com\/fr\/wp-json\/wp\/v2\/media?parent=43902"}],"wp:term":[{"taxonomy":"product_brand","embeddable":true,"href":"https:\/\/everx.com\/fr\/wp-json\/wp\/v2\/product_brand?post=43902"},{"taxonomy":"product_cat","embeddable":true,"href":"https:\/\/everx.com\/fr\/wp-json\/wp\/v2\/product_cat?post=43902"},{"taxonomy":"product_tag","embeddable":true,"href":"https:\/\/everx.com\/fr\/wp-json\/wp\/v2\/product_tag?post=43902"}],"curies":[{"name":"wp","href":"https:\/\/api.w.org\/{rel}","templated":true}]}}