{"id":43851,"date":"2024-11-02T12:57:14","date_gmt":"2024-11-02T12:57:14","guid":{"rendered":"https:\/\/everx.com\/product\/hitachi-airis-vento-lt-nexj700\/"},"modified":"2025-01-20T13:42:38","modified_gmt":"2025-01-20T13:42:38","slug":"hitachi-airis-vento-lt-nexj700","status":"publish","type":"product","link":"https:\/\/everx.com\/fr\/product\/hitachi-airis-vento-lt-nexj700\/","title":{"rendered":"Hitachi Airis Vento LT NEXJ700"},"content":{"rendered":"<p>IRM Hitachi Airis Vento LT<\/p>\n<p>YOM : 2012<\/p>\n<p>Bobines : Bobine de corps L, Bobine de corps M, Bobine d&rsquo;articulation L, Bobine d&rsquo;articulation M, Bobine de t\u00eate, Bobine de genou<\/p>\n<p><span style=\"color: #cb2026;\"><strong>Le syst\u00e8me est toujours install\u00e9 et sera disponible en avril.  <\/strong><\/span><\/p>\n\n<p><\/p>\n","protected":false},"excerpt":{"rendered":"<p>IRM Hitachi Airis Vento LT YOM : 2012 Bobines : Bobine de corps L, Bobine de corps M, Bobine d&rsquo;articulation L, Bobine d&rsquo;articulation M, Bobine de t\u00eate, Bobine de genou Le syst\u00e8me est toujours install\u00e9 et sera disponible en avril.<\/p>\n","protected":false},"featured_media":43855,"comment_status":"open","ping_status":"closed","template":"","meta":{"_acf_changed":false},"product_brand":[],"product_cat":[],"product_tag":[],"class_list":{"0":"post-43851","1":"product","2":"type-product","3":"status-publish","4":"has-post-thumbnail","7":"first","8":"onbackorder","9":"shipping-taxable","10":"purchasable","11":"product-type-simple"},"acf":[],"jetpack_sharing_enabled":true,"_links":{"self":[{"href":"https:\/\/everx.com\/fr\/wp-json\/wp\/v2\/product\/43851","targetHints":{"allow":["GET"]}}],"collection":[{"href":"https:\/\/everx.com\/fr\/wp-json\/wp\/v2\/product"}],"about":[{"href":"https:\/\/everx.com\/fr\/wp-json\/wp\/v2\/types\/product"}],"replies":[{"embeddable":true,"href":"https:\/\/everx.com\/fr\/wp-json\/wp\/v2\/comments?post=43851"}],"wp:featuredmedia":[{"embeddable":true,"href":"https:\/\/everx.com\/fr\/wp-json\/wp\/v2\/media\/43855"}],"wp:attachment":[{"href":"https:\/\/everx.com\/fr\/wp-json\/wp\/v2\/media?parent=43851"}],"wp:term":[{"taxonomy":"product_brand","embeddable":true,"href":"https:\/\/everx.com\/fr\/wp-json\/wp\/v2\/product_brand?post=43851"},{"taxonomy":"product_cat","embeddable":true,"href":"https:\/\/everx.com\/fr\/wp-json\/wp\/v2\/product_cat?post=43851"},{"taxonomy":"product_tag","embeddable":true,"href":"https:\/\/everx.com\/fr\/wp-json\/wp\/v2\/product_tag?post=43851"}],"curies":[{"name":"wp","href":"https:\/\/api.w.org\/{rel}","templated":true}]}}