{"id":43850,"date":"2024-11-02T12:57:16","date_gmt":"2024-11-02T12:57:16","guid":{"rendered":"https:\/\/everx.com\/product\/ge-logiq-p5-ex3075\/"},"modified":"2024-11-02T12:57:16","modified_gmt":"2024-11-02T12:57:16","slug":"ge-logiq-p5-ex3075","status":"publish","type":"product","link":"https:\/\/everx.com\/fr\/product\/ge-logiq-p5-ex3075\/","title":{"rendered":"GE Logiq P5 EX3075"},"content":{"rendered":"<p><span style=\"color: #cb2026;\">Ce produit a \u00e9t\u00e9 vendu. N&rsquo;h\u00e9sitez pas \u00e0 nous contacter si vous recherchez un produit similaire.   <\/span><\/p>\n<p>GE Logiq P5 Fabriqu\u00e9 : October 2012 Location : Australie (EX3075) Num\u00e9ro de s\u00e9rie : 196523SU5 Version du logiciel : R4.0.5 Options install\u00e9es : Basic, Dicom, CrossBeam, SRI Choix de sondes : 4C, 9L, 3Sp<\/p>\n","protected":false},"excerpt":{"rendered":"<p>Ce produit a \u00e9t\u00e9 vendu. N&rsquo;h\u00e9sitez pas \u00e0 nous contacter si vous recherchez un produit similaire. GE Logiq P5 Fabriqu\u00e9 : October 2012 Location : Australie (EX3075) Num\u00e9ro de s\u00e9rie : 196523SU5 Version du logiciel : R4.0.5 Options install\u00e9es : Basic, Dicom, CrossBeam, SRI Choix de sondes : 4C, 9L, 3Sp<\/p>\n","protected":false},"featured_media":43852,"comment_status":"open","ping_status":"closed","template":"","meta":{"_acf_changed":false},"product_brand":[],"product_cat":[591],"product_tag":[592,593,589],"class_list":{"0":"post-43850","1":"product","2":"type-product","3":"status-publish","4":"has-post-thumbnail","6":"product_cat-ultrasound-fr","7":"product_tag-sold-fr","8":"product_tag-ge-fr","9":"product_tag-australia-fr","10":"product_tag-sold","12":"first","13":"outofstock","14":"shipping-taxable","15":"purchasable","16":"product-type-simple"},"acf":[],"jetpack_sharing_enabled":true,"_links":{"self":[{"href":"https:\/\/everx.com\/fr\/wp-json\/wp\/v2\/product\/43850","targetHints":{"allow":["GET"]}}],"collection":[{"href":"https:\/\/everx.com\/fr\/wp-json\/wp\/v2\/product"}],"about":[{"href":"https:\/\/everx.com\/fr\/wp-json\/wp\/v2\/types\/product"}],"replies":[{"embeddable":true,"href":"https:\/\/everx.com\/fr\/wp-json\/wp\/v2\/comments?post=43850"}],"wp:featuredmedia":[{"embeddable":true,"href":"https:\/\/everx.com\/fr\/wp-json\/wp\/v2\/media\/43852"}],"wp:attachment":[{"href":"https:\/\/everx.com\/fr\/wp-json\/wp\/v2\/media?parent=43850"}],"wp:term":[{"taxonomy":"product_brand","embeddable":true,"href":"https:\/\/everx.com\/fr\/wp-json\/wp\/v2\/product_brand?post=43850"},{"taxonomy":"product_cat","embeddable":true,"href":"https:\/\/everx.com\/fr\/wp-json\/wp\/v2\/product_cat?post=43850"},{"taxonomy":"product_tag","embeddable":true,"href":"https:\/\/everx.com\/fr\/wp-json\/wp\/v2\/product_tag?post=43850"}],"curies":[{"name":"wp","href":"https:\/\/api.w.org\/{rel}","templated":true}]}}