{"id":43731,"date":"2024-11-02T12:57:12","date_gmt":"2024-11-02T12:57:12","guid":{"rendered":"https:\/\/everx.com\/product\/toshiba-asteion-s4-nex160\/"},"modified":"2024-11-02T12:57:12","modified_gmt":"2024-11-02T12:57:12","slug":"toshiba-asteion-s4-nex160","status":"publish","type":"product","link":"https:\/\/everx.com\/fr\/product\/toshiba-asteion-s4-nex160\/","title":{"rendered":"Toshiba Asteion S4 NEX160"},"content":{"rendered":"<p><span style=\"color: #cb2026;\">Ce produit a \u00e9t\u00e9 vendu. N&rsquo;h\u00e9sitez pas \u00e0 nous contacter si vous recherchez un produit similaire.   <\/span><\/p>\n<p>Toshiba Asteion S4 CT scanner<\/p>\n<p>Manufactured: 2008<\/p>\n<p>Lieu : Japon (NEX160) Temps de coupe actuel : Environ 180 000 Nombre d&rsquo;expositions actuel : Environ 200 000 Dernier changement de tube : Avril 2012. Options install\u00e9es : ALATO_3DVIEWER, ALATO_MULTISLICECT, ALATO_STANDARD, DIM_EXP, D_PRT_BW, D_PRT_COLOR, MULTIVIEW, PRINT_SCU, REALEC, REAL_PREP, REAL_VIEW, STRG_SCU, TIFF<\/p>\n","protected":false},"excerpt":{"rendered":"<p>Ce produit a \u00e9t\u00e9 vendu. N&rsquo;h\u00e9sitez pas \u00e0 nous contacter si vous recherchez un produit similaire. Toshiba Asteion S4 CT scanner Manufactured: 2008 Lieu : Japon (NEX160) Temps de coupe actuel : Environ 180 000 Nombre d&rsquo;expositions actuel : Environ 200 000 Dernier changement de tube : Avril 2012. Options install\u00e9es : ALATO_3DVIEWER, ALATO_MULTISLICECT, ALATO_STANDARD, [&hellip;]<\/p>\n","protected":false},"featured_media":43733,"comment_status":"open","ping_status":"closed","template":"","meta":{"_acf_changed":false},"product_brand":[],"product_cat":[597],"product_tag":[624,605,592],"class_list":{"0":"post-43731","1":"product","2":"type-product","3":"status-publish","4":"has-post-thumbnail","6":"product_cat-ct-fr","7":"product_tag-japan-fr","8":"product_tag-toshiba-fr","9":"product_tag-sold-fr","10":"product_tag-sold","12":"first","13":"outofstock","14":"shipping-taxable","15":"purchasable","16":"product-type-simple"},"acf":[],"jetpack_sharing_enabled":true,"_links":{"self":[{"href":"https:\/\/everx.com\/fr\/wp-json\/wp\/v2\/product\/43731","targetHints":{"allow":["GET"]}}],"collection":[{"href":"https:\/\/everx.com\/fr\/wp-json\/wp\/v2\/product"}],"about":[{"href":"https:\/\/everx.com\/fr\/wp-json\/wp\/v2\/types\/product"}],"replies":[{"embeddable":true,"href":"https:\/\/everx.com\/fr\/wp-json\/wp\/v2\/comments?post=43731"}],"wp:featuredmedia":[{"embeddable":true,"href":"https:\/\/everx.com\/fr\/wp-json\/wp\/v2\/media\/43733"}],"wp:attachment":[{"href":"https:\/\/everx.com\/fr\/wp-json\/wp\/v2\/media?parent=43731"}],"wp:term":[{"taxonomy":"product_brand","embeddable":true,"href":"https:\/\/everx.com\/fr\/wp-json\/wp\/v2\/product_brand?post=43731"},{"taxonomy":"product_cat","embeddable":true,"href":"https:\/\/everx.com\/fr\/wp-json\/wp\/v2\/product_cat?post=43731"},{"taxonomy":"product_tag","embeddable":true,"href":"https:\/\/everx.com\/fr\/wp-json\/wp\/v2\/product_tag?post=43731"}],"curies":[{"name":"wp","href":"https:\/\/api.w.org\/{rel}","templated":true}]}}