{"id":43654,"date":"2024-11-02T12:57:33","date_gmt":"2024-11-02T12:57:33","guid":{"rendered":"https:\/\/everx.com\/product\/ge-seno-essentials-mammographie-ex2826\/"},"modified":"2025-08-11T13:30:22","modified_gmt":"2025-08-11T13:30:22","slug":"ge-seno-essentials-mammographie-ex2826","status":"publish","type":"product","link":"https:\/\/everx.com\/fr\/product\/ge-seno-essentials-mammographie-ex2826\/","title":{"rendered":"GE Seno Essentials Mammographie &#8211; EX2826"},"content":{"rendered":"<p><span style=\"color: #cb2026;\">Ce produit a \u00e9t\u00e9 vendu. Veuillez nous contacter si vous recherchez quelque chose de similaire.  <\/span><\/p>\n<p><strong>Syst\u00e8me de mammographie num\u00e9rique GE Seno Essential d&rsquo;occasion  <\/strong><\/p>\n<p><strong><span style=\"color: #0957a2;\">Excellent \u00e9tat<\/span><\/strong><\/p>\n<p><strong>Fabriqu\u00e9 : Juin 2010<\/strong><\/p>\n<p><strong>Type de tube : Apollon<\/strong><\/p>\n<p><strong>Tube fabriqu\u00e9 : Octobre 2018<\/strong><\/p>\n<p><strong>Localisation : \u00c9TATS-UNIS (EX2826)<\/strong><\/p>\n","protected":false},"excerpt":{"rendered":"<p>Ce produit a \u00e9t\u00e9 vendu. Veuillez nous contacter si vous recherchez quelque chose de similaire. Syst\u00e8me de mammographie num\u00e9rique GE Seno Essential d&rsquo;occasion Excellent \u00e9tat Fabriqu\u00e9 : Juin 2010 Type de tube : Apollon Tube fabriqu\u00e9 : Octobre 2018 Localisation : \u00c9TATS-UNIS (EX2826)<\/p>\n","protected":false},"featured_media":43655,"comment_status":"open","ping_status":"closed","template":"","meta":{"_acf_changed":false},"product_brand":[],"product_cat":[606],"product_tag":[603,592,593],"class_list":{"0":"post-43654","1":"product","2":"type-product","3":"status-publish","4":"has-post-thumbnail","6":"product_cat-mammography-fr","7":"product_tag-usa-fr","8":"product_tag-sold-fr","9":"product_tag-ge-fr","10":"product_tag-sold","12":"first","13":"outofstock","14":"shipping-taxable","15":"purchasable","16":"product-type-simple"},"acf":[],"jetpack_sharing_enabled":true,"_links":{"self":[{"href":"https:\/\/everx.com\/fr\/wp-json\/wp\/v2\/product\/43654","targetHints":{"allow":["GET"]}}],"collection":[{"href":"https:\/\/everx.com\/fr\/wp-json\/wp\/v2\/product"}],"about":[{"href":"https:\/\/everx.com\/fr\/wp-json\/wp\/v2\/types\/product"}],"replies":[{"embeddable":true,"href":"https:\/\/everx.com\/fr\/wp-json\/wp\/v2\/comments?post=43654"}],"wp:featuredmedia":[{"embeddable":true,"href":"https:\/\/everx.com\/fr\/wp-json\/wp\/v2\/media\/43655"}],"wp:attachment":[{"href":"https:\/\/everx.com\/fr\/wp-json\/wp\/v2\/media?parent=43654"}],"wp:term":[{"taxonomy":"product_brand","embeddable":true,"href":"https:\/\/everx.com\/fr\/wp-json\/wp\/v2\/product_brand?post=43654"},{"taxonomy":"product_cat","embeddable":true,"href":"https:\/\/everx.com\/fr\/wp-json\/wp\/v2\/product_cat?post=43654"},{"taxonomy":"product_tag","embeddable":true,"href":"https:\/\/everx.com\/fr\/wp-json\/wp\/v2\/product_tag?post=43654"}],"curies":[{"name":"wp","href":"https:\/\/api.w.org\/{rel}","templated":true}]}}