{"id":43620,"date":"2024-11-02T12:57:34","date_gmt":"2024-11-02T12:57:34","guid":{"rendered":"https:\/\/everx.com\/product\/toshiba-asteion-s4-nex111\/"},"modified":"2024-11-02T12:57:34","modified_gmt":"2024-11-02T12:57:34","slug":"toshiba-asteion-s4-nex111","status":"publish","type":"product","link":"https:\/\/everx.com\/fr\/product\/toshiba-asteion-s4-nex111\/","title":{"rendered":"Toshiba Asteion S4 -NEX111"},"content":{"rendered":"<p><span style=\"color: #cb2026;\"><strong>Ce syst\u00e8me est maintenant vendu. Faites-nous savoir si vous \u00eates \u00e0 la recherche d&rsquo;un produit similaire. <\/strong><\/span><\/p>\n<p>Toshiba Asteion S4 CT scanner utilis\u00e9 avec un excellent tube Fabriqu\u00e9 : 2010 Localisation : Japon (NEX111) Nombre d&rsquo;expositions actuelles : 21 194 Temps de coupe : 16 234,3 sec Dernier changement de tube : 2019\/02\/21 Type de tube : CXB-400C (d\u00e9cembre 2018) Options install\u00e9es : ALATO_3DVIEWER, ALATO_MULTISLICECT, ALATO_STANDARD, DCM_CDR, DIM_EXP, D_PRT_BW, D_PRT_COLOR, MULTIVIEW, PRINT_SCU, REALEC, REAL_PREP, REAL_VIEW, STRG_SCU, TIFF, TSB_DVD, WINPRT<\/p>\n","protected":false},"excerpt":{"rendered":"<p>Ce syst\u00e8me est maintenant vendu. Faites-nous savoir si vous \u00eates \u00e0 la recherche d&rsquo;un produit similaire. Toshiba Asteion S4 CT scanner utilis\u00e9 avec un excellent tube Fabriqu\u00e9 : 2010 Localisation : Japon (NEX111) Nombre d&rsquo;expositions actuelles : 21 194 Temps de coupe : 16 234,3 sec Dernier changement de tube : 2019\/02\/21 Type de tube [&hellip;]<\/p>\n","protected":false},"featured_media":43621,"comment_status":"open","ping_status":"closed","template":"","meta":{"_acf_changed":false},"product_brand":[],"product_cat":[597],"product_tag":[624,605,592],"class_list":{"0":"post-43620","1":"product","2":"type-product","3":"status-publish","4":"has-post-thumbnail","6":"product_cat-ct-fr","7":"product_tag-japan-fr","8":"product_tag-toshiba-fr","9":"product_tag-sold-fr","10":"product_tag-sold","12":"first","13":"outofstock","14":"shipping-taxable","15":"purchasable","16":"product-type-simple"},"acf":[],"jetpack_sharing_enabled":true,"_links":{"self":[{"href":"https:\/\/everx.com\/fr\/wp-json\/wp\/v2\/product\/43620","targetHints":{"allow":["GET"]}}],"collection":[{"href":"https:\/\/everx.com\/fr\/wp-json\/wp\/v2\/product"}],"about":[{"href":"https:\/\/everx.com\/fr\/wp-json\/wp\/v2\/types\/product"}],"replies":[{"embeddable":true,"href":"https:\/\/everx.com\/fr\/wp-json\/wp\/v2\/comments?post=43620"}],"wp:featuredmedia":[{"embeddable":true,"href":"https:\/\/everx.com\/fr\/wp-json\/wp\/v2\/media\/43621"}],"wp:attachment":[{"href":"https:\/\/everx.com\/fr\/wp-json\/wp\/v2\/media?parent=43620"}],"wp:term":[{"taxonomy":"product_brand","embeddable":true,"href":"https:\/\/everx.com\/fr\/wp-json\/wp\/v2\/product_brand?post=43620"},{"taxonomy":"product_cat","embeddable":true,"href":"https:\/\/everx.com\/fr\/wp-json\/wp\/v2\/product_cat?post=43620"},{"taxonomy":"product_tag","embeddable":true,"href":"https:\/\/everx.com\/fr\/wp-json\/wp\/v2\/product_tag?post=43620"}],"curies":[{"name":"wp","href":"https:\/\/api.w.org\/{rel}","templated":true}]}}