{"id":43454,"date":"2024-11-02T12:57:31","date_gmt":"2024-11-02T12:57:31","guid":{"rendered":"https:\/\/everx.com\/product\/aquilion-lightning-160-tranche-nex135\/"},"modified":"2024-11-02T12:57:31","modified_gmt":"2024-11-02T12:57:31","slug":"aquilion-lightning-160-tranche-nex135","status":"publish","type":"product","link":"https:\/\/everx.com\/fr\/product\/aquilion-lightning-160-tranche-nex135\/","title":{"rendered":"Aquilion Lightning 160 tranche &#8211; NEX135"},"content":{"rendered":"<p><span style=\"color: #cb2026;\">Ce produit a \u00e9t\u00e9 vendu. Veuillez nous contacter si vous recherchez un produit similaire.   <\/span><\/p>\n<p>Canon Aquilion Lightning 160 tranche Fabriqu\u00e9 : Octobre 2020 Ver. du logiciel V10.4\/ Base Ver : V15.7 Emplacement actuel : Japon (NEX135) Nombre d&rsquo;expositions actuelles : 81,024 Dur\u00e9e de la tranche : 86,573.5 sec Dernier changement de tube : 23 octobre 2020 Type de tube : CXB-500B Options install\u00e9es : ALATO_3DVIEWER, ALATO_MULTISLICECT, ALATO_STANDARD, DAILY_CHECK, DCM_CDR, DIM_EXP, DOUBLESLICE, D_PRT_BW, D_PRT_COLOR, EHCT_SCP, EHCT_SCU, FAST_RECON, FAT_MEASURE, MULTIVIEW, MWM_SCU, ORBITSYNC, OVER64HEL, PRINT_SCU, REALEC, REAL_PREP, REAL_VIEW, REGISTTOOL, SCAN80ROW, SP_H50, SP_HSF, ST05SEC, STRG_SCU, TIFF, TOS_SERVICE, TSB_DVD, VHP, WINPRT<\/p>\n","protected":false},"excerpt":{"rendered":"<p>Ce produit a \u00e9t\u00e9 vendu. Veuillez nous contacter si vous recherchez un produit similaire. Canon Aquilion Lightning 160 tranche Fabriqu\u00e9 : Octobre 2020 Ver. du logiciel V10.4\/ Base Ver : V15.7 Emplacement actuel : Japon (NEX135) Nombre d&rsquo;expositions actuelles : 81,024 Dur\u00e9e de la tranche : 86,573.5 sec Dernier changement de tube : 23 octobre [&hellip;]<\/p>\n","protected":false},"featured_media":43455,"comment_status":"open","ping_status":"closed","template":"","meta":{"_acf_changed":false},"product_brand":[],"product_cat":[597],"product_tag":[624,615,592],"class_list":{"0":"post-43454","1":"product","2":"type-product","3":"status-publish","4":"has-post-thumbnail","6":"product_cat-ct-fr","7":"product_tag-japan-fr","8":"product_tag-canon-fr","9":"product_tag-sold-fr","10":"product_tag-sold","12":"first","13":"outofstock","14":"shipping-taxable","15":"purchasable","16":"product-type-simple"},"acf":[],"jetpack_sharing_enabled":true,"_links":{"self":[{"href":"https:\/\/everx.com\/fr\/wp-json\/wp\/v2\/product\/43454","targetHints":{"allow":["GET"]}}],"collection":[{"href":"https:\/\/everx.com\/fr\/wp-json\/wp\/v2\/product"}],"about":[{"href":"https:\/\/everx.com\/fr\/wp-json\/wp\/v2\/types\/product"}],"replies":[{"embeddable":true,"href":"https:\/\/everx.com\/fr\/wp-json\/wp\/v2\/comments?post=43454"}],"wp:featuredmedia":[{"embeddable":true,"href":"https:\/\/everx.com\/fr\/wp-json\/wp\/v2\/media\/43455"}],"wp:attachment":[{"href":"https:\/\/everx.com\/fr\/wp-json\/wp\/v2\/media?parent=43454"}],"wp:term":[{"taxonomy":"product_brand","embeddable":true,"href":"https:\/\/everx.com\/fr\/wp-json\/wp\/v2\/product_brand?post=43454"},{"taxonomy":"product_cat","embeddable":true,"href":"https:\/\/everx.com\/fr\/wp-json\/wp\/v2\/product_cat?post=43454"},{"taxonomy":"product_tag","embeddable":true,"href":"https:\/\/everx.com\/fr\/wp-json\/wp\/v2\/product_tag?post=43454"}],"curies":[{"name":"wp","href":"https:\/\/api.w.org\/{rel}","templated":true}]}}