{"id":43320,"date":"2024-11-02T12:57:19","date_gmt":"2024-11-02T12:57:19","guid":{"rendered":"https:\/\/everx.com\/product\/ge-voluson-e6-bt-13-5-ex3067\/"},"modified":"2025-08-13T06:49:20","modified_gmt":"2025-08-13T06:49:20","slug":"ge-voluson-e6-bt-13-5-ex3067","status":"publish","type":"product","link":"https:\/\/everx.com\/fr\/product\/ge-voluson-e6-bt-13-5-ex3067\/","title":{"rendered":"GE Voluson E6 BT 13.5 EX3067"},"content":{"rendered":"<p><span style=\"color: #cb2026;\">Ce produit a \u00e9t\u00e9 vendu. Veuillez nous contacter si vous recherchez quelque chose de similaire.  <\/span><\/p>\n<p>GE Voluson E6 BT 13.5<\/p>\n<p>Fabrication : Juillet 2015<\/p>\n<p>Localisation : Australie (EX3067)<\/p>\n<p>Num\u00e9ro de s\u00e9rie : D63943<\/p>\n<p>Version du logiciel : EC250<\/p>\n<p>Options install\u00e9es : Advanced 4D, SonoIT, HDlive, STIC, SonoVCAD Heart, SonoBiometry, BT Activation<\/p>\n<p>Choix des sondes : C1-5-D, RAB4-8-D<\/p>\n\n<p><\/p>\n","protected":false},"excerpt":{"rendered":"<p>Ce produit a \u00e9t\u00e9 vendu. Veuillez nous contacter si vous recherchez quelque chose de similaire. GE Voluson E6 BT 13.5 Fabrication : Juillet 2015 Localisation : Australie (EX3067) Num\u00e9ro de s\u00e9rie : D63943 Version du logiciel : EC250 Options install\u00e9es : Advanced 4D, SonoIT, HDlive, STIC, SonoVCAD Heart, SonoBiometry, BT Activation Choix des sondes : [&hellip;]<\/p>\n","protected":false},"featured_media":43325,"comment_status":"open","ping_status":"closed","template":"","meta":{"_acf_changed":false},"product_brand":[],"product_cat":[591],"product_tag":[592,593,589],"class_list":{"0":"post-43320","1":"product","2":"type-product","3":"status-publish","4":"has-post-thumbnail","6":"product_cat-ultrasound-fr","7":"product_tag-sold-fr","8":"product_tag-ge-fr","9":"product_tag-australia-fr","10":"product_tag-sold","12":"first","13":"outofstock","14":"shipping-taxable","15":"purchasable","16":"product-type-simple"},"acf":[],"jetpack_sharing_enabled":true,"_links":{"self":[{"href":"https:\/\/everx.com\/fr\/wp-json\/wp\/v2\/product\/43320","targetHints":{"allow":["GET"]}}],"collection":[{"href":"https:\/\/everx.com\/fr\/wp-json\/wp\/v2\/product"}],"about":[{"href":"https:\/\/everx.com\/fr\/wp-json\/wp\/v2\/types\/product"}],"replies":[{"embeddable":true,"href":"https:\/\/everx.com\/fr\/wp-json\/wp\/v2\/comments?post=43320"}],"wp:featuredmedia":[{"embeddable":true,"href":"https:\/\/everx.com\/fr\/wp-json\/wp\/v2\/media\/43325"}],"wp:attachment":[{"href":"https:\/\/everx.com\/fr\/wp-json\/wp\/v2\/media?parent=43320"}],"wp:term":[{"taxonomy":"product_brand","embeddable":true,"href":"https:\/\/everx.com\/fr\/wp-json\/wp\/v2\/product_brand?post=43320"},{"taxonomy":"product_cat","embeddable":true,"href":"https:\/\/everx.com\/fr\/wp-json\/wp\/v2\/product_cat?post=43320"},{"taxonomy":"product_tag","embeddable":true,"href":"https:\/\/everx.com\/fr\/wp-json\/wp\/v2\/product_tag?post=43320"}],"curies":[{"name":"wp","href":"https:\/\/api.w.org\/{rel}","templated":true}]}}