{"id":42990,"date":"2024-11-02T12:57:26","date_gmt":"2024-11-02T12:57:26","guid":{"rendered":"https:\/\/everx.com\/product\/toshiba-asteion-super-4-nex141\/"},"modified":"2024-11-02T12:57:26","modified_gmt":"2024-11-02T12:57:26","slug":"toshiba-asteion-super-4-nex141","status":"publish","type":"product","link":"https:\/\/everx.com\/fr\/product\/toshiba-asteion-super-4-nex141\/","title":{"rendered":"Toshiba Asteion Super 4 NEX141"},"content":{"rendered":"<p><span style=\"color: #cb2026;\">This product has now been sold. Kindly contact us if you are looking for something similar. <\/span><\/p>\n<p>Toshiba Asteion Super 4 CT Scanner YOM : 2008 Location : Japon (NEX141) Num\u00e9ro de s\u00e9rie : 1EC0894105 Tube install\u00e9 : Septembre 2008 Temps de coupe : 518 487 Nombre d&rsquo;expositions : 444,376<\/p>\n","protected":false},"excerpt":{"rendered":"<p>This product has now been sold. Kindly contact us if you are looking for something similar. Toshiba Asteion Super 4 CT Scanner YOM : 2008 Location : Japon (NEX141) Num\u00e9ro de s\u00e9rie : 1EC0894105 Tube install\u00e9 : Septembre 2008 Temps de coupe : 518 487 Nombre d&rsquo;expositions : 444,376<\/p>\n","protected":false},"featured_media":42991,"comment_status":"open","ping_status":"closed","template":"","meta":{"_acf_changed":false},"product_brand":[],"product_cat":[597],"product_tag":[624,605,592],"class_list":{"0":"post-42990","1":"product","2":"type-product","3":"status-publish","4":"has-post-thumbnail","6":"product_cat-ct-fr","7":"product_tag-japan-fr","8":"product_tag-toshiba-fr","9":"product_tag-sold-fr","10":"product_tag-sold","12":"first","13":"outofstock","14":"shipping-taxable","15":"purchasable","16":"product-type-simple"},"acf":[],"jetpack_sharing_enabled":true,"_links":{"self":[{"href":"https:\/\/everx.com\/fr\/wp-json\/wp\/v2\/product\/42990","targetHints":{"allow":["GET"]}}],"collection":[{"href":"https:\/\/everx.com\/fr\/wp-json\/wp\/v2\/product"}],"about":[{"href":"https:\/\/everx.com\/fr\/wp-json\/wp\/v2\/types\/product"}],"replies":[{"embeddable":true,"href":"https:\/\/everx.com\/fr\/wp-json\/wp\/v2\/comments?post=42990"}],"wp:featuredmedia":[{"embeddable":true,"href":"https:\/\/everx.com\/fr\/wp-json\/wp\/v2\/media\/42991"}],"wp:attachment":[{"href":"https:\/\/everx.com\/fr\/wp-json\/wp\/v2\/media?parent=42990"}],"wp:term":[{"taxonomy":"product_brand","embeddable":true,"href":"https:\/\/everx.com\/fr\/wp-json\/wp\/v2\/product_brand?post=42990"},{"taxonomy":"product_cat","embeddable":true,"href":"https:\/\/everx.com\/fr\/wp-json\/wp\/v2\/product_cat?post=42990"},{"taxonomy":"product_tag","embeddable":true,"href":"https:\/\/everx.com\/fr\/wp-json\/wp\/v2\/product_tag?post=42990"}],"curies":[{"name":"wp","href":"https:\/\/api.w.org\/{rel}","templated":true}]}}