{"id":42837,"date":"2024-11-02T12:57:25","date_gmt":"2024-11-02T12:57:25","guid":{"rendered":"https:\/\/everx.com\/product\/hitachi-eclos-16-nex143\/"},"modified":"2024-11-02T12:57:25","modified_gmt":"2024-11-02T12:57:25","slug":"hitachi-eclos-16-nex143","status":"publish","type":"product","link":"https:\/\/everx.com\/fr\/product\/hitachi-eclos-16-nex143\/","title":{"rendered":"Hitachi Eclos 16 NEX143"},"content":{"rendered":"<p><span style=\"color: #cb2026;\">Ce syst\u00e8me a \u00e9t\u00e9 vendu. N&rsquo;h\u00e9sitez pas \u00e0 nous contacter si vous cherchez quelque chose de similaire.   <\/span><\/p>\n<p>Hitachi Eclos 16 slice CT Scanner d&rsquo;occasion Num\u00e9ro de s\u00e9rie : E1446 Fabriqu\u00e9 : 2011 Localisation actuelle : Japon (NEX143) Tube remplac\u00e9 : 2016 Logiciel d&rsquo;application : V2.11 Logiciel syst\u00e8me : V2.10 G\u00e9n\u00e9rateur : 48 KW Tube : 3.5 MHU Nombre de tubes actuels = 396,608<\/p>\n","protected":false},"excerpt":{"rendered":"<p>Ce syst\u00e8me a \u00e9t\u00e9 vendu. N&rsquo;h\u00e9sitez pas \u00e0 nous contacter si vous cherchez quelque chose de similaire. Hitachi Eclos 16 slice CT Scanner d&rsquo;occasion Num\u00e9ro de s\u00e9rie : E1446 Fabriqu\u00e9 : 2011 Localisation actuelle : Japon (NEX143) Tube remplac\u00e9 : 2016 Logiciel d&rsquo;application : V2.11 Logiciel syst\u00e8me : V2.10 G\u00e9n\u00e9rateur : 48 KW Tube : [&hellip;]<\/p>\n","protected":false},"featured_media":42839,"comment_status":"open","ping_status":"closed","template":"","meta":{"_acf_changed":false},"product_brand":[],"product_cat":[597],"product_tag":[624,600,592],"class_list":{"0":"post-42837","1":"product","2":"type-product","3":"status-publish","4":"has-post-thumbnail","6":"product_cat-ct-fr","7":"product_tag-japan-fr","8":"product_tag-hitachi-fr","9":"product_tag-sold-fr","10":"product_tag-sold","12":"first","13":"outofstock","14":"shipping-taxable","15":"purchasable","16":"product-type-simple"},"acf":[],"jetpack_sharing_enabled":true,"_links":{"self":[{"href":"https:\/\/everx.com\/fr\/wp-json\/wp\/v2\/product\/42837","targetHints":{"allow":["GET"]}}],"collection":[{"href":"https:\/\/everx.com\/fr\/wp-json\/wp\/v2\/product"}],"about":[{"href":"https:\/\/everx.com\/fr\/wp-json\/wp\/v2\/types\/product"}],"replies":[{"embeddable":true,"href":"https:\/\/everx.com\/fr\/wp-json\/wp\/v2\/comments?post=42837"}],"wp:featuredmedia":[{"embeddable":true,"href":"https:\/\/everx.com\/fr\/wp-json\/wp\/v2\/media\/42839"}],"wp:attachment":[{"href":"https:\/\/everx.com\/fr\/wp-json\/wp\/v2\/media?parent=42837"}],"wp:term":[{"taxonomy":"product_brand","embeddable":true,"href":"https:\/\/everx.com\/fr\/wp-json\/wp\/v2\/product_brand?post=42837"},{"taxonomy":"product_cat","embeddable":true,"href":"https:\/\/everx.com\/fr\/wp-json\/wp\/v2\/product_cat?post=42837"},{"taxonomy":"product_tag","embeddable":true,"href":"https:\/\/everx.com\/fr\/wp-json\/wp\/v2\/product_tag?post=42837"}],"curies":[{"name":"wp","href":"https:\/\/api.w.org\/{rel}","templated":true}]}}