{"id":42808,"date":"2024-11-02T12:57:23","date_gmt":"2024-11-02T12:57:23","guid":{"rendered":"https:\/\/everx.com\/product\/ge-450w-gems-1-5t-ex2970\/"},"modified":"2024-11-02T12:57:23","modified_gmt":"2024-11-02T12:57:23","slug":"ge-450w-gems-1-5t-ex2970","status":"publish","type":"product","link":"https:\/\/everx.com\/fr\/product\/ge-450w-gems-1-5t-ex2970\/","title":{"rendered":"GE 450W GEMS 1.5T EX2970"},"content":{"rendered":"<p>GE 450W GEMS 1.5T MRI Fabriqu\u00e9 : 2011 Location : Australie (EX2970) Nombre de canaux Rx : 32 Version du logiciel : DV25.1 R03_1802.a Type de table : Table DV Principales bobines GEM : 8CH Knee, GEMS Anterior Array, GEMS Flex Coil 16-L Array, HNU and Posterior Array Options : cine, epli, fastgrass, fse2, pcvi, spectro, gtof, sgd, dwepi, flairepi, special, smartprep, ssfse, threeplane, hisris, e3dtof, fsexl, bloodsupp, fastcine, sgdperf, idrivePro, idrive, sprep99, probe99, rtca, ushorttr, t2bhold, ssfsemrcp, t1bhold, acgdplus, ftmra, ssfsexl, fiesta2d, fiesta3d, asset, probep, navigator, tensor, FR3DFSE, tricks, fiestac, breast2, propdwi, delenhmt3d, fiesta3dfs, propt2, ideal, propbody, lavade, inlineviz, vibrantde, merge3d, cubet2, mfgre2d, arc, fctlfusn, de3d, quickstep, fiesta2dfs, lava, FLAIR3D, MPhVar, blflwmaps, t2map, merge2d, lavaxv, bravo, cosmic3d, inhan3dpc, inhanifir, swan3d, inhan2dtof, bstataif, propt2flr, propt1flr, prop, inh3dflow, edwi, cineir, heart3d, iprotect, phaseimg, bodynav, silentprp, dwprep, chemshift, mdeplus, cubedir, Niveau d&rsquo;h\u00e9lium actuel &#8211; 82% Derni\u00e8re t\u00eate froide remplac\u00e9e en juin 2021<\/p>\n","protected":false},"excerpt":{"rendered":"<p>GE 450W GEMS 1.5T MRI Fabriqu\u00e9 : 2011 Location : Australie (EX2970) Nombre de canaux Rx : 32 Version du logiciel : DV25.1 R03_1802.a Type de table : Table DV Principales bobines GEM : 8CH Knee, GEMS Anterior Array, GEMS Flex Coil 16-L Array, HNU and Posterior Array Options : cine, epli, fastgrass, fse2, pcvi, [&hellip;]<\/p>\n","protected":false},"featured_media":42812,"comment_status":"open","ping_status":"closed","template":"","meta":{"_acf_changed":false},"product_brand":[],"product_cat":[585],"product_tag":[592,593,589],"class_list":{"0":"post-42808","1":"product","2":"type-product","3":"status-publish","4":"has-post-thumbnail","6":"product_cat-mri-fr","7":"product_tag-sold-fr","8":"product_tag-ge-fr","9":"product_tag-australia-fr","10":"product_tag-sold","12":"first","13":"outofstock","14":"virtual","15":"purchasable","16":"product-type-simple"},"acf":[],"jetpack_sharing_enabled":true,"_links":{"self":[{"href":"https:\/\/everx.com\/fr\/wp-json\/wp\/v2\/product\/42808","targetHints":{"allow":["GET"]}}],"collection":[{"href":"https:\/\/everx.com\/fr\/wp-json\/wp\/v2\/product"}],"about":[{"href":"https:\/\/everx.com\/fr\/wp-json\/wp\/v2\/types\/product"}],"replies":[{"embeddable":true,"href":"https:\/\/everx.com\/fr\/wp-json\/wp\/v2\/comments?post=42808"}],"wp:featuredmedia":[{"embeddable":true,"href":"https:\/\/everx.com\/fr\/wp-json\/wp\/v2\/media\/42812"}],"wp:attachment":[{"href":"https:\/\/everx.com\/fr\/wp-json\/wp\/v2\/media?parent=42808"}],"wp:term":[{"taxonomy":"product_brand","embeddable":true,"href":"https:\/\/everx.com\/fr\/wp-json\/wp\/v2\/product_brand?post=42808"},{"taxonomy":"product_cat","embeddable":true,"href":"https:\/\/everx.com\/fr\/wp-json\/wp\/v2\/product_cat?post=42808"},{"taxonomy":"product_tag","embeddable":true,"href":"https:\/\/everx.com\/fr\/wp-json\/wp\/v2\/product_tag?post=42808"}],"curies":[{"name":"wp","href":"https:\/\/api.w.org\/{rel}","templated":true}]}}