{"id":42736,"date":"2024-11-02T12:57:21","date_gmt":"2024-11-02T12:57:21","guid":{"rendered":"https:\/\/everx.com\/product\/hitachi-aperto-inspire-0-4t-nex152\/"},"modified":"2025-08-11T05:42:21","modified_gmt":"2025-08-11T05:42:21","slug":"hitachi-aperto-inspire-0-4t-nex152","status":"publish","type":"product","link":"https:\/\/everx.com\/fr\/product\/hitachi-aperto-inspire-0-4t-nex152\/","title":{"rendered":"Hitachi Aperto Inspire 0.4T NEX152"},"content":{"rendered":"<p><strong><span style=\"color: #cb2026;\">Cette machine est maintenant vendue. N&rsquo;h\u00e9sitez pas \u00e0 nous contacter si vous recherchez un produit similaire. <\/span><\/strong><\/p>\n<p>Hitach Aperto Inspire 0.4T d&rsquo;occasion<\/p>\n<p>Fabriqu\u00e9 : 2005<\/p>\n<p>Localisation : Japon (NEX152)<\/p>\n<p>Version du logiciel : V5.0S<\/p>\n<p>Bobines : MR-QFC-82AN (bobine pour le corps), MR-JCR-83 (bobine pour les articulations L), MR-JCR-82 (bobine pour les articulations M), MR-QHC-81 (bobine pour la t\u00eate), MR-QKC-83 (bobine pour le genou).  <\/p>\n","protected":false},"excerpt":{"rendered":"<p>Cette machine est maintenant vendue. N&rsquo;h\u00e9sitez pas \u00e0 nous contacter si vous recherchez un produit similaire. Hitach Aperto Inspire 0.4T d&rsquo;occasion Fabriqu\u00e9 : 2005 Localisation : Japon (NEX152) Version du logiciel : V5.0S Bobines : MR-QFC-82AN (bobine pour le corps), MR-JCR-83 (bobine pour les articulations L), MR-JCR-82 (bobine pour les articulations M), MR-QHC-81 (bobine pour [&hellip;]<\/p>\n","protected":false},"featured_media":42738,"comment_status":"open","ping_status":"closed","template":"","meta":{"_acf_changed":false},"product_brand":[],"product_cat":[585],"product_tag":[624,600,592],"class_list":{"0":"post-42736","1":"product","2":"type-product","3":"status-publish","4":"has-post-thumbnail","6":"product_cat-mri-fr","7":"product_tag-japan-fr","8":"product_tag-hitachi-fr","9":"product_tag-sold-fr","10":"product_tag-sold","12":"first","13":"outofstock","14":"shipping-taxable","15":"purchasable","16":"product-type-simple"},"acf":[],"jetpack_sharing_enabled":true,"_links":{"self":[{"href":"https:\/\/everx.com\/fr\/wp-json\/wp\/v2\/product\/42736","targetHints":{"allow":["GET"]}}],"collection":[{"href":"https:\/\/everx.com\/fr\/wp-json\/wp\/v2\/product"}],"about":[{"href":"https:\/\/everx.com\/fr\/wp-json\/wp\/v2\/types\/product"}],"replies":[{"embeddable":true,"href":"https:\/\/everx.com\/fr\/wp-json\/wp\/v2\/comments?post=42736"}],"wp:featuredmedia":[{"embeddable":true,"href":"https:\/\/everx.com\/fr\/wp-json\/wp\/v2\/media\/42738"}],"wp:attachment":[{"href":"https:\/\/everx.com\/fr\/wp-json\/wp\/v2\/media?parent=42736"}],"wp:term":[{"taxonomy":"product_brand","embeddable":true,"href":"https:\/\/everx.com\/fr\/wp-json\/wp\/v2\/product_brand?post=42736"},{"taxonomy":"product_cat","embeddable":true,"href":"https:\/\/everx.com\/fr\/wp-json\/wp\/v2\/product_cat?post=42736"},{"taxonomy":"product_tag","embeddable":true,"href":"https:\/\/everx.com\/fr\/wp-json\/wp\/v2\/product_tag?post=42736"}],"curies":[{"name":"wp","href":"https:\/\/api.w.org\/{rel}","templated":true}]}}