{"id":42473,"date":"2024-11-02T12:57:28","date_gmt":"2024-11-02T12:57:28","guid":{"rendered":"https:\/\/everx.com\/product\/siemens-emotion-16-ex2916\/"},"modified":"2024-11-02T12:57:28","modified_gmt":"2024-11-02T12:57:28","slug":"siemens-emotion-16-ex2916","status":"publish","type":"product","link":"https:\/\/everx.com\/fr\/product\/siemens-emotion-16-ex2916\/","title":{"rendered":"Siemens Emotion 16 \u2013 EX2916"},"content":{"rendered":"<p><span style=\"color: #cb2026;\">Este sistema ha sido vendido. Por favor cont\u00e1ctenos si est\u00e1 buscando algo similar.  <\/span><\/p>\n<p>Esc\u00e1ner CT Siemens Emotion 16 Slice usado con tubo 2022 y dosis Care S.No.-86188 Ubicaci\u00f3n: EE. UU. (EX2916) Fabricado: septiembre de 2013 Tipo de tubo: DURA 422-MV \/ MCT_172 Torre ICS: 11B, torre IES: 10G ICS Software: Segundos de escaneo de tubo VB42B: 37.081,1 Cambio de tubo: 31 de enero Opciones instaladas 2022: CAP3D_ BONEREMOVAL, DICOM_SR_VIEWER, SCAN_AUTOREGION, EMOTION16, RECON_ITERATIVE_IRIS, MR_Support_i, Table_Horizon_Compensation, GET_WORKLIST, CAP3D_FILTER_SSD, CAP3D_FILTER_MIP, CAP3D_MAIN, CAP3D_VOIMODE, BOLUS_TRACK, CARE_DOSE, SYNGO_GENERAL_LICENSE, CAP3D_FILTER_VRT, CAP3D_EDITOR, MPPS_SUPPORT, VOLUME_WORKFLOW, RTD, RECON_PLUS<\/p>\n","protected":false},"excerpt":{"rendered":"<p>Este sistema ha sido vendido. Por favor cont\u00e1ctenos si est\u00e1 buscando algo similar. Esc\u00e1ner CT Siemens Emotion 16 Slice usado con tubo 2022 y dosis Care S.No.-86188 Ubicaci\u00f3n: EE. UU. (EX2916) Fabricado: septiembre de 2013 Tipo de tubo: DURA 422-MV \/ MCT_172 Torre ICS: 11B, torre IES: 10G ICS Software: Segundos de escaneo de tubo [&hellip;]<\/p>\n","protected":false},"featured_media":42474,"comment_status":"open","ping_status":"closed","template":"","meta":{"_acf_changed":false},"product_brand":[],"product_cat":[597],"product_tag":[603,592,586],"class_list":{"0":"post-42473","1":"product","2":"type-product","3":"status-publish","4":"has-post-thumbnail","6":"product_cat-ct-fr","7":"product_tag-usa-fr","8":"product_tag-sold-fr","9":"product_tag-siemens-fr","10":"product_tag-sold","12":"first","13":"outofstock","14":"shipping-taxable","15":"purchasable","16":"product-type-simple"},"acf":[],"jetpack_sharing_enabled":true,"_links":{"self":[{"href":"https:\/\/everx.com\/fr\/wp-json\/wp\/v2\/product\/42473","targetHints":{"allow":["GET"]}}],"collection":[{"href":"https:\/\/everx.com\/fr\/wp-json\/wp\/v2\/product"}],"about":[{"href":"https:\/\/everx.com\/fr\/wp-json\/wp\/v2\/types\/product"}],"replies":[{"embeddable":true,"href":"https:\/\/everx.com\/fr\/wp-json\/wp\/v2\/comments?post=42473"}],"wp:featuredmedia":[{"embeddable":true,"href":"https:\/\/everx.com\/fr\/wp-json\/wp\/v2\/media\/42474"}],"wp:attachment":[{"href":"https:\/\/everx.com\/fr\/wp-json\/wp\/v2\/media?parent=42473"}],"wp:term":[{"taxonomy":"product_brand","embeddable":true,"href":"https:\/\/everx.com\/fr\/wp-json\/wp\/v2\/product_brand?post=42473"},{"taxonomy":"product_cat","embeddable":true,"href":"https:\/\/everx.com\/fr\/wp-json\/wp\/v2\/product_cat?post=42473"},{"taxonomy":"product_tag","embeddable":true,"href":"https:\/\/everx.com\/fr\/wp-json\/wp\/v2\/product_tag?post=42473"}],"curies":[{"name":"wp","href":"https:\/\/api.w.org\/{rel}","templated":true}]}}