{"id":41990,"date":"2024-11-02T12:58:15","date_gmt":"2024-11-02T12:58:15","guid":{"rendered":"https:\/\/everx.com\/product\/toshiba-aplio-500-ex1907\/"},"modified":"2025-01-20T12:17:20","modified_gmt":"2025-01-20T12:17:20","slug":"toshiba-aplio-500-ex1907","status":"publish","type":"product","link":"https:\/\/everx.com\/fr\/product\/toshiba-aplio-500-ex1907\/","title":{"rendered":"Toshiba Aplio 500 &#8211; EX1907"},"content":{"rendered":"<p><span style=\"color: #cb2026;\">Ce syst\u00e8me est maintenant vendu. Faites-nous savoir si vous \u00eates \u00e0 la recherche d&rsquo;un produit similaire. <\/span><\/p>\n<p>Toshiba Aplio 500 d&rsquo;occasion &#8211; excellent \u00e9tat Fabriqu\u00e9 : 2015 -02 Localisation actuelle : Australie (EX1907) Logiciel ver : V6.00 R003 Sondes : 11L3, 9CV2, 14L5, 11MC4 (d&rsquo;autres sondes sont \u00e9galement disponibles)<\/p>\n","protected":false},"excerpt":{"rendered":"<p>Ce syst\u00e8me est maintenant vendu. Faites-nous savoir si vous \u00eates \u00e0 la recherche d&rsquo;un produit similaire. Toshiba Aplio 500 d&rsquo;occasion &#8211; excellent \u00e9tat Fabriqu\u00e9 : 2015 -02 Localisation actuelle : Australie (EX1907) Logiciel ver : V6.00 R003 Sondes : 11L3, 9CV2, 14L5, 11MC4 (d&rsquo;autres sondes sont \u00e9galement disponibles)<\/p>\n","protected":false},"featured_media":42006,"comment_status":"open","ping_status":"closed","template":"","meta":{"_acf_changed":false},"product_brand":[],"product_cat":[591],"product_tag":[605,592,589],"class_list":{"0":"post-41990","1":"product","2":"type-product","3":"status-publish","4":"has-post-thumbnail","6":"product_cat-ultrasound-fr","7":"product_tag-toshiba-fr","8":"product_tag-sold-fr","9":"product_tag-australia-fr","10":"product_tag-sold","12":"first","13":"outofstock","14":"shipping-taxable","15":"purchasable","16":"product-type-simple"},"acf":[],"jetpack_sharing_enabled":true,"_links":{"self":[{"href":"https:\/\/everx.com\/fr\/wp-json\/wp\/v2\/product\/41990","targetHints":{"allow":["GET"]}}],"collection":[{"href":"https:\/\/everx.com\/fr\/wp-json\/wp\/v2\/product"}],"about":[{"href":"https:\/\/everx.com\/fr\/wp-json\/wp\/v2\/types\/product"}],"replies":[{"embeddable":true,"href":"https:\/\/everx.com\/fr\/wp-json\/wp\/v2\/comments?post=41990"}],"wp:featuredmedia":[{"embeddable":true,"href":"https:\/\/everx.com\/fr\/wp-json\/wp\/v2\/media\/42006"}],"wp:attachment":[{"href":"https:\/\/everx.com\/fr\/wp-json\/wp\/v2\/media?parent=41990"}],"wp:term":[{"taxonomy":"product_brand","embeddable":true,"href":"https:\/\/everx.com\/fr\/wp-json\/wp\/v2\/product_brand?post=41990"},{"taxonomy":"product_cat","embeddable":true,"href":"https:\/\/everx.com\/fr\/wp-json\/wp\/v2\/product_cat?post=41990"},{"taxonomy":"product_tag","embeddable":true,"href":"https:\/\/everx.com\/fr\/wp-json\/wp\/v2\/product_tag?post=41990"}],"curies":[{"name":"wp","href":"https:\/\/api.w.org\/{rel}","templated":true}]}}