{"id":41889,"date":"2024-11-02T12:58:20","date_gmt":"2024-11-02T12:58:20","guid":{"rendered":"https:\/\/everx.com\/product\/philips-fd20-ex1795\/"},"modified":"2025-08-08T11:49:57","modified_gmt":"2025-08-08T11:49:57","slug":"philips-fd20-ex1795","status":"publish","type":"product","link":"https:\/\/everx.com\/fr\/product\/philips-fd20-ex1795\/","title":{"rendered":"Philips FD20 &#8211; EX1795"},"content":{"rendered":"<p><strong><span style=\"color: #cb2026;\">Cette machine est maintenant vendue. Faites-nous savoir si vous recherchez un produit similaire. <\/span><\/strong><\/p>\n<p>Philips FD20 Cathlab (syst\u00e8me vasculaire)<\/p>\n<p>Fabriqu\u00e9: 2009<\/p>\n<p>Localisation actuelle : Australie (EX1795)<\/p>\n<p>Version du logiciel : 7.2.9<\/p>\n<p>Tube fabriqu\u00e9 : 2014<\/p>\n","protected":false},"excerpt":{"rendered":"<p>Cette machine est maintenant vendue. Faites-nous savoir si vous recherchez un produit similaire. Philips FD20 Cathlab (syst\u00e8me vasculaire) Fabriqu\u00e9: 2009 Localisation actuelle : Australie (EX1795) Version du logiciel : 7.2.9 Tube fabriqu\u00e9 : 2014<\/p>\n","protected":false},"featured_media":41905,"comment_status":"open","ping_status":"closed","template":"","meta":{"_acf_changed":false},"product_brand":[],"product_cat":[602],"product_tag":[598,592,589],"class_list":{"0":"post-41889","1":"product","2":"type-product","3":"status-publish","4":"has-post-thumbnail","6":"product_cat-cath-angio-lab-fr","7":"product_tag-philips-fr","8":"product_tag-sold-fr","9":"product_tag-australia-fr","10":"pa_sku-ex1795-fr","11":"product_tag-sold","13":"first","14":"outofstock","15":"shipping-taxable","16":"purchasable","17":"product-type-simple"},"acf":[],"jetpack_sharing_enabled":true,"_links":{"self":[{"href":"https:\/\/everx.com\/fr\/wp-json\/wp\/v2\/product\/41889","targetHints":{"allow":["GET"]}}],"collection":[{"href":"https:\/\/everx.com\/fr\/wp-json\/wp\/v2\/product"}],"about":[{"href":"https:\/\/everx.com\/fr\/wp-json\/wp\/v2\/types\/product"}],"replies":[{"embeddable":true,"href":"https:\/\/everx.com\/fr\/wp-json\/wp\/v2\/comments?post=41889"}],"wp:featuredmedia":[{"embeddable":true,"href":"https:\/\/everx.com\/fr\/wp-json\/wp\/v2\/media\/41905"}],"wp:attachment":[{"href":"https:\/\/everx.com\/fr\/wp-json\/wp\/v2\/media?parent=41889"}],"wp:term":[{"taxonomy":"product_brand","embeddable":true,"href":"https:\/\/everx.com\/fr\/wp-json\/wp\/v2\/product_brand?post=41889"},{"taxonomy":"product_cat","embeddable":true,"href":"https:\/\/everx.com\/fr\/wp-json\/wp\/v2\/product_cat?post=41889"},{"taxonomy":"product_tag","embeddable":true,"href":"https:\/\/everx.com\/fr\/wp-json\/wp\/v2\/product_tag?post=41889"}],"curies":[{"name":"wp","href":"https:\/\/api.w.org\/{rel}","templated":true}]}}