{"id":41873,"date":"2024-11-02T12:58:19","date_gmt":"2024-11-02T12:58:19","guid":{"rendered":"https:\/\/everx.com\/product\/ge-amx4-ex1711\/"},"modified":"2025-08-11T05:49:44","modified_gmt":"2025-08-11T05:49:44","slug":"ge-amx4-ex1711","status":"publish","type":"product","link":"https:\/\/everx.com\/fr\/product\/ge-amx4-ex1711\/","title":{"rendered":"GE AMX4+ EX1711"},"content":{"rendered":"<p>GE AMX4+ appareil de radiologie mobile<\/p>\n<p>Fabriqu\u00e9 en 2004<\/p>\n<p>Localisation actuelle : Australie (EX1711)<\/p>\n<p>Bon \u00e9tat de fonctionnement<\/p>\n<p><span style=\"color: #cb2026;\">Disponible \u00e0 la location en Australie<\/span><\/p>\n","protected":false},"excerpt":{"rendered":"<p>GE AMX4+ appareil de radiologie mobile Fabriqu\u00e9 en 2004 Localisation actuelle : Australie (EX1711) Bon \u00e9tat de fonctionnement Disponible \u00e0 la location en Australie<\/p>\n","protected":false},"featured_media":41875,"comment_status":"open","ping_status":"closed","template":"","meta":{"_acf_changed":false},"product_brand":[],"product_cat":[617],"product_tag":[592,593,589],"class_list":{"0":"post-41873","1":"product","2":"type-product","3":"status-publish","4":"has-post-thumbnail","6":"product_cat-x-ray-and-fluroscopy","7":"product_tag-sold-fr","8":"product_tag-ge-fr","9":"product_tag-australia-fr","10":"product_tag-sold","12":"first","13":"outofstock","14":"shipping-taxable","15":"purchasable","16":"product-type-simple"},"acf":[],"jetpack_sharing_enabled":true,"_links":{"self":[{"href":"https:\/\/everx.com\/fr\/wp-json\/wp\/v2\/product\/41873","targetHints":{"allow":["GET"]}}],"collection":[{"href":"https:\/\/everx.com\/fr\/wp-json\/wp\/v2\/product"}],"about":[{"href":"https:\/\/everx.com\/fr\/wp-json\/wp\/v2\/types\/product"}],"replies":[{"embeddable":true,"href":"https:\/\/everx.com\/fr\/wp-json\/wp\/v2\/comments?post=41873"}],"wp:featuredmedia":[{"embeddable":true,"href":"https:\/\/everx.com\/fr\/wp-json\/wp\/v2\/media\/41875"}],"wp:attachment":[{"href":"https:\/\/everx.com\/fr\/wp-json\/wp\/v2\/media?parent=41873"}],"wp:term":[{"taxonomy":"product_brand","embeddable":true,"href":"https:\/\/everx.com\/fr\/wp-json\/wp\/v2\/product_brand?post=41873"},{"taxonomy":"product_cat","embeddable":true,"href":"https:\/\/everx.com\/fr\/wp-json\/wp\/v2\/product_cat?post=41873"},{"taxonomy":"product_tag","embeddable":true,"href":"https:\/\/everx.com\/fr\/wp-json\/wp\/v2\/product_tag?post=41873"}],"curies":[{"name":"wp","href":"https:\/\/api.w.org\/{rel}","templated":true}]}}