{"id":41078,"date":"2024-11-02T12:59:08","date_gmt":"2024-11-02T12:59:08","guid":{"rendered":"https:\/\/everx.com\/product\/ge-profile-v-excite-0-2t-2149\/"},"modified":"2025-01-23T08:08:04","modified_gmt":"2025-01-23T08:08:04","slug":"ge-profile-v-excite-0-2t-2149","status":"publish","type":"product","link":"https:\/\/everx.com\/fr\/product\/ge-profile-v-excite-0-2t-2149\/","title":{"rendered":"GE Profile V Excite 0.2T &#8211; 2149"},"content":{"rendered":"<p><span style=\"color: #cb2026;\"><strong>Ce syst\u00e8me est actuellement vendu. Faites-nous savoir si vous recherchez un produit similaire. <\/strong><\/span><\/p>\n<p>GE Profile V Excite 0,2T IRM Ann\u00e9e-2006<\/p>\n<p>Bobines &#8211; T\u00eate &#8211; Corps\u3000L &#8211; Corps\u3000M &#8211; 9\u201d\u3000Flex &#8211; 4 pouces Contactez-nous pour plus de d\u00e9tails<\/p>\n","protected":false},"excerpt":{"rendered":"<p>Ce syst\u00e8me est actuellement vendu. Faites-nous savoir si vous recherchez un produit similaire. GE Profile V Excite 0,2T IRM Ann\u00e9e-2006 Bobines &#8211; T\u00eate &#8211; Corps\u3000L &#8211; Corps\u3000M &#8211; 9\u201d\u3000Flex &#8211; 4 pouces Contactez-nous pour plus de d\u00e9tails<\/p>\n","protected":false},"featured_media":41079,"comment_status":"open","ping_status":"closed","template":"","meta":{"_acf_changed":false},"product_brand":[],"product_cat":[585],"product_tag":[592,593],"class_list":{"0":"post-41078","1":"product","2":"type-product","3":"status-publish","4":"has-post-thumbnail","6":"product_cat-mri-fr","7":"product_tag-sold-fr","8":"product_tag-ge-fr","9":"product_tag-sold","11":"first","12":"outofstock","13":"shipping-taxable","14":"purchasable","15":"product-type-simple"},"acf":[],"jetpack_sharing_enabled":true,"_links":{"self":[{"href":"https:\/\/everx.com\/fr\/wp-json\/wp\/v2\/product\/41078","targetHints":{"allow":["GET"]}}],"collection":[{"href":"https:\/\/everx.com\/fr\/wp-json\/wp\/v2\/product"}],"about":[{"href":"https:\/\/everx.com\/fr\/wp-json\/wp\/v2\/types\/product"}],"replies":[{"embeddable":true,"href":"https:\/\/everx.com\/fr\/wp-json\/wp\/v2\/comments?post=41078"}],"wp:featuredmedia":[{"embeddable":true,"href":"https:\/\/everx.com\/fr\/wp-json\/wp\/v2\/media\/41079"}],"wp:attachment":[{"href":"https:\/\/everx.com\/fr\/wp-json\/wp\/v2\/media?parent=41078"}],"wp:term":[{"taxonomy":"product_brand","embeddable":true,"href":"https:\/\/everx.com\/fr\/wp-json\/wp\/v2\/product_brand?post=41078"},{"taxonomy":"product_cat","embeddable":true,"href":"https:\/\/everx.com\/fr\/wp-json\/wp\/v2\/product_cat?post=41078"},{"taxonomy":"product_tag","embeddable":true,"href":"https:\/\/everx.com\/fr\/wp-json\/wp\/v2\/product_tag?post=41078"}],"curies":[{"name":"wp","href":"https:\/\/api.w.org\/{rel}","templated":true}]}}