{"id":41046,"date":"2024-11-02T12:59:12","date_gmt":"2024-11-02T12:59:12","guid":{"rendered":"https:\/\/everx.com\/product\/ge-vct-64-slice\/"},"modified":"2025-08-08T07:17:29","modified_gmt":"2025-08-08T07:17:29","slug":"ge-vct-64-slice","status":"publish","type":"product","link":"https:\/\/everx.com\/fr\/product\/ge-vct-64-slice\/","title":{"rendered":"GE VCT 64 tranches"},"content":{"rendered":"<p><span style=\"color: #cb2026;\"><strong>Ce syst\u00e8me est actuellement vendu. Faites-nous savoir si vous recherchez un produit similaire. <\/strong><\/span><\/p>\n<p>Scanner CT GE VCT 64 coupes d&rsquo;occasion<\/p>\n<p>Localisation : Australie (EX804)<\/p>\n<p>Fabriqu\u00e9 : novembre 2010<\/p>\n<p>Type de tube : Hercules<\/p>\n<p>Tube remplac\u00e9 : d\u00e9cembre 2016<\/p>\n<p>Courant du tube mAs : 72 millions de mAs<\/p>\n<p>Options : Smart Prep, AutomA, S\u00e9rie 3000 images, Connect Pro, Exam Split, Direct-MPR, Exportation de donn\u00e9es, CopyComposer, Patient-64-Slice, VCT-85kw-Power, VCT-hi-Power, Sub-0.4-Secong-Scan, NeuroFileter, AutoFilter-and-Transfer, CardIQ SnapShot, SmartScore Pro, NoiseReductionFilter, EKGViewer, AxialShuttle, ASIR, CardIQSnapshot-Dine, ColumeCiewer, Dynamic Z-axis Tracking, Overlapped Recon &#8211; Axial, HelicalShuttle<\/p>\n","protected":false},"excerpt":{"rendered":"<p>Ce syst\u00e8me est actuellement vendu. Faites-nous savoir si vous recherchez un produit similaire. Scanner CT GE VCT 64 coupes d&rsquo;occasion Localisation : Australie (EX804) Fabriqu\u00e9 : novembre 2010 Type de tube : Hercules Tube remplac\u00e9 : d\u00e9cembre 2016 Courant du tube mAs : 72 millions de mAs Options : Smart Prep, AutomA, S\u00e9rie 3000 images, [&hellip;]<\/p>\n","protected":false},"featured_media":41047,"comment_status":"open","ping_status":"closed","template":"","meta":{"_acf_changed":false},"product_brand":[],"product_cat":[597],"product_tag":[592,593,589],"class_list":{"0":"post-41046","1":"product","2":"type-product","3":"status-publish","4":"has-post-thumbnail","6":"product_cat-ct-fr","7":"product_tag-sold-fr","8":"product_tag-ge-fr","9":"product_tag-australia-fr","10":"pa_sku-4478-fr","11":"product_tag-sold","13":"first","14":"outofstock","15":"shipping-taxable","16":"purchasable","17":"product-type-simple"},"acf":[],"jetpack_sharing_enabled":true,"_links":{"self":[{"href":"https:\/\/everx.com\/fr\/wp-json\/wp\/v2\/product\/41046","targetHints":{"allow":["GET"]}}],"collection":[{"href":"https:\/\/everx.com\/fr\/wp-json\/wp\/v2\/product"}],"about":[{"href":"https:\/\/everx.com\/fr\/wp-json\/wp\/v2\/types\/product"}],"replies":[{"embeddable":true,"href":"https:\/\/everx.com\/fr\/wp-json\/wp\/v2\/comments?post=41046"}],"wp:featuredmedia":[{"embeddable":true,"href":"https:\/\/everx.com\/fr\/wp-json\/wp\/v2\/media\/41047"}],"wp:attachment":[{"href":"https:\/\/everx.com\/fr\/wp-json\/wp\/v2\/media?parent=41046"}],"wp:term":[{"taxonomy":"product_brand","embeddable":true,"href":"https:\/\/everx.com\/fr\/wp-json\/wp\/v2\/product_brand?post=41046"},{"taxonomy":"product_cat","embeddable":true,"href":"https:\/\/everx.com\/fr\/wp-json\/wp\/v2\/product_cat?post=41046"},{"taxonomy":"product_tag","embeddable":true,"href":"https:\/\/everx.com\/fr\/wp-json\/wp\/v2\/product_tag?post=41046"}],"curies":[{"name":"wp","href":"https:\/\/api.w.org\/{rel}","templated":true}]}}