{"id":40931,"date":"2024-11-02T12:59:07","date_gmt":"2024-11-02T12:59:07","guid":{"rendered":"https:\/\/everx.com\/product\/siemens-trio-3-0t-4435\/"},"modified":"2025-01-20T12:52:57","modified_gmt":"2025-01-20T12:52:57","slug":"siemens-trio-3-0t-4435","status":"publish","type":"product","link":"https:\/\/everx.com\/fr\/product\/siemens-trio-3-0t-4435\/","title":{"rendered":"Siemens TRIO 3.0T &#8211; 4435"},"content":{"rendered":"<p><span style=\"color: #cb2026;\"><strong>Ce syst\u00e8me est actuellement vendu. Faites-nous savoir si vous \u00eates \u00e0 la recherche d&rsquo;une machine similaire. <\/strong><\/span><\/p>\n<p>IRM Siemens TRIO 3.0T Fabriqu\u00e9 en 2007 Localisation actuelle : Japon (M2966) Syst\u00e8me install\u00e9 et stock\u00e9 Niveau d&rsquo;h\u00e9lium actuel 60% Bobines : Matrice t\u00eate, Matrice cou, Matrice colonne vert\u00e9brale, Matrice corps, Sein 4Ch, Genou 8Ch, R\u00e9seau \u00e9paule petit, R\u00e9seau \u00e9paule grand, Boucle 4cm, Boucle 7cm, Boucle 11cm, Flex 4Ch grand, Flex 4Ch petit, Interface 4Ch<\/p>\n","protected":false},"excerpt":{"rendered":"<p>Ce syst\u00e8me est actuellement vendu. Faites-nous savoir si vous \u00eates \u00e0 la recherche d&rsquo;une machine similaire. IRM Siemens TRIO 3.0T Fabriqu\u00e9 en 2007 Localisation actuelle : Japon (M2966) Syst\u00e8me install\u00e9 et stock\u00e9 Niveau d&rsquo;h\u00e9lium actuel 60% Bobines : Matrice t\u00eate, Matrice cou, Matrice colonne vert\u00e9brale, Matrice corps, Sein 4Ch, Genou 8Ch, R\u00e9seau \u00e9paule petit, R\u00e9seau [&hellip;]<\/p>\n","protected":false},"featured_media":40932,"comment_status":"open","ping_status":"closed","template":"","meta":{"_acf_changed":false},"product_brand":[],"product_cat":[585],"product_tag":[624,592,586],"class_list":{"0":"post-40931","1":"product","2":"type-product","3":"status-publish","4":"has-post-thumbnail","6":"product_cat-mri-fr","7":"product_tag-japan-fr","8":"product_tag-sold-fr","9":"product_tag-siemens-fr","10":"product_tag-sold","12":"first","13":"outofstock","14":"shipping-taxable","15":"purchasable","16":"product-type-simple"},"acf":[],"jetpack_sharing_enabled":true,"_links":{"self":[{"href":"https:\/\/everx.com\/fr\/wp-json\/wp\/v2\/product\/40931","targetHints":{"allow":["GET"]}}],"collection":[{"href":"https:\/\/everx.com\/fr\/wp-json\/wp\/v2\/product"}],"about":[{"href":"https:\/\/everx.com\/fr\/wp-json\/wp\/v2\/types\/product"}],"replies":[{"embeddable":true,"href":"https:\/\/everx.com\/fr\/wp-json\/wp\/v2\/comments?post=40931"}],"wp:featuredmedia":[{"embeddable":true,"href":"https:\/\/everx.com\/fr\/wp-json\/wp\/v2\/media\/40932"}],"wp:attachment":[{"href":"https:\/\/everx.com\/fr\/wp-json\/wp\/v2\/media?parent=40931"}],"wp:term":[{"taxonomy":"product_brand","embeddable":true,"href":"https:\/\/everx.com\/fr\/wp-json\/wp\/v2\/product_brand?post=40931"},{"taxonomy":"product_cat","embeddable":true,"href":"https:\/\/everx.com\/fr\/wp-json\/wp\/v2\/product_cat?post=40931"},{"taxonomy":"product_tag","embeddable":true,"href":"https:\/\/everx.com\/fr\/wp-json\/wp\/v2\/product_tag?post=40931"}],"curies":[{"name":"wp","href":"https:\/\/api.w.org\/{rel}","templated":true}]}}