{"id":40898,"date":"2024-11-02T12:59:07","date_gmt":"2024-11-02T12:59:07","guid":{"rendered":"https:\/\/everx.com\/product\/siemens-trio-3t-4309\/"},"modified":"2025-01-23T08:02:06","modified_gmt":"2025-01-23T08:02:06","slug":"siemens-trio-3t-4309","status":"publish","type":"product","link":"https:\/\/everx.com\/fr\/product\/siemens-trio-3t-4309\/","title":{"rendered":"Siemens Trio 3T &#8211; 4309"},"content":{"rendered":"<p><span style=\"color: #cb2026;\"><strong>Ce syst\u00e8me est actuellement vendu. Faites-nous savoir si vous recherchez une machine similaire. <\/strong><\/span><\/p>\n<p>Siemens Trio 3T MRI system Model 2007 Current location: Australia (EX728) Still installed unit \u2013 From Australia &#8211; Available Third week of September 2017 MR configuration report shows RF channels = 18 Serial Number: 35298 Measurement Settings System Variant: Ex Factory \/\/ Number of Receiver Channels 18 \/\/ Type of Receiver Boards PCI_RX16 Number of Receiver Boards 2 ( 2 x 9 channels ) Transmitter TRA3 Gradient Power Amplifier K2259\/2000V\/650A\/TQ Gradient Coil AS092 Stimulation Monitor SAFE MODEL SAR guide line IEC RFPA K2180W35 Advanced SHIM Option Installed PMU Installed Patient Table K2253_WHOLEBODY Patient Table Range 2635 Table Trolley Installed Second Lightmarker None Cooling System SEP Unit Type Stationary Number of ERDU Buttons 2 Comfort Kit Installed Gradients = TQ engine Tab. 1 Gradient options and Performance values Performance TQ System type Trio Max. gradient field (X\/Y\/Z) 40\/40\/45 mT\/m Min. rise time 200 \u03bcsec. (0 &#8211; 40 mT\/m) Slew rate 200 T\/m\/s Max. gradient current 625 A Max. voltage (across Gradient Coil) 2000 V Gradient Coil AS 092 Measurement Settings System Variant Ex Factory Number of Receiver Channels 18 Type of Receiver Boards PCI_RX16 Number of Receiver Boards 2 Transmitter TRA3 Gradient Power Amplifier K2259\/2000V\/650A\/TQ Gradient Coil AS092 Stimulation Monitor SAFE MODEL SAR guide line IEC RFPA K2180W35 Advanced SHIM Option Installed PMU Installed Patient Table K2253_WHOLEBODY Patient Table Range 2635 Table Trolley Installed Second Lightmarker None Cooling System SEP Unit Type Stationary Number of ERDU Buttons 2 Comfort Kit Installed Coldhead Compressor Sumitomo F70 Inline Image Filter enabled Main Coil Body Available Coils &#8212; I suggest we simply list 80% of them \u2013 and keep 20% for next two units \u2013we are getting \u2013 making it evenly matched systems Neck 4 \/\/ Torso 6 \/\/ Head 12 \/\/ Knee 8 \/\/ Wrist 8 \/\/ Extremity 8 ch \/\/ Foot \/\/ Spine 24 \/\/ Shoulder 4<\/p>\n<p>Bobines<\/p>\n<p>8Ch_FootAnkle 8Ch_Knee 8Ch_Wrist BodyMatrix FlexLarge FlexSmall Loop_4 NeckMatrix PAMatrix_F PAMatrix_H ShoulderLarge ShoulderSmall SpineMatrix TxRx_CP_Extremity Informations sur la licence 1. N11BoldImaging 1.0 9-d\u00e9c.-2009 permanent 2. N11TGSE 1.0 9-d\u00e9c.-2009 permanent 3. N11Spectroscopy 1.0 9-d\u00e9c.-2009 permanent 4. CAP3D_FILTER_MIP 40.100 9-d\u00e9c.-2009 permanent 5. CAP3D_FILTER_SSD 40.100 9-d\u00e9c.-2009 permanent 6. CAP3D_VOIMODE 40.100 9-d\u00e9c.-2009 permanent 7. CAP3D_MAIN 40.100 9-d\u00e9c.-2009 permanent 8. GET_WORKLIST 40.100 9-d\u00e9c.-2009 permanent 9. N11AdvCardiac 1.0 9-d\u00e9c.-2009 permanent 10. MRI_ARGUS_MAIN 4.01 9-d\u00e9c.-2009 permanent 11. N_RoW 1.0 9-d\u00e9c.-2009 permanent 12. N11FlowQuant 1.0 9-d\u00e9c.-2009 permanent 13. N_SpecCsi 1.0 9-d\u00e9c.-2009 permanent 14. N_3D_PACE 1.0 9-d\u00e9c.-2009 permanent 15. MRI_ARGUS_FLOW_ANALYSIS 4.02 9-d\u00e9c.-2009 permanent 16. MR_SpecPostProc 1.0 9 d\u00e9c. 2009 permanent 17. MR_BoldEva_MAIN 1.0 9 d\u00e9c. 2009 permanent 18. N_PAT_Advanced 1.0 9 d\u00e9c. 2009 permanent 19. N_AdvFunctNeuro 1.0 9 d\u00e9c. 2009 permanent 20. MPPS_SUPPORT 1.0 9 d\u00e9c. 2009 permanent 21. MR_3D_FMRI_INLINE 1.0 9 d\u00e9c. 2009 permanent 22. MR_AutoAlign 1.0 9 d\u00e9c. 2009 permanent 23. MR_Composing_Spine 1.0 9 d\u00e9c. 2009 permanent 24. N_WholeBody 1.0 9 d\u00e9c. 2009 permanent 25. N_Diffusion 1.0 9 d\u00e9c. 2009 permanent 26. N_Perfusion 1.0 9 d\u00e9c. 2009 permanent 27. MR_3D_FMRI_BASE 1.0 9 d\u00e9c. 2009 permanent 28. N_TimApplication 1.0 9 d\u00e9c. 2009 permanent 29. N_MatrixMode 1.0 9 d\u00e9c. 2009 permanent 30. N11Adv3D 1.0 9 d\u00e9c. 2009 permanent 31. SYNGO_GENERAL_LICENSE 43.1 9 d\u00e9c. 2009 permanent 32. MR_DIS3D 1.0 9 d\u00e9c. 2009 permanent 33. TQ_Gradients 1.0 9 d\u00e9c. 2009 permanent 34. Tim_18_3T 1.0 9 d\u00e9c. 2009 permanent 35. N_InlineComposing 1.0 9-d\u00e9c.-2009 permanent 36. N_DiffusionTensorOffline 1.0 9-d\u00e9c.-2009 permanent 37. N_DiffusionTensorImaging 1.0 9-d\u00e9c.-2009 permanent 38. MR_SpineAutoAlign 1.0 9-d\u00e9c.-2009 permanent 39. N_Stepping 1.0 9-d\u00e9c.-2009 permanent 40. Tim_8_3T 1.0 9-d\u00e9c.-2009 permanent 41. MR_Expert_i 1.0 9-d\u00e9c.-2009 permanent 42. N_InlineDIS3D 1.0 8-d\u00e9c.-2009 permanent 43. N_SWI 1.0 9-d\u00e9c.-2009 permanent 44. N_BLADE 1.0 9-d\u00e9c.-2009 permanent 45. MRI_CV_MAIN 1.1 9-d\u00e9c.-2009 permanent 46. N_Dynamic3D 1.0 9-d\u00e9c.-2009 permanent 47. N_IClass 1.0 9-d\u00e9c.-2009 permanent<\/p>\n<p>48. N_PhoenixZIP 1.0 9-d\u00e9c.-2009 permanent 49. N_ParametricMap 1.0 9-d\u00e9c.-2009 permanent 50. MR_AutoAlign_Head_LS 1.0 8-d\u00e9c.-2009 permanent 51. MR_STEREOTACTIC_TSE 1.0 8-d\u00e9c.-2009 permanent 52. MR_Support_i 1.0 7-oct.-2010 permanent 53. N_Spec_3DCSI 1.0 8-d\u00e9c.-2009 permanent<\/p>\n","protected":false},"excerpt":{"rendered":"<p>Ce syst\u00e8me est actuellement vendu. Faites-nous savoir si vous recherchez une machine similaire. Siemens Trio 3T MRI system Model 2007 Current location: Australia (EX728) Still installed unit \u2013 From Australia &#8211; Available Third week of September 2017 MR configuration report shows RF channels = 18 Serial Number: 35298 Measurement Settings System Variant: Ex Factory \/\/ [&hellip;]<\/p>\n","protected":false},"featured_media":40899,"comment_status":"open","ping_status":"closed","template":"","meta":{"_acf_changed":false},"product_brand":[],"product_cat":[585],"product_tag":[592,589,586],"class_list":{"0":"post-40898","1":"product","2":"type-product","3":"status-publish","4":"has-post-thumbnail","6":"product_cat-mri-fr","7":"product_tag-sold-fr","8":"product_tag-australia-fr","9":"product_tag-siemens-fr","10":"product_tag-sold","12":"first","13":"outofstock","14":"shipping-taxable","15":"purchasable","16":"product-type-simple"},"acf":[],"jetpack_sharing_enabled":true,"_links":{"self":[{"href":"https:\/\/everx.com\/fr\/wp-json\/wp\/v2\/product\/40898","targetHints":{"allow":["GET"]}}],"collection":[{"href":"https:\/\/everx.com\/fr\/wp-json\/wp\/v2\/product"}],"about":[{"href":"https:\/\/everx.com\/fr\/wp-json\/wp\/v2\/types\/product"}],"replies":[{"embeddable":true,"href":"https:\/\/everx.com\/fr\/wp-json\/wp\/v2\/comments?post=40898"}],"wp:featuredmedia":[{"embeddable":true,"href":"https:\/\/everx.com\/fr\/wp-json\/wp\/v2\/media\/40899"}],"wp:attachment":[{"href":"https:\/\/everx.com\/fr\/wp-json\/wp\/v2\/media?parent=40898"}],"wp:term":[{"taxonomy":"product_brand","embeddable":true,"href":"https:\/\/everx.com\/fr\/wp-json\/wp\/v2\/product_brand?post=40898"},{"taxonomy":"product_cat","embeddable":true,"href":"https:\/\/everx.com\/fr\/wp-json\/wp\/v2\/product_cat?post=40898"},{"taxonomy":"product_tag","embeddable":true,"href":"https:\/\/everx.com\/fr\/wp-json\/wp\/v2\/product_tag?post=40898"}],"curies":[{"name":"wp","href":"https:\/\/api.w.org\/{rel}","templated":true}]}}