{"id":40885,"date":"2024-11-02T12:59:06","date_gmt":"2024-11-02T12:59:06","guid":{"rendered":"https:\/\/everx.com\/product\/ge-logiq-500-md-1033\/"},"modified":"2025-08-11T05:53:56","modified_gmt":"2025-08-11T05:53:56","slug":"ge-logiq-500-md-1033","status":"publish","type":"product","link":"https:\/\/everx.com\/fr\/product\/ge-logiq-500-md-1033\/","title":{"rendered":"GE Logiq-500 MD &#8211; 1033"},"content":{"rendered":"<p><span style=\"color: #cb2026;\">Ce syst\u00e8me est maintenant vendu. N&rsquo;h\u00e9sitez pas \u00e0 nous contacter si vous \u00eates \u00e0 la recherche d&rsquo;un produit similaire. <\/span><\/p>\n<p>GE Logiq-500 MD d&rsquo;occasion &#8211; services partag\u00e9s<\/p>\n<p>Manufactured: 1998<\/p>\n<p>Probes: C364, S611, S317<\/p>\n","protected":false},"excerpt":{"rendered":"<p>Ce syst\u00e8me est maintenant vendu. N&rsquo;h\u00e9sitez pas \u00e0 nous contacter si vous \u00eates \u00e0 la recherche d&rsquo;un produit similaire. GE Logiq-500 MD d&rsquo;occasion &#8211; services partag\u00e9s Manufactured: 1998 Probes: C364, S611, S317<\/p>\n","protected":false},"featured_media":40886,"comment_status":"open","ping_status":"closed","template":"","meta":{"_acf_changed":false},"product_brand":[],"product_cat":[591],"product_tag":[592,593],"class_list":{"0":"post-40885","1":"product","2":"type-product","3":"status-publish","4":"has-post-thumbnail","6":"product_cat-ultrasound-fr","7":"product_tag-sold-fr","8":"product_tag-ge-fr","9":"product_tag-sold","11":"first","12":"outofstock","13":"shipping-taxable","14":"purchasable","15":"product-type-simple"},"acf":[],"jetpack_sharing_enabled":true,"_links":{"self":[{"href":"https:\/\/everx.com\/fr\/wp-json\/wp\/v2\/product\/40885","targetHints":{"allow":["GET"]}}],"collection":[{"href":"https:\/\/everx.com\/fr\/wp-json\/wp\/v2\/product"}],"about":[{"href":"https:\/\/everx.com\/fr\/wp-json\/wp\/v2\/types\/product"}],"replies":[{"embeddable":true,"href":"https:\/\/everx.com\/fr\/wp-json\/wp\/v2\/comments?post=40885"}],"wp:featuredmedia":[{"embeddable":true,"href":"https:\/\/everx.com\/fr\/wp-json\/wp\/v2\/media\/40886"}],"wp:attachment":[{"href":"https:\/\/everx.com\/fr\/wp-json\/wp\/v2\/media?parent=40885"}],"wp:term":[{"taxonomy":"product_brand","embeddable":true,"href":"https:\/\/everx.com\/fr\/wp-json\/wp\/v2\/product_brand?post=40885"},{"taxonomy":"product_cat","embeddable":true,"href":"https:\/\/everx.com\/fr\/wp-json\/wp\/v2\/product_cat?post=40885"},{"taxonomy":"product_tag","embeddable":true,"href":"https:\/\/everx.com\/fr\/wp-json\/wp\/v2\/product_tag?post=40885"}],"curies":[{"name":"wp","href":"https:\/\/api.w.org\/{rel}","templated":true}]}}