{"id":40717,"date":"2024-11-02T12:59:02","date_gmt":"2024-11-02T12:59:02","guid":{"rendered":"https:\/\/everx.com\/product\/philips-fd20-4315\/"},"modified":"2025-08-11T06:21:41","modified_gmt":"2025-08-11T06:21:41","slug":"philips-fd20-4315","status":"publish","type":"product","link":"https:\/\/everx.com\/fr\/product\/philips-fd20-4315\/","title":{"rendered":"Philips FD20-4315"},"content":{"rendered":"<p><span style=\"color: #cb2026;\"><strong>Ce syst\u00e8me est actuellement vendu. Faites-nous savoir si vous recherchez une machine similaire. <\/strong><\/span><\/p>\n<p><strong>Cath\u00e9ter Philips FD20 d&rsquo;occasion <\/strong><\/p>\n<p>Ann\u00e9e de fabrication 2005<\/p>\n<p><strong><u>Tube fabriqu\u00e9 et chang\u00e9 en 2013<\/u><\/strong><\/p>\n<p><strong><u>Le d\u00e9tecteur a \u00e9t\u00e9 fabriqu\u00e9 en 2006 mais a \u00e9t\u00e9 chang\u00e9 en 2013.<\/u><\/strong><\/p>\n<p>Version du logiciel 2.0<\/p>\n<p>Syst\u00e8me d\u00e9sinstall\u00e9 mi-septembre 2017<\/p>\n<p><strong>Num\u00e9ro de r\u00e9f\u00e9rence EverX A909<\/strong><\/p>\n<p>Disponibilit\u00e9 &#8211; Imm\u00e9diatement<\/p>\n","protected":false},"excerpt":{"rendered":"<p>Ce syst\u00e8me est actuellement vendu. Faites-nous savoir si vous recherchez une machine similaire. Cath\u00e9ter Philips FD20 d&rsquo;occasion Ann\u00e9e de fabrication 2005 Tube fabriqu\u00e9 et chang\u00e9 en 2013 Le d\u00e9tecteur a \u00e9t\u00e9 fabriqu\u00e9 en 2006 mais a \u00e9t\u00e9 chang\u00e9 en 2013. Version du logiciel 2.0 Syst\u00e8me d\u00e9sinstall\u00e9 mi-septembre 2017 Num\u00e9ro de r\u00e9f\u00e9rence EverX A909 Disponibilit\u00e9 &#8211; [&hellip;]<\/p>\n","protected":false},"featured_media":40718,"comment_status":"open","ping_status":"closed","template":"","meta":{"_acf_changed":false},"product_brand":[],"product_cat":[602],"product_tag":[598,592],"class_list":{"0":"post-40717","1":"product","2":"type-product","3":"status-publish","4":"has-post-thumbnail","6":"product_cat-cath-angio-lab-fr","7":"product_tag-philips-fr","8":"product_tag-sold-fr","9":"pa_sku-4315-fr","10":"product_tag-sold","12":"first","13":"outofstock","14":"shipping-taxable","15":"purchasable","16":"product-type-simple"},"acf":[],"jetpack_sharing_enabled":true,"_links":{"self":[{"href":"https:\/\/everx.com\/fr\/wp-json\/wp\/v2\/product\/40717","targetHints":{"allow":["GET"]}}],"collection":[{"href":"https:\/\/everx.com\/fr\/wp-json\/wp\/v2\/product"}],"about":[{"href":"https:\/\/everx.com\/fr\/wp-json\/wp\/v2\/types\/product"}],"replies":[{"embeddable":true,"href":"https:\/\/everx.com\/fr\/wp-json\/wp\/v2\/comments?post=40717"}],"wp:featuredmedia":[{"embeddable":true,"href":"https:\/\/everx.com\/fr\/wp-json\/wp\/v2\/media\/40718"}],"wp:attachment":[{"href":"https:\/\/everx.com\/fr\/wp-json\/wp\/v2\/media?parent=40717"}],"wp:term":[{"taxonomy":"product_brand","embeddable":true,"href":"https:\/\/everx.com\/fr\/wp-json\/wp\/v2\/product_brand?post=40717"},{"taxonomy":"product_cat","embeddable":true,"href":"https:\/\/everx.com\/fr\/wp-json\/wp\/v2\/product_cat?post=40717"},{"taxonomy":"product_tag","embeddable":true,"href":"https:\/\/everx.com\/fr\/wp-json\/wp\/v2\/product_tag?post=40717"}],"curies":[{"name":"wp","href":"https:\/\/api.w.org\/{rel}","templated":true}]}}